{"id":1663,"date":"2022-04-27T17:46:33","date_gmt":"2022-04-27T20:46:33","guid":{"rendered":"https:\/\/www.libertocitybell.com\/?product=los-peligros-de-fumar-en-la-camamariana-enriquez"},"modified":"2023-02-09T20:33:44","modified_gmt":"2023-02-09T23:33:44","slug":"los-peligros-de-fumar-en-la-camamariana-enriquez","status":"publish","type":"product","link":"https:\/\/www.libertocitybell.com\/?product=los-peligros-de-fumar-en-la-camamariana-enriquez","title":{"rendered":"Los peligros de fumar en la cama\nMariana Enriquez"},"content":{"rendered":"<p><strong style=\"font-weight: bold\">Doce cuentos en los que lo terror\u00ed\ufb01co&nbsp;se in\ufb01ltra en lo cotidiano. Doce relatos perturbadores que llevan el g\u00e9nero de terror a una nueva dimensi\u00f3n.<\/strong><\/p>\n<p>Una ni\u00f1a desentierra en el jard\u00edn unos huesos que resultan no ser de un animal; la buc\u00f3lica escena veraniega de unas chicas que se ba\u00f1an en un paraje natural acaba convertida en un infierno de celos de inquietantes consecuencias; un mendigo despreciado siembra la desgracia en un barrio pudiente; Barcelona se transforma en un escenario perturbador, marcado por la culpa y del que es imposible escapar; una presencia fantasmal busca un sacrificio en un balneario; una chica siente una atracci\u00f3n fetichista por los corazones enfermos; un rockero fallecido de un modo atroz recibe un homenaje de sus fans que va m\u00e1s all\u00e1 de lo imaginable; un chico que filma clandestinamente a parejas haciendo el amor y a mujeres con tacones altos caminando por las calles recibe una propuesta que le cambiar\u00e1 la vida.<\/p>\n<p>En los doce soberbios cuentos que componen este volumen Mariana Enriquez despliega todo un repertorio de recursos del relato cl\u00e1sico de terror: apariciones espectrales, brujas, sesiones de espiritismo, grutas, visiones, muertos que vuelven a la vida&#8230; Pero, lejos de proponer una mera revisitaci\u00f3n arqueol\u00f3gica del g\u00e9nero, reelabora ese material con una voz propia y radicalmente moderna. Tirando del hilo de la mejor tradici\u00f3n, la lleva un paso m\u00e1s all\u00e1, con historias que indagan en lo siniestro que se agazapa en lo cotidiano, despliegan un turbio erotismo y crean im\u00e1genes poderos\u00edsimas que dejan una huella indeleble.<\/p>\n","protected":false},"excerpt":{"rendered":"<p>Doce cuentos en los que lo terror\u00ed\ufb01co&nbsp;se in\ufb01ltra en lo cotidiano. Doce relatos perturbadores que llevan el g\u00e9nero de terror a una nueva dimensi\u00f3n. Una ni\u00f1a desentierra en el jard\u00edn unos huesos que resultan no ser de un animal; la buc\u00f3lica escena veraniega de unas chicas que se ba\u00f1an en un paraje natural acaba convertida&hellip;&nbsp;<a href=\"https:\/\/www.libertocitybell.com\/?product=los-peligros-de-fumar-en-la-camamariana-enriquez\" class=\"\" rel=\"bookmark\">Leer m\u00e1s &raquo;<span class=\"screen-reader-text\">Los peligros de fumar en la cama<br \/>\nMariana Enriquez<\/span><\/a><\/p>\n","protected":false},"featured_media":1661,"comment_status":"open","ping_status":"closed","template":"","meta":{"_coblocks_attr":"","_coblocks_dimensions":"","_coblocks_responsive_height":"","_coblocks_accordion_ie_support":"","neve_meta_sidebar":"","neve_meta_container":"","neve_meta_enable_content_width":"","neve_meta_content_width":0,"neve_meta_title_alignment":"","neve_meta_author_avatar":"","neve_post_elements_order":"","neve_meta_disable_header":"","neve_meta_disable_footer":"","neve_meta_disable_title":"","spay_email":"","jetpack_publicize_message":"","jetpack_is_tweetstorm":false,"jetpack_publicize_feature_enabled":true},"product_cat":[21],"product_tag":[],"class_list":{"0":"post-1663","1":"product","2":"type-product","3":"status-publish","4":"has-post-thumbnail","6":"product_cat-narrativa-argentina","8":"first","9":"outofstock","10":"taxable","11":"shipping-taxable","12":"purchasable","13":"product-type-simple"},"jetpack_publicize_connections":[],"_links":{"self":[{"href":"https:\/\/www.libertocitybell.com\/index.php?rest_route=\/wp\/v2\/product\/1663","targetHints":{"allow":["GET"]}}],"collection":[{"href":"https:\/\/www.libertocitybell.com\/index.php?rest_route=\/wp\/v2\/product"}],"about":[{"href":"https:\/\/www.libertocitybell.com\/index.php?rest_route=\/wp\/v2\/types\/product"}],"replies":[{"embeddable":true,"href":"https:\/\/www.libertocitybell.com\/index.php?rest_route=%2Fwp%2Fv2%2Fcomments&post=1663"}],"wp:featuredmedia":[{"embeddable":true,"href":"https:\/\/www.libertocitybell.com\/index.php?rest_route=\/wp\/v2\/media\/1661"}],"wp:attachment":[{"href":"https:\/\/www.libertocitybell.com\/index.php?rest_route=%2Fwp%2Fv2%2Fmedia&parent=1663"}],"wp:term":[{"taxonomy":"product_cat","embeddable":true,"href":"https:\/\/www.libertocitybell.com\/index.php?rest_route=%2Fwp%2Fv2%2Fproduct_cat&post=1663"},{"taxonomy":"product_tag","embeddable":true,"href":"https:\/\/www.libertocitybell.com\/index.php?rest_route=%2Fwp%2Fv2%2Fproduct_tag&post=1663"}],"curies":[{"name":"wp","href":"https:\/\/api.w.org\/{rel}","templated":true}]}}