{"id":1662,"date":"2022-04-27T17:45:35","date_gmt":"2022-04-27T20:45:35","guid":{"rendered":"https:\/\/www.libertocitybell.com\/?product=claus-y-lucas-agota-kristof"},"modified":"2023-02-09T16:20:08","modified_gmt":"2023-02-09T19:20:08","slug":"claus-y-lucas-agota-kristof","status":"publish","type":"product","link":"https:\/\/www.libertocitybell.com\/?product=claus-y-lucas-agota-kristof","title":{"rendered":"Claus y Lucas &#8211; Agota Kristof"},"content":{"rendered":"<p><span style=\"font-family:Lato;font-size:13.6px;font-style:normal;font-weight:400;letter-spacing:normal;text-transform:none;float:none;text-align:left\">En un pa\u00eds en guerra ocupado por un ej\u00e9rcito extranjero, dos hermanos, Claus y Lucas, han sido abandonados por su familia y puestos al cuidado de su abuela, a la que sus vecinos llaman la Bruja. La barbarie del convulso mundo en el que viven les lleva a emular la crueldad que ven en \u00e9l. De una inteligencia superior, ser\u00e1n capaces de utilizar cualquier recurso para sobrevivir, pero una vez asegurada su supervivencia intentar\u00e1n poner remedio a muchas de las dram\u00e1ticas situaciones que les rodean. Los distintos caminos que terminan eligiendo al final de la guerra marcar\u00e1n sus vidas para siempre. Formado por las novelas El gran cuaderno, La prueba y La tercera mentira, el tr\u00edptico Claus y Lucas es un retrato poli\u00e9drico de la complejidad humana, un libro extraordinario sobre los horrores de la guerra y los totalitarismos.<\/span><\/p>\n","protected":false},"excerpt":{"rendered":"<p>En un pa\u00eds en guerra ocupado por un ej\u00e9rcito extranjero, dos hermanos, Claus y Lucas, han sido abandonados por su familia y puestos al cuidado de su abuela, a la que sus vecinos llaman la Bruja. La barbarie del convulso mundo en el que viven les lleva a emular la crueldad que ven en \u00e9l.&hellip;&nbsp;<a href=\"https:\/\/www.libertocitybell.com\/?product=claus-y-lucas-agota-kristof\" class=\"\" rel=\"bookmark\">Leer m\u00e1s &raquo;<span class=\"screen-reader-text\">Claus y Lucas &#8211; Agota Kristof<\/span><\/a><\/p>\n","protected":false},"featured_media":1660,"comment_status":"open","ping_status":"closed","template":"","meta":{"_coblocks_attr":"","_coblocks_dimensions":"","_coblocks_responsive_height":"","_coblocks_accordion_ie_support":"","neve_meta_sidebar":"","neve_meta_container":"","neve_meta_enable_content_width":"","neve_meta_content_width":0,"neve_meta_title_alignment":"","neve_meta_author_avatar":"","neve_post_elements_order":"","neve_meta_disable_header":"","neve_meta_disable_footer":"","neve_meta_disable_title":"","spay_email":"","jetpack_publicize_message":"","jetpack_is_tweetstorm":false,"jetpack_publicize_feature_enabled":true},"product_cat":[20],"product_tag":[],"class_list":{"0":"post-1662","1":"product","2":"type-product","3":"status-publish","4":"has-post-thumbnail","6":"product_cat-narrativa-internacional","8":"first","9":"outofstock","10":"sold-individually","11":"taxable","12":"shipping-taxable","13":"purchasable","14":"product-type-simple"},"jetpack_publicize_connections":[],"_links":{"self":[{"href":"https:\/\/www.libertocitybell.com\/index.php?rest_route=\/wp\/v2\/product\/1662","targetHints":{"allow":["GET"]}}],"collection":[{"href":"https:\/\/www.libertocitybell.com\/index.php?rest_route=\/wp\/v2\/product"}],"about":[{"href":"https:\/\/www.libertocitybell.com\/index.php?rest_route=\/wp\/v2\/types\/product"}],"replies":[{"embeddable":true,"href":"https:\/\/www.libertocitybell.com\/index.php?rest_route=%2Fwp%2Fv2%2Fcomments&post=1662"}],"wp:featuredmedia":[{"embeddable":true,"href":"https:\/\/www.libertocitybell.com\/index.php?rest_route=\/wp\/v2\/media\/1660"}],"wp:attachment":[{"href":"https:\/\/www.libertocitybell.com\/index.php?rest_route=%2Fwp%2Fv2%2Fmedia&parent=1662"}],"wp:term":[{"taxonomy":"product_cat","embeddable":true,"href":"https:\/\/www.libertocitybell.com\/index.php?rest_route=%2Fwp%2Fv2%2Fproduct_cat&post=1662"},{"taxonomy":"product_tag","embeddable":true,"href":"https:\/\/www.libertocitybell.com\/index.php?rest_route=%2Fwp%2Fv2%2Fproduct_tag&post=1662"}],"curies":[{"name":"wp","href":"https:\/\/api.w.org\/{rel}","templated":true}]}}