{"id":1659,"date":"2022-04-27T17:32:58","date_gmt":"2022-04-27T20:32:58","guid":{"rendered":"https:\/\/www.libertocitybell.com\/?product=el-hotel-de-los-animalesjean-garrigue"},"modified":"2023-02-09T16:29:13","modified_gmt":"2023-02-09T19:29:13","slug":"el-hotel-de-los-animalesjean-garrigue","status":"publish","type":"product","link":"https:\/\/www.libertocitybell.com\/?product=el-hotel-de-los-animalesjean-garrigue","title":{"rendered":"El hotel de los animales\nJean Garrigue"},"content":{"rendered":"<p style=\"margin: 20px 0px;padding: 0px;border: 0px;vertical-align: baseline;max-width: 100%;font-family: Lato, sans-serif;font-size: 14px;font-style: normal;font-weight: 400;letter-spacing: normal;text-align: start;text-indent: 0px;text-transform: none;text-decoration: none\">\u201cHab\u00eda una osa que regentaba una peque\u00f1a posada para animales. No eran muchos, solamente alg\u00fan topo, una ardilla listada, un gato, p\u00e1jaros diversos, una oveja y un ciervo. Avispas y abejas, tambi\u00e9n residentes, no contaban, puesto que eran innumerables\u201d: as\u00ed comienza la extraordinaria<span class=\"Apple-converted-space\">&nbsp;<\/span><em style=\"font-style: italic;margin: 0px;padding: 0px;border: 0px;vertical-align: baseline\">El hotel de los animales<\/em>, \u00fanica novela de la gran poeta Jean Garrigue.<\/p>\n<p style=\"margin: 20px 0px;padding: 0px;border: 0px;vertical-align: baseline;max-width: 100%;font-family: Lato, sans-serif;font-size: 14px;font-style: normal;font-weight: 400;letter-spacing: normal;text-align: start;text-indent: 0px;text-transform: none;text-decoration: none\">Jean Garrigue encuentra en la f\u00e1bula el g\u00e9nero literario m\u00e1s adecuado para escribir esta obra maestra, y lo hace de un modo por completo original. Su f\u00f3rmula es la de escribir frases siempre perfectas, con una gran elegancia verbal y un torrente de ingenio inigualable. Di\u00e1fana, fulgurante, impredecible, aut\u00e9ntica maravilla de estilo,<em style=\"font-style: italic;margin: 0px;padding: 0px;border: 0px;vertical-align: baseline\"><span class=\"Apple-converted-space\">&nbsp;<\/span>El hotel de los animales<\/em><span class=\"Apple-converted-space\">&nbsp;<\/span>fluye con gracia y convicci\u00f3n, entonada por una voz po\u00e9tica que no permite dudar jam\u00e1s acerca de lo que cuenta. Su lectura prodiga el extra\u00f1o hechizo de estar frente a una milagrosa inspiraci\u00f3n. Bienvenidos a esta novela deslumbrante.<\/p>\n","protected":false},"excerpt":{"rendered":"<p>\u201cHab\u00eda una osa que regentaba una peque\u00f1a posada para animales. No eran muchos, solamente alg\u00fan topo, una ardilla listada, un gato, p\u00e1jaros diversos, una oveja y un ciervo. Avispas y abejas, tambi\u00e9n residentes, no contaban, puesto que eran innumerables\u201d: as\u00ed comienza la extraordinaria&nbsp;El hotel de los animales, \u00fanica novela de la gran poeta Jean Garrigue.&hellip;&nbsp;<a href=\"https:\/\/www.libertocitybell.com\/?product=el-hotel-de-los-animalesjean-garrigue\" class=\"\" rel=\"bookmark\">Leer m\u00e1s &raquo;<span class=\"screen-reader-text\">El hotel de los animales<br \/>\nJean Garrigue<\/span><\/a><\/p>\n","protected":false},"featured_media":1656,"comment_status":"open","ping_status":"closed","template":"","meta":{"_coblocks_attr":"","_coblocks_dimensions":"","_coblocks_responsive_height":"","_coblocks_accordion_ie_support":"","neve_meta_sidebar":"","neve_meta_container":"","neve_meta_enable_content_width":"","neve_meta_content_width":0,"neve_meta_title_alignment":"","neve_meta_author_avatar":"","neve_post_elements_order":"","neve_meta_disable_header":"","neve_meta_disable_footer":"","neve_meta_disable_title":"","spay_email":"","jetpack_publicize_message":"","jetpack_is_tweetstorm":false,"jetpack_publicize_feature_enabled":true},"product_cat":[20],"product_tag":[],"class_list":{"0":"post-1659","1":"product","2":"type-product","3":"status-publish","4":"has-post-thumbnail","6":"product_cat-narrativa-internacional","8":"first","9":"outofstock","10":"taxable","11":"shipping-taxable","12":"purchasable","13":"product-type-simple"},"jetpack_publicize_connections":[],"_links":{"self":[{"href":"https:\/\/www.libertocitybell.com\/index.php?rest_route=\/wp\/v2\/product\/1659","targetHints":{"allow":["GET"]}}],"collection":[{"href":"https:\/\/www.libertocitybell.com\/index.php?rest_route=\/wp\/v2\/product"}],"about":[{"href":"https:\/\/www.libertocitybell.com\/index.php?rest_route=\/wp\/v2\/types\/product"}],"replies":[{"embeddable":true,"href":"https:\/\/www.libertocitybell.com\/index.php?rest_route=%2Fwp%2Fv2%2Fcomments&post=1659"}],"wp:featuredmedia":[{"embeddable":true,"href":"https:\/\/www.libertocitybell.com\/index.php?rest_route=\/wp\/v2\/media\/1656"}],"wp:attachment":[{"href":"https:\/\/www.libertocitybell.com\/index.php?rest_route=%2Fwp%2Fv2%2Fmedia&parent=1659"}],"wp:term":[{"taxonomy":"product_cat","embeddable":true,"href":"https:\/\/www.libertocitybell.com\/index.php?rest_route=%2Fwp%2Fv2%2Fproduct_cat&post=1659"},{"taxonomy":"product_tag","embeddable":true,"href":"https:\/\/www.libertocitybell.com\/index.php?rest_route=%2Fwp%2Fv2%2Fproduct_tag&post=1659"}],"curies":[{"name":"wp","href":"https:\/\/api.w.org\/{rel}","templated":true}]}}