{"id":1655,"date":"2022-04-27T17:17:19","date_gmt":"2022-04-27T20:17:19","guid":{"rendered":"https:\/\/www.libertocitybell.com\/?product=correspondenciavictoria-ocampo-virginia-wolf"},"modified":"2023-02-09T16:20:41","modified_gmt":"2023-02-09T19:20:41","slug":"correspondenciavictoria-ocampo-virginia-wolf","status":"publish","type":"product","link":"https:\/\/www.libertocitybell.com\/?product=correspondenciavictoria-ocampo-virginia-wolf","title":{"rendered":"Correspondencia\nVictoria Ocampo &#8211; Virginia Wolf"},"content":{"rendered":"<p><span style=\"font-family: Raleway, sans-serif;font-size: 14px;font-style: normal;font-weight: 400;letter-spacing: normal;text-align: start;text-indent: 0px;text-transform: none;text-decoration: none;float: none\">Victoria Ocampo y Virginia Woolf se conocieron en Londres a fines de 1934, en una muestra del fot\u00f3grafo Man Ray. Woolf era ya una autora consagrada internacionalmente y Ocampo buscaba hacerse un lugar en el muy masculino campo intelectual argentino. Victoria narrar\u00e1 este encuentro recurrentemente y en distintas versiones, d\u00e1ndole forma a su propio mito acerca del origen de esa amistad: &#8220;Yo la mir\u00e9 con admiraci\u00f3n. Ella me mir\u00f3 con curiosidad. Tanta curiosidad por una parte y admiraci\u00f3n por la otra, que enseguida me invit\u00f3 a su casa&#8221;. A partir de entonces, comenz\u00f3 entre ellas un v\u00ednculo a la vez cultural y afectivo que se fue construyendo sobre un nutrido intercambio epistolar: Virginia y Victoria se vieron en persona tan solo tres veces.<\/span><\/p>\n<p><span style=\"font-family: Raleway, sans-serif;font-size: 14px;font-style: normal;font-weight: 400;letter-spacing: normal;text-align: start;text-indent: 0px;text-transform: none;text-decoration: none;float: none\">Sus cartas, reunidas por primera vez en este libro, no solo nos dejan entrever c\u00f3mo se imaginan estas dos escritoras, la una a la otra, a trav\u00e9s de las m\u00faltiples distancias que las separan o c\u00f3mo se vive la incertidumbre de la guerra. Estas cartas nos permiten, adem\u00e1s, conocer su trabajo como editoras y agentes culturales: entre otras cosas, podemos rastrear en ellas la decisi\u00f3n de publicar en espa\u00f1ol, ya en 1936, un texto tan significativo para la historia del feminismo como lo es Un cuarto propio.<\/span><\/p>\n<p><span style=\"font-family: Raleway, sans-serif;font-size: 14px;font-style: normal;font-weight: 400;letter-spacing: normal;text-align: start;text-indent: 0px;text-transform: none;text-decoration: none;float: none\">La muerte de Woolf en 1941 no debilitar\u00e1 la importancia del v\u00ednculo, sus resonancias y sus efectos: veinte a\u00f1os m\u00e1s tarde Ocampo volver\u00e1 sobre ellos en el ensayo Virginia Woolf en su diario publicado por Sur en 1954, y que aqu\u00ed acompa\u00f1a su correspondencia. La presente edici\u00f3n incluye tambi\u00e9n algunos originales in\u00e9ditos de ambas escritoras en versi\u00f3n facsimilar<\/span><\/p>\n","protected":false},"excerpt":{"rendered":"<p>Victoria Ocampo y Virginia Woolf se conocieron en Londres a fines de 1934, en una muestra del fot\u00f3grafo Man Ray. Woolf era ya una autora consagrada internacionalmente y Ocampo buscaba hacerse un lugar en el muy masculino campo intelectual argentino. Victoria narrar\u00e1 este encuentro recurrentemente y en distintas versiones, d\u00e1ndole forma a su propio mito&hellip;&nbsp;<a href=\"https:\/\/www.libertocitybell.com\/?product=correspondenciavictoria-ocampo-virginia-wolf\" class=\"\" rel=\"bookmark\">Leer m\u00e1s &raquo;<span class=\"screen-reader-text\">Correspondencia<br \/>\nVictoria Ocampo &#8211; Virginia Wolf<\/span><\/a><\/p>\n","protected":false},"featured_media":1654,"comment_status":"open","ping_status":"closed","template":"","meta":{"_coblocks_attr":"","_coblocks_dimensions":"","_coblocks_responsive_height":"","_coblocks_accordion_ie_support":"","neve_meta_sidebar":"","neve_meta_container":"","neve_meta_enable_content_width":"","neve_meta_content_width":0,"neve_meta_title_alignment":"","neve_meta_author_avatar":"","neve_post_elements_order":"","neve_meta_disable_header":"","neve_meta_disable_footer":"","neve_meta_disable_title":"","spay_email":"","jetpack_publicize_message":"","jetpack_is_tweetstorm":false,"jetpack_publicize_feature_enabled":true},"product_cat":[39],"product_tag":[],"class_list":{"0":"post-1655","1":"product","2":"type-product","3":"status-publish","4":"has-post-thumbnail","6":"product_cat-agendas","8":"first","9":"outofstock","10":"taxable","11":"shipping-taxable","12":"purchasable","13":"product-type-simple"},"jetpack_publicize_connections":[],"_links":{"self":[{"href":"https:\/\/www.libertocitybell.com\/index.php?rest_route=\/wp\/v2\/product\/1655","targetHints":{"allow":["GET"]}}],"collection":[{"href":"https:\/\/www.libertocitybell.com\/index.php?rest_route=\/wp\/v2\/product"}],"about":[{"href":"https:\/\/www.libertocitybell.com\/index.php?rest_route=\/wp\/v2\/types\/product"}],"replies":[{"embeddable":true,"href":"https:\/\/www.libertocitybell.com\/index.php?rest_route=%2Fwp%2Fv2%2Fcomments&post=1655"}],"wp:featuredmedia":[{"embeddable":true,"href":"https:\/\/www.libertocitybell.com\/index.php?rest_route=\/wp\/v2\/media\/1654"}],"wp:attachment":[{"href":"https:\/\/www.libertocitybell.com\/index.php?rest_route=%2Fwp%2Fv2%2Fmedia&parent=1655"}],"wp:term":[{"taxonomy":"product_cat","embeddable":true,"href":"https:\/\/www.libertocitybell.com\/index.php?rest_route=%2Fwp%2Fv2%2Fproduct_cat&post=1655"},{"taxonomy":"product_tag","embeddable":true,"href":"https:\/\/www.libertocitybell.com\/index.php?rest_route=%2Fwp%2Fv2%2Fproduct_tag&post=1655"}],"curies":[{"name":"wp","href":"https:\/\/api.w.org\/{rel}","templated":true}]}}