{"id":1653,"date":"2022-04-27T17:07:18","date_gmt":"2022-04-27T20:07:18","guid":{"rendered":"https:\/\/www.libertocitybell.com\/?product=el-espectador-emancipado-jacques-ranciere"},"modified":"2023-02-09T16:27:44","modified_gmt":"2023-02-09T19:27:44","slug":"el-espectador-emancipado-jacques-ranciere","status":"publish","type":"product","link":"https:\/\/www.libertocitybell.com\/?product=el-espectador-emancipado-jacques-ranciere","title":{"rendered":"El espectador emancipado &#8211; Jacques Ranci\u00e9re"},"content":{"rendered":"<p><span style=\"font-family:Lato;font-size:13.6px;font-style:normal;font-weight:400;letter-spacing:normal;text-transform:none;float:none;text-align:left\">&#8220;Aquel que ve no sabe ver&#8221;: esta presuposici\u00f3n atraviesa nuestra historia, de la caverna plat\u00f3nica a la denuncia de la sociedad del espect\u00e1culo. Es com\u00fan al fil\u00f3sofo que quiere que cada uno ocupe su lugar y a los revolucionarios que quieren arrancar a los dominados de las ilusiones que los mantienen en ese estado.Algunos emplean explicaciones sutiles o instalaciones espectaculares para mostrar a los ciegos lo que estos no ven. Otros quieren cortar el mal de ra\u00edz, transformando el espect\u00e1culo en acci\u00f3n y al espectador en hombre que act\u00faa.Los estudios reunidos aqu\u00ed oponen a esas dos estrategias una hip\u00f3tesis simple: el hecho de ver no implica ninguna debilidad; la transformaci\u00f3n en espectadores de quienes estaban destinados a las coacciones y a las jerarqu\u00edas de la acci\u00f3n pudo contribuir a conmover las posiciones sociales, y la denuncia del hombre alienado por el exceso de im\u00e1genes fue de entrada la respuesta del orden dominante a ese desorden. La emancipaci\u00f3n del espectador es entonces la afirmaci\u00f3n de su capacidad de ver lo que \u00e9l ve y de saber qu\u00e9 pensar y qu\u00e9 hacer con ello.Al examinar algunas formas y debates del arte contempor\u00e1neo, este libro intenta responder a las preguntas: \u00bfqu\u00e9 entender por arte pol\u00edtico o pol\u00edtica del arte? \u00bfC\u00f3mo nos situamos respecto a la tradici\u00f3n del arte cr\u00edtico y del deseo de incluir el arte en la vida? \u00bfC\u00f3mo la cr\u00edtica militante de la mercanc\u00eda y de la imagen devino la afirmaci\u00f3n melanc\u00f3lica de su omnipotencia o la denuncia reaccionaria del &#8220;hombre democr\u00e1tico&#8221;<\/span><\/p>\n","protected":false},"excerpt":{"rendered":"<p>&#8220;Aquel que ve no sabe ver&#8221;: esta presuposici\u00f3n atraviesa nuestra historia, de la caverna plat\u00f3nica a la denuncia de la sociedad del espect\u00e1culo. Es com\u00fan al fil\u00f3sofo que quiere que cada uno ocupe su lugar y a los revolucionarios que quieren arrancar a los dominados de las ilusiones que los mantienen en ese estado.Algunos emplean&hellip;&nbsp;<a href=\"https:\/\/www.libertocitybell.com\/?product=el-espectador-emancipado-jacques-ranciere\" class=\"\" rel=\"bookmark\">Leer m\u00e1s &raquo;<span class=\"screen-reader-text\">El espectador emancipado &#8211; Jacques Ranci\u00e9re<\/span><\/a><\/p>\n","protected":false},"featured_media":1650,"comment_status":"open","ping_status":"closed","template":"","meta":{"_coblocks_attr":"","_coblocks_dimensions":"","_coblocks_responsive_height":"","_coblocks_accordion_ie_support":"","neve_meta_sidebar":"","neve_meta_container":"","neve_meta_enable_content_width":"","neve_meta_content_width":0,"neve_meta_title_alignment":"","neve_meta_author_avatar":"","neve_post_elements_order":"","neve_meta_disable_header":"","neve_meta_disable_footer":"","neve_meta_disable_title":"","spay_email":"","jetpack_publicize_message":"","jetpack_is_tweetstorm":false,"jetpack_publicize_feature_enabled":true},"product_cat":[51,49],"product_tag":[],"class_list":{"0":"post-1653","1":"product","2":"type-product","3":"status-publish","4":"has-post-thumbnail","6":"product_cat-ensayo","7":"product_cat-filosofia","9":"first","10":"outofstock","11":"sold-individually","12":"taxable","13":"shipping-taxable","14":"purchasable","15":"product-type-simple"},"jetpack_publicize_connections":[],"_links":{"self":[{"href":"https:\/\/www.libertocitybell.com\/index.php?rest_route=\/wp\/v2\/product\/1653","targetHints":{"allow":["GET"]}}],"collection":[{"href":"https:\/\/www.libertocitybell.com\/index.php?rest_route=\/wp\/v2\/product"}],"about":[{"href":"https:\/\/www.libertocitybell.com\/index.php?rest_route=\/wp\/v2\/types\/product"}],"replies":[{"embeddable":true,"href":"https:\/\/www.libertocitybell.com\/index.php?rest_route=%2Fwp%2Fv2%2Fcomments&post=1653"}],"wp:featuredmedia":[{"embeddable":true,"href":"https:\/\/www.libertocitybell.com\/index.php?rest_route=\/wp\/v2\/media\/1650"}],"wp:attachment":[{"href":"https:\/\/www.libertocitybell.com\/index.php?rest_route=%2Fwp%2Fv2%2Fmedia&parent=1653"}],"wp:term":[{"taxonomy":"product_cat","embeddable":true,"href":"https:\/\/www.libertocitybell.com\/index.php?rest_route=%2Fwp%2Fv2%2Fproduct_cat&post=1653"},{"taxonomy":"product_tag","embeddable":true,"href":"https:\/\/www.libertocitybell.com\/index.php?rest_route=%2Fwp%2Fv2%2Fproduct_tag&post=1653"}],"curies":[{"name":"wp","href":"https:\/\/api.w.org\/{rel}","templated":true}]}}