{"id":1652,"date":"2022-04-27T17:04:00","date_gmt":"2022-04-27T20:04:00","guid":{"rendered":"https:\/\/www.libertocitybell.com\/?product=alguien-a-quien-contarle-todo-joana-dalessio"},"modified":"2023-02-09T16:15:38","modified_gmt":"2023-02-09T19:15:38","slug":"alguien-a-quien-contarle-todo-joana-dalessio","status":"publish","type":"product","link":"https:\/\/www.libertocitybell.com\/?product=alguien-a-quien-contarle-todo-joana-dalessio","title":{"rendered":"Alguien a quien contarle todo \nJoana D\u2019Alessio"},"content":{"rendered":"<p><span style=\"font-family: Arial, Helvetica, sans-serif;font-size: 13px;font-style: normal;font-weight: 400;letter-spacing: normal;text-align: left;text-indent: 0px;text-transform: none;text-decoration: none;float: none\">Cuales son los momentos que determinan el curso de una vida? Alguien a quien contarle todo es un libro de relatos entrelazados que funcionan como una novela rota. Es, tambi\u00e9n, una indagaci\u00f3n sobre la familia y la pareja. Las escenas y las im\u00e1genes se suceden como en una pel\u00edcula, empujadas por una prosa feroz y musical: un matrimonio a punto de quebrarse, unas vacaciones familiares en la playa que se vuelven un infierno, un diagn\u00f3stico grave y repentino, la ciudad sacudida por una corrida bancaria y dos personas unidas solo por el sexo.<\/span><\/p>\n","protected":false},"excerpt":{"rendered":"<p>Cuales son los momentos que determinan el curso de una vida? Alguien a quien contarle todo es un libro de relatos entrelazados que funcionan como una novela rota. Es, tambi\u00e9n, una indagaci\u00f3n sobre la familia y la pareja. Las escenas y las im\u00e1genes se suceden como en una pel\u00edcula, empujadas por una prosa feroz y&hellip;&nbsp;<a href=\"https:\/\/www.libertocitybell.com\/?product=alguien-a-quien-contarle-todo-joana-dalessio\" class=\"\" rel=\"bookmark\">Leer m\u00e1s &raquo;<span class=\"screen-reader-text\">Alguien a quien contarle todo<br \/>\nJoana D\u2019Alessio<\/span><\/a><\/p>\n","protected":false},"featured_media":1651,"comment_status":"open","ping_status":"closed","template":"","meta":{"_coblocks_attr":"","_coblocks_dimensions":"","_coblocks_responsive_height":"","_coblocks_accordion_ie_support":"","neve_meta_sidebar":"","neve_meta_container":"","neve_meta_enable_content_width":"","neve_meta_content_width":0,"neve_meta_title_alignment":"","neve_meta_author_avatar":"","neve_post_elements_order":"","neve_meta_disable_header":"","neve_meta_disable_footer":"","neve_meta_disable_title":"","spay_email":"","jetpack_publicize_message":"","jetpack_is_tweetstorm":false,"jetpack_publicize_feature_enabled":true},"product_cat":[22],"product_tag":[],"class_list":{"0":"post-1652","1":"product","2":"type-product","3":"status-publish","4":"has-post-thumbnail","6":"product_cat-narrativa-latinoamericana","8":"first","9":"outofstock","10":"taxable","11":"shipping-taxable","12":"purchasable","13":"product-type-simple"},"jetpack_publicize_connections":[],"_links":{"self":[{"href":"https:\/\/www.libertocitybell.com\/index.php?rest_route=\/wp\/v2\/product\/1652","targetHints":{"allow":["GET"]}}],"collection":[{"href":"https:\/\/www.libertocitybell.com\/index.php?rest_route=\/wp\/v2\/product"}],"about":[{"href":"https:\/\/www.libertocitybell.com\/index.php?rest_route=\/wp\/v2\/types\/product"}],"replies":[{"embeddable":true,"href":"https:\/\/www.libertocitybell.com\/index.php?rest_route=%2Fwp%2Fv2%2Fcomments&post=1652"}],"wp:featuredmedia":[{"embeddable":true,"href":"https:\/\/www.libertocitybell.com\/index.php?rest_route=\/wp\/v2\/media\/1651"}],"wp:attachment":[{"href":"https:\/\/www.libertocitybell.com\/index.php?rest_route=%2Fwp%2Fv2%2Fmedia&parent=1652"}],"wp:term":[{"taxonomy":"product_cat","embeddable":true,"href":"https:\/\/www.libertocitybell.com\/index.php?rest_route=%2Fwp%2Fv2%2Fproduct_cat&post=1652"},{"taxonomy":"product_tag","embeddable":true,"href":"https:\/\/www.libertocitybell.com\/index.php?rest_route=%2Fwp%2Fv2%2Fproduct_tag&post=1652"}],"curies":[{"name":"wp","href":"https:\/\/api.w.org\/{rel}","templated":true}]}}