{"id":1635,"date":"2022-04-27T16:34:24","date_gmt":"2022-04-27T19:34:24","guid":{"rendered":"https:\/\/www.libertocitybell.com\/?product=mujeres-eduardo-galeano"},"modified":"2023-02-09T20:35:49","modified_gmt":"2023-02-09T23:35:49","slug":"mujeres-eduardo-galeano","status":"publish","type":"product","link":"https:\/\/www.libertocitybell.com\/?product=mujeres-eduardo-galeano","title":{"rendered":"Mujeres \nEduardo Galeano"},"content":{"rendered":"<p style=\"margin-top: 0px;line-height: 22px;font-family: Lato, sans-serif;font-size: 14px;font-style: normal;font-weight: 400;letter-spacing: normal;text-align: start;text-indent: 0px;text-transform: none;text-decoration: none\">Mujeres protagonistas de la historia y mujeres borradas de ella; mujeres que sue\u00f1an y mujeres castigadas por so\u00f1ar; mujeres que sobreviven y mujeres que nos ayudan a sobrevivir. Las mujeres que atraviesan los relatos de Eduardo Galeano conmueven por su determinaci\u00f3n, su desobediencia constante, y tambi\u00e9n por su fragilidad. Sus historias resuenan en las de tantas mujeres de hoy que, an\u00f3nimas pero cada vez m\u00e1s visibles, encarnan las m\u00e1s variadas formas de la lucha por la igualdad de derechos.<\/p>\n<p style=\"margin-top: 0px;line-height: 22px;font-family: Lato, sans-serif;font-size: 14px;font-style: normal;font-weight: 400;letter-spacing: normal;text-align: start;text-indent: 0px;text-transform: none;text-decoration: none\">En este libro, Galeano cuenta la intensidad de personajes femeninos tensionados por el peso de una causa, como Juana de Arco, Rosa Luxemburgo, Rigoberta Mench\u00fa, Eva Per\u00f3n o las Madres de Plaza de Mayo; por su propia hermosura o talento, como Marilyn Monroe o Rita Hayworth, Frida Kahlo o Alfonsina Storni. Pero tambi\u00e9n cuenta las haza\u00f1as colectivas de mujeres an\u00f3nimas: las que lucharon en la Comuna de Par\u00eds, las que llenan con sus cantos los templos africanos de Bah\u00eda, las que \u2013en un prost\u00edbulo de la Patagonia argentina\u2013 se negaron a atender a los soldados que hab\u00edan reprimido a los obreros.<\/p>\n","protected":false},"excerpt":{"rendered":"<p>Mujeres protagonistas de la historia y mujeres borradas de ella; mujeres que sue\u00f1an y mujeres castigadas por so\u00f1ar; mujeres que sobreviven y mujeres que nos ayudan a sobrevivir. Las mujeres que atraviesan los relatos de Eduardo Galeano conmueven por su determinaci\u00f3n, su desobediencia constante, y tambi\u00e9n por su fragilidad. Sus historias resuenan en las de&hellip;&nbsp;<a href=\"https:\/\/www.libertocitybell.com\/?product=mujeres-eduardo-galeano\" class=\"\" rel=\"bookmark\">Leer m\u00e1s &raquo;<span class=\"screen-reader-text\">Mujeres<br \/>\nEduardo Galeano<\/span><\/a><\/p>\n","protected":false},"featured_media":1634,"comment_status":"open","ping_status":"closed","template":"","meta":{"_coblocks_attr":"","_coblocks_dimensions":"","_coblocks_responsive_height":"","_coblocks_accordion_ie_support":"","neve_meta_sidebar":"","neve_meta_container":"","neve_meta_enable_content_width":"","neve_meta_content_width":0,"neve_meta_title_alignment":"","neve_meta_author_avatar":"","neve_post_elements_order":"","neve_meta_disable_header":"","neve_meta_disable_footer":"","neve_meta_disable_title":"","spay_email":"","jetpack_publicize_message":"","jetpack_is_tweetstorm":false,"jetpack_publicize_feature_enabled":true},"product_cat":[22],"product_tag":[],"class_list":{"0":"post-1635","1":"product","2":"type-product","3":"status-publish","4":"has-post-thumbnail","6":"product_cat-narrativa-latinoamericana","8":"first","9":"outofstock","10":"taxable","11":"shipping-taxable","12":"purchasable","13":"product-type-simple"},"jetpack_publicize_connections":[],"_links":{"self":[{"href":"https:\/\/www.libertocitybell.com\/index.php?rest_route=\/wp\/v2\/product\/1635","targetHints":{"allow":["GET"]}}],"collection":[{"href":"https:\/\/www.libertocitybell.com\/index.php?rest_route=\/wp\/v2\/product"}],"about":[{"href":"https:\/\/www.libertocitybell.com\/index.php?rest_route=\/wp\/v2\/types\/product"}],"replies":[{"embeddable":true,"href":"https:\/\/www.libertocitybell.com\/index.php?rest_route=%2Fwp%2Fv2%2Fcomments&post=1635"}],"wp:featuredmedia":[{"embeddable":true,"href":"https:\/\/www.libertocitybell.com\/index.php?rest_route=\/wp\/v2\/media\/1634"}],"wp:attachment":[{"href":"https:\/\/www.libertocitybell.com\/index.php?rest_route=%2Fwp%2Fv2%2Fmedia&parent=1635"}],"wp:term":[{"taxonomy":"product_cat","embeddable":true,"href":"https:\/\/www.libertocitybell.com\/index.php?rest_route=%2Fwp%2Fv2%2Fproduct_cat&post=1635"},{"taxonomy":"product_tag","embeddable":true,"href":"https:\/\/www.libertocitybell.com\/index.php?rest_route=%2Fwp%2Fv2%2Fproduct_tag&post=1635"}],"curies":[{"name":"wp","href":"https:\/\/api.w.org\/{rel}","templated":true}]}}