{"id":1632,"date":"2022-04-27T16:29:54","date_gmt":"2022-04-27T19:29:54","guid":{"rendered":"https:\/\/www.libertocitybell.com\/?product=lecturas-feministasgabriela-borrelli-azara"},"modified":"2023-01-06T16:06:31","modified_gmt":"2023-01-06T19:06:31","slug":"lecturas-feministasgabriela-borrelli-azara","status":"publish","type":"product","link":"https:\/\/www.libertocitybell.com\/?product=lecturas-feministasgabriela-borrelli-azara","title":{"rendered":"Lecturas Feministas\nGabriela Borrelli Azara"},"content":{"rendered":"<p><span style=\"font-family: function_pro, sans-serif;font-size: 14px;font-style: normal;font-weight: 400;letter-spacing: normal;text-align: start;text-indent: 0px;text-transform: none;text-decoration: none;float: none\">Lecturas feministas\u201d nace como un cl\u00e1sico, como un manual sobre escritoras feministas del mundo, de nuestra regi\u00f3n y de Argentina, que nos trae adem\u00e1s una buena noticia: hay presente y futuro porque hay un pasado luminoso para descubrir.<\/span><\/p>\n","protected":false},"excerpt":{"rendered":"<p>Lecturas feministas\u201d nace como un cl\u00e1sico, como un manual sobre escritoras feministas del mundo, de nuestra regi\u00f3n y de Argentina, que nos trae adem\u00e1s una buena noticia: hay presente y futuro porque hay un pasado luminoso para descubrir.<\/p>\n","protected":false},"featured_media":1631,"comment_status":"open","ping_status":"closed","template":"","meta":{"_coblocks_attr":"","_coblocks_dimensions":"","_coblocks_responsive_height":"","_coblocks_accordion_ie_support":"","neve_meta_sidebar":"","neve_meta_container":"","neve_meta_enable_content_width":"","neve_meta_content_width":0,"neve_meta_title_alignment":"","neve_meta_author_avatar":"","neve_post_elements_order":"","neve_meta_disable_header":"","neve_meta_disable_footer":"","neve_meta_disable_title":"","spay_email":"","jetpack_publicize_message":"","jetpack_is_tweetstorm":false,"jetpack_publicize_feature_enabled":true},"product_cat":[23],"product_tag":[],"class_list":{"0":"post-1632","1":"product","2":"type-product","3":"status-publish","4":"has-post-thumbnail","6":"product_cat-feminismo","8":"first","9":"outofstock","10":"taxable","11":"shipping-taxable","12":"purchasable","13":"product-type-simple"},"jetpack_publicize_connections":[],"_links":{"self":[{"href":"https:\/\/www.libertocitybell.com\/index.php?rest_route=\/wp\/v2\/product\/1632","targetHints":{"allow":["GET"]}}],"collection":[{"href":"https:\/\/www.libertocitybell.com\/index.php?rest_route=\/wp\/v2\/product"}],"about":[{"href":"https:\/\/www.libertocitybell.com\/index.php?rest_route=\/wp\/v2\/types\/product"}],"replies":[{"embeddable":true,"href":"https:\/\/www.libertocitybell.com\/index.php?rest_route=%2Fwp%2Fv2%2Fcomments&post=1632"}],"wp:featuredmedia":[{"embeddable":true,"href":"https:\/\/www.libertocitybell.com\/index.php?rest_route=\/wp\/v2\/media\/1631"}],"wp:attachment":[{"href":"https:\/\/www.libertocitybell.com\/index.php?rest_route=%2Fwp%2Fv2%2Fmedia&parent=1632"}],"wp:term":[{"taxonomy":"product_cat","embeddable":true,"href":"https:\/\/www.libertocitybell.com\/index.php?rest_route=%2Fwp%2Fv2%2Fproduct_cat&post=1632"},{"taxonomy":"product_tag","embeddable":true,"href":"https:\/\/www.libertocitybell.com\/index.php?rest_route=%2Fwp%2Fv2%2Fproduct_tag&post=1632"}],"curies":[{"name":"wp","href":"https:\/\/api.w.org\/{rel}","templated":true}]}}