{"id":1630,"date":"2022-04-27T16:26:46","date_gmt":"2022-04-27T19:26:46","guid":{"rendered":"https:\/\/www.libertocitybell.com\/?product=ovejassebastian-avila"},"modified":"2023-02-09T20:43:20","modified_gmt":"2023-02-09T23:43:20","slug":"ovejassebastian-avila","status":"publish","type":"product","link":"https:\/\/www.libertocitybell.com\/?product=ovejassebastian-avila","title":{"rendered":"Ovejas\nSebasti\u00e1n Avila"},"content":{"rendered":"<p>Novela ganadora del Premio Futurock Novela 2021 elegida entre 589 originales por un jurado formado por Claudia Pi\u00f1eiro, Fabi\u00e1n Casas y Sergio Bizzio.<\/p>\n<p>\u201cOvejas est\u00e1 situada en un faro en las islas Malvinas y narra el devenir de una patrulla perdida en circunstancias que no quedan del todo claras. Es una de las novelas sobre Malvinas que m\u00e1s me ha emocionado porque hay mucha verdad en sus personajes. La inquietud es permanente y trabaja sobre situaciones extra\u00f1as que, sin embargo, pueden haber sucedido perfectamente, porque lo que pas\u00f3 durante la guerra es algo que desconocemos, que se nos neg\u00f3 y que, por lo tanto, gener\u00f3 fantas\u00edas.\u201d<br \/>\nClaudia Pi\u00f1eiro.<\/p>\n","protected":false},"excerpt":{"rendered":"<p>Novela ganadora del Premio Futurock Novela 2021 elegida entre 589 originales por un jurado formado por Claudia Pi\u00f1eiro, Fabi\u00e1n Casas y Sergio Bizzio. \u201cOvejas est\u00e1 situada en un faro en las islas Malvinas y narra el devenir de una patrulla perdida en circunstancias que no quedan del todo claras. Es una de las novelas sobre&hellip;&nbsp;<a href=\"https:\/\/www.libertocitybell.com\/?product=ovejassebastian-avila\" class=\"\" rel=\"bookmark\">Leer m\u00e1s &raquo;<span class=\"screen-reader-text\">Ovejas<br \/>\nSebasti\u00e1n Avila<\/span><\/a><\/p>\n","protected":false},"featured_media":1628,"comment_status":"open","ping_status":"closed","template":"","meta":{"_coblocks_attr":"","_coblocks_dimensions":"","_coblocks_responsive_height":"","_coblocks_accordion_ie_support":"","neve_meta_sidebar":"","neve_meta_container":"","neve_meta_enable_content_width":"","neve_meta_content_width":0,"neve_meta_title_alignment":"","neve_meta_author_avatar":"","neve_post_elements_order":"","neve_meta_disable_header":"","neve_meta_disable_footer":"","neve_meta_disable_title":"","spay_email":"","jetpack_publicize_message":"","jetpack_is_tweetstorm":false,"jetpack_publicize_feature_enabled":true},"product_cat":[21],"product_tag":[],"class_list":{"0":"post-1630","1":"product","2":"type-product","3":"status-publish","4":"has-post-thumbnail","6":"product_cat-narrativa-argentina","8":"first","9":"outofstock","10":"taxable","11":"shipping-taxable","12":"purchasable","13":"product-type-simple"},"jetpack_publicize_connections":[],"_links":{"self":[{"href":"https:\/\/www.libertocitybell.com\/index.php?rest_route=\/wp\/v2\/product\/1630","targetHints":{"allow":["GET"]}}],"collection":[{"href":"https:\/\/www.libertocitybell.com\/index.php?rest_route=\/wp\/v2\/product"}],"about":[{"href":"https:\/\/www.libertocitybell.com\/index.php?rest_route=\/wp\/v2\/types\/product"}],"replies":[{"embeddable":true,"href":"https:\/\/www.libertocitybell.com\/index.php?rest_route=%2Fwp%2Fv2%2Fcomments&post=1630"}],"wp:featuredmedia":[{"embeddable":true,"href":"https:\/\/www.libertocitybell.com\/index.php?rest_route=\/wp\/v2\/media\/1628"}],"wp:attachment":[{"href":"https:\/\/www.libertocitybell.com\/index.php?rest_route=%2Fwp%2Fv2%2Fmedia&parent=1630"}],"wp:term":[{"taxonomy":"product_cat","embeddable":true,"href":"https:\/\/www.libertocitybell.com\/index.php?rest_route=%2Fwp%2Fv2%2Fproduct_cat&post=1630"},{"taxonomy":"product_tag","embeddable":true,"href":"https:\/\/www.libertocitybell.com\/index.php?rest_route=%2Fwp%2Fv2%2Fproduct_tag&post=1630"}],"curies":[{"name":"wp","href":"https:\/\/api.w.org\/{rel}","templated":true}]}}