{"id":163,"date":"2020-10-05T16:52:52","date_gmt":"2020-10-05T19:52:52","guid":{"rendered":"http:\/\/www.libertocitybell.com\/?post_type=product&#038;p=163"},"modified":"2023-02-09T20:07:58","modified_gmt":"2023-02-09T23:07:58","slug":"en-el-camino-jack-kerouac","status":"publish","type":"product","link":"https:\/\/www.libertocitybell.com\/?product=en-el-camino-jack-kerouac","title":{"rendered":"En el camino &#8211; Jack Kerouac"},"content":{"rendered":"<p>Con el paso del tiempo,\u00a0<em>En el camino<\/em>, un libro que fue la biblia y el manifiesto de la generaci\u00f3n beat, se ha convertido en una \u00abnovela de culto\u00bb y en un cl\u00e1sico de la literatura norteamericana.<\/p>\n<p>Con un inconfundible estilo\u00a0<em>bop<\/em>, que consigui\u00f3 para Kerouac el t\u00edtulo de \u00abheredero de Charlie Parker\u00bb, en esta novela se narran los viajes enloquecidos, a bordo de Cadillacs prestados y Dodges desvencijados, de Dean Moriarty el m\u00edtico hipster, el h\u00e9roe de todos los beatniks, \u00abun demente, un \u00e1ngel, un pordiosero\u00bb y el narrador Sal Paradise, recorriendo el continente, de Nueva York a Nueva Orleans, Ciudad de M\u00e9xico, San Francisco, Chicago y regreso a Nueva York.<\/p>\n<p>Alcohol, org\u00edas, marihuana, \u00e9xtasis, angustia y desolaci\u00f3n, el retrato de una Am\u00e9rica subterr\u00e1nea, aut\u00e9ntica y desinhibida, ajena a todo establishment. Una cr\u00f3nica cuyos protagonistas, en la vida real y en el libro, fueron Jack Kerouac (Sal Paradise), Neal Cassady (Dean Moriarty), Allen Ginsberg, William Burroughs.<\/p>\n","protected":false},"excerpt":{"rendered":"<p>Con el paso del tiempo,\u00a0En el camino, un libro que fue la biblia y el manifiesto de la generaci\u00f3n beat, se ha convertido en una \u00abnovela de culto\u00bb y en un cl\u00e1sico de la literatura norteamericana. Con un inconfundible estilo\u00a0bop, que consigui\u00f3 para Kerouac el t\u00edtulo de \u00abheredero de Charlie Parker\u00bb, en esta novela se&hellip;&nbsp;<a href=\"https:\/\/www.libertocitybell.com\/?product=en-el-camino-jack-kerouac\" class=\"\" rel=\"bookmark\">Leer m\u00e1s &raquo;<span class=\"screen-reader-text\">En el camino &#8211; Jack Kerouac<\/span><\/a><\/p>\n","protected":false},"featured_media":164,"comment_status":"open","ping_status":"closed","template":"","meta":{"_coblocks_attr":"","_coblocks_dimensions":"","_coblocks_responsive_height":"","_coblocks_accordion_ie_support":"","neve_meta_sidebar":"","neve_meta_container":"","neve_meta_enable_content_width":"off","neve_meta_content_width":0,"neve_meta_title_alignment":"","neve_meta_author_avatar":"","neve_post_elements_order":"","neve_meta_disable_header":"","neve_meta_disable_footer":"","neve_meta_disable_title":"","spay_email":"","jetpack_publicize_message":"","jetpack_is_tweetstorm":false,"jetpack_publicize_feature_enabled":true},"product_cat":[20],"product_tag":[],"class_list":{"0":"post-163","1":"product","2":"type-product","3":"status-publish","4":"has-post-thumbnail","6":"product_cat-narrativa-internacional","8":"first","9":"outofstock","10":"taxable","11":"shipping-taxable","12":"purchasable","13":"product-type-simple"},"jetpack_publicize_connections":[],"_links":{"self":[{"href":"https:\/\/www.libertocitybell.com\/index.php?rest_route=\/wp\/v2\/product\/163","targetHints":{"allow":["GET"]}}],"collection":[{"href":"https:\/\/www.libertocitybell.com\/index.php?rest_route=\/wp\/v2\/product"}],"about":[{"href":"https:\/\/www.libertocitybell.com\/index.php?rest_route=\/wp\/v2\/types\/product"}],"replies":[{"embeddable":true,"href":"https:\/\/www.libertocitybell.com\/index.php?rest_route=%2Fwp%2Fv2%2Fcomments&post=163"}],"wp:featuredmedia":[{"embeddable":true,"href":"https:\/\/www.libertocitybell.com\/index.php?rest_route=\/wp\/v2\/media\/164"}],"wp:attachment":[{"href":"https:\/\/www.libertocitybell.com\/index.php?rest_route=%2Fwp%2Fv2%2Fmedia&parent=163"}],"wp:term":[{"taxonomy":"product_cat","embeddable":true,"href":"https:\/\/www.libertocitybell.com\/index.php?rest_route=%2Fwp%2Fv2%2Fproduct_cat&post=163"},{"taxonomy":"product_tag","embeddable":true,"href":"https:\/\/www.libertocitybell.com\/index.php?rest_route=%2Fwp%2Fv2%2Fproduct_tag&post=163"}],"curies":[{"name":"wp","href":"https:\/\/api.w.org\/{rel}","templated":true}]}}