{"id":1602,"date":"2022-04-21T14:19:29","date_gmt":"2022-04-21T17:19:29","guid":{"rendered":"https:\/\/www.libertocitybell.com\/?product=el-lectorbernarda-schlink"},"modified":"2023-02-09T16:30:36","modified_gmt":"2023-02-09T19:30:36","slug":"el-lectorbernarda-schlink","status":"publish","type":"product","link":"https:\/\/www.libertocitybell.com\/?product=el-lectorbernarda-schlink","title":{"rendered":"El lector\nBernarda Schlink"},"content":{"rendered":"<p id=\"ctl00_ContentPlaceHolder1_rptFicha_ctl00_itemPropDescription\" class=\"resenia overflow-text\" data-min-height=\"300\" data-max-height=\"324\" style=\"border: 0px;margin: 0px 0px 5px;padding: 0px;font-size: 13px;line-height: 18px;overflow: hidden;font-family: Arial, Helvetica, sans-serif;font-style: normal;font-weight: 400;letter-spacing: normal;text-align: left;text-indent: 0px;text-transform: none;text-decoration: none;height: 324px\">Michael Berg tiene quince a\u00f1os. Un d\u00eda, regresando a casa del colegio empieza a encontrarse mal y una mujer acude en su ayuda. La mujer se llama Hanna y tiene treinta y seis a\u00f1os. Unas semanas despu\u00e9s, el muchacho, agradecido, le lleva a su casa un ramo de flores. \u00c9ste ser\u00e1 el principio de una relaci\u00f3n er\u00f3tica en la que, antes de amarse. Ella siempre le pide a Michael que le lea en voz alta fragmentos de Schiller, Goethe, Tost\u00f3i, Dickens&#8230; el ritual se repite durante varios meses, hasta que un d\u00eda Hanna desaparece sin dejar rastro. Siete a\u00f1os despu\u00e9s, Michael, estudiante de derecho, acude aljuicio contra cinco mujeres acusadas de criminales de guerranazis y de ser las responsables de la muerte de varias personas en el campo de concentraci\u00f3n del que eran guardianas. Una de las acusadas es Hanna. Y Michael se debate entre los gratos recuerdos y la sed de justicia, trata de comprender qu\u00e9 llev\u00f3 a Hanna a cometer esas atrocidades, trata de descubrir qui\u00e9n es en realidad la mujer a la que am\u00f3&#8230;<\/p>\n","protected":false},"excerpt":{"rendered":"<p>Michael Berg tiene quince a\u00f1os. Un d\u00eda, regresando a casa del colegio empieza a encontrarse mal y una mujer acude en su ayuda. La mujer se llama Hanna y tiene treinta y seis a\u00f1os. Unas semanas despu\u00e9s, el muchacho, agradecido, le lleva a su casa un ramo de flores. \u00c9ste ser\u00e1 el principio de una&hellip;&nbsp;<a href=\"https:\/\/www.libertocitybell.com\/?product=el-lectorbernarda-schlink\" class=\"\" rel=\"bookmark\">Leer m\u00e1s &raquo;<span class=\"screen-reader-text\">El lector<br \/>\nBernarda Schlink<\/span><\/a><\/p>\n","protected":false},"featured_media":1601,"comment_status":"open","ping_status":"closed","template":"","meta":{"_coblocks_attr":"","_coblocks_dimensions":"","_coblocks_responsive_height":"","_coblocks_accordion_ie_support":"","neve_meta_sidebar":"","neve_meta_container":"","neve_meta_enable_content_width":"","neve_meta_content_width":0,"neve_meta_title_alignment":"","neve_meta_author_avatar":"","neve_post_elements_order":"","neve_meta_disable_header":"","neve_meta_disable_footer":"","neve_meta_disable_title":"","spay_email":"","jetpack_publicize_message":"","jetpack_is_tweetstorm":false,"jetpack_publicize_feature_enabled":true},"product_cat":[20],"product_tag":[],"class_list":{"0":"post-1602","1":"product","2":"type-product","3":"status-publish","4":"has-post-thumbnail","6":"product_cat-narrativa-internacional","8":"first","9":"outofstock","10":"taxable","11":"shipping-taxable","12":"purchasable","13":"product-type-simple"},"jetpack_publicize_connections":[],"_links":{"self":[{"href":"https:\/\/www.libertocitybell.com\/index.php?rest_route=\/wp\/v2\/product\/1602","targetHints":{"allow":["GET"]}}],"collection":[{"href":"https:\/\/www.libertocitybell.com\/index.php?rest_route=\/wp\/v2\/product"}],"about":[{"href":"https:\/\/www.libertocitybell.com\/index.php?rest_route=\/wp\/v2\/types\/product"}],"replies":[{"embeddable":true,"href":"https:\/\/www.libertocitybell.com\/index.php?rest_route=%2Fwp%2Fv2%2Fcomments&post=1602"}],"wp:featuredmedia":[{"embeddable":true,"href":"https:\/\/www.libertocitybell.com\/index.php?rest_route=\/wp\/v2\/media\/1601"}],"wp:attachment":[{"href":"https:\/\/www.libertocitybell.com\/index.php?rest_route=%2Fwp%2Fv2%2Fmedia&parent=1602"}],"wp:term":[{"taxonomy":"product_cat","embeddable":true,"href":"https:\/\/www.libertocitybell.com\/index.php?rest_route=%2Fwp%2Fv2%2Fproduct_cat&post=1602"},{"taxonomy":"product_tag","embeddable":true,"href":"https:\/\/www.libertocitybell.com\/index.php?rest_route=%2Fwp%2Fv2%2Fproduct_tag&post=1602"}],"curies":[{"name":"wp","href":"https:\/\/api.w.org\/{rel}","templated":true}]}}