{"id":1596,"date":"2022-04-21T14:03:10","date_gmt":"2022-04-21T17:03:10","guid":{"rendered":"https:\/\/www.libertocitybell.com\/?product=el-dios-de-las-pequenas-cosasarundhati-roy"},"modified":"2023-02-09T16:27:33","modified_gmt":"2023-02-09T19:27:33","slug":"el-dios-de-las-pequenas-cosasarundhati-roy","status":"publish","type":"product","link":"https:\/\/www.libertocitybell.com\/?product=el-dios-de-las-pequenas-cosasarundhati-roy","title":{"rendered":"El dios de las peque\u00f1as cosas\nArundhati Roy"},"content":{"rendered":"<p>\u00c9sta es la historia de tres generaciones de una familia de la regi\u00f3n de Kerala, en el sur de la India, que se desperdiga por el mundo y se reencuentra en su tierra natal. Una historia que es muchas historias. La de la ni\u00f1a inglesa Sophie Moll que se ahog\u00f3 en un r\u00edo y cuya muerte accidental marc\u00f3 para siempre las vidas de quienes se vieron implicados. La de dos gemelos -Estha y Rahel- que vivieron veintitr\u00e9s a\u00f1os separados. La de Ammu, la madre de los gemelos, y sus furtivos amores ad\u00falteros. La del hermano de Ammu, marxista educado en Oxford y divorciado de una mujer inglesa. La de los abuelos, que en su juventud cultivaron la entomolog\u00eda y las pasiones prohibidas. \u00c9sta es la historia de una familia que vive en unos tiempos convulsos en los que todo puede cambiar en un d\u00eda y en un pa\u00eds cuyas esencias parecen eternas.<\/p>\n<p>Esta apasionante saga familiar es un gozoso fest\u00edn literario en el que se entremezclan el amor y la muerte, las pasiones que rompen tab\u00faes y los deseos inalcanzables, la lucha por la justicia y el dolor causado por la p\u00e9rdida de la inocencia, el peso del pasado y las aristas del presente. Arundhati Roy ha sido comparada por esta novela prodigiosa con Gabriel Garc\u00eda M\u00e1rquez y con Salman Rushdie por sus destellos de realismo m\u00e1gico y su exquisito pulso narrativo.<\/p>\n","protected":false},"excerpt":{"rendered":"<p>\u00c9sta es la historia de tres generaciones de una familia de la regi\u00f3n de Kerala, en el sur de la India, que se desperdiga por el mundo y se reencuentra en su tierra natal. Una historia que es muchas historias. La de la ni\u00f1a inglesa Sophie Moll que se ahog\u00f3 en un r\u00edo y cuya&hellip;&nbsp;<a href=\"https:\/\/www.libertocitybell.com\/?product=el-dios-de-las-pequenas-cosasarundhati-roy\" class=\"\" rel=\"bookmark\">Leer m\u00e1s &raquo;<span class=\"screen-reader-text\">El dios de las peque\u00f1as cosas<br \/>\nArundhati Roy<\/span><\/a><\/p>\n","protected":false},"featured_media":1595,"comment_status":"open","ping_status":"closed","template":"","meta":{"_coblocks_attr":"","_coblocks_dimensions":"","_coblocks_responsive_height":"","_coblocks_accordion_ie_support":"","neve_meta_sidebar":"","neve_meta_container":"","neve_meta_enable_content_width":"","neve_meta_content_width":0,"neve_meta_title_alignment":"","neve_meta_author_avatar":"","neve_post_elements_order":"","neve_meta_disable_header":"","neve_meta_disable_footer":"","neve_meta_disable_title":"","spay_email":"","jetpack_publicize_message":"","jetpack_is_tweetstorm":false,"jetpack_publicize_feature_enabled":true},"product_cat":[39],"product_tag":[],"class_list":{"0":"post-1596","1":"product","2":"type-product","3":"status-publish","4":"has-post-thumbnail","6":"product_cat-agendas","8":"first","9":"outofstock","10":"taxable","11":"shipping-taxable","12":"purchasable","13":"product-type-simple"},"jetpack_publicize_connections":[],"_links":{"self":[{"href":"https:\/\/www.libertocitybell.com\/index.php?rest_route=\/wp\/v2\/product\/1596","targetHints":{"allow":["GET"]}}],"collection":[{"href":"https:\/\/www.libertocitybell.com\/index.php?rest_route=\/wp\/v2\/product"}],"about":[{"href":"https:\/\/www.libertocitybell.com\/index.php?rest_route=\/wp\/v2\/types\/product"}],"replies":[{"embeddable":true,"href":"https:\/\/www.libertocitybell.com\/index.php?rest_route=%2Fwp%2Fv2%2Fcomments&post=1596"}],"wp:featuredmedia":[{"embeddable":true,"href":"https:\/\/www.libertocitybell.com\/index.php?rest_route=\/wp\/v2\/media\/1595"}],"wp:attachment":[{"href":"https:\/\/www.libertocitybell.com\/index.php?rest_route=%2Fwp%2Fv2%2Fmedia&parent=1596"}],"wp:term":[{"taxonomy":"product_cat","embeddable":true,"href":"https:\/\/www.libertocitybell.com\/index.php?rest_route=%2Fwp%2Fv2%2Fproduct_cat&post=1596"},{"taxonomy":"product_tag","embeddable":true,"href":"https:\/\/www.libertocitybell.com\/index.php?rest_route=%2Fwp%2Fv2%2Fproduct_tag&post=1596"}],"curies":[{"name":"wp","href":"https:\/\/api.w.org\/{rel}","templated":true}]}}