{"id":1592,"date":"2022-04-21T13:54:01","date_gmt":"2022-04-21T16:54:01","guid":{"rendered":"https:\/\/www.libertocitybell.com\/?product=nocturno-hinduantonio-tabucchi"},"modified":"2023-02-09T20:41:38","modified_gmt":"2023-02-09T23:41:38","slug":"nocturno-hinduantonio-tabucchi","status":"publish","type":"product","link":"https:\/\/www.libertocitybell.com\/?product=nocturno-hinduantonio-tabucchi","title":{"rendered":"Nocturno hind\u00fa\nAntonio Tabucchi"},"content":{"rendered":"<p style=\"margin:0px0px10px;font-family:\">Un narrador parte en busca de un amigo desaparecido, sombra de un pasado sellado, seg\u00fan se adivina, por una definitiva ruptura.<\/p>\n<p style=\"margin:0px0px10px;font-family:\">Bombay, Madr\u00e1s, Goa, hitos de un itinerario por una India avistada desde habitaciones de hotel que, sin embargo, relampaguea en extra\u00f1os encuentros: un profeta en un tren, un jesuita portugu\u00e9s, un gn\u00f3stico de una sociedad teos\u00f3fica, un monstruo enano que lee el<span> <\/span><em>karma<\/em><span> <\/span>a los peregrinos, la joven fot\u00f3grafa de la \u00ababyecci\u00f3n\u00bb de Calcuta&#8230; En filigrana, bajo la desaparici\u00f3n del amigo, un mito literario: la renuncia a la escritura, la fuga a tierras lejanas, la transformaci\u00f3n del intelectual en hombre de negocios. Con ir\u00f3nico despego y m\u00f3rbida impasibilidad, el autor elude los peligros obvios del \u00abcolor local\u00bb en una espl\u00e9ndida novela cuyo tema es el lado nocturno y oculto de las cosas.<\/p>\n<p style=\"margin:0px0px10px;font-family:\">\u00abUn texto imprescindible en la actual narrativa italiana y europea, un libro encantador e inquietante a la vez. Su brevedad borgiana no defrauda: se agradece esta lecci\u00f3n de intensidad. Quienes leyeron con placer<span> <\/span><em>Dama de Porto Pim<\/em><span> <\/span>no se ver\u00e1n decepcionados con este<span> <\/span><em>Nocturno hind\u00fa,<\/em><span> <\/span>y quienes no conocen a\u00fan a Tabucchi disponen ahora de una ocasi\u00f3n espl\u00e9ndida\u00bb (Miguel Garc\u00eda-Posada).<\/p>\n","protected":false},"excerpt":{"rendered":"<p>Un narrador parte en busca de un amigo desaparecido, sombra de un pasado sellado, seg\u00fan se adivina, por una definitiva ruptura. Bombay, Madr\u00e1s, Goa, hitos de un itinerario por una India avistada desde habitaciones de hotel que, sin embargo, relampaguea en extra\u00f1os encuentros: un profeta en un tren, un jesuita portugu\u00e9s, un gn\u00f3stico de una&hellip;&nbsp;<a href=\"https:\/\/www.libertocitybell.com\/?product=nocturno-hinduantonio-tabucchi\" class=\"\" rel=\"bookmark\">Leer m\u00e1s &raquo;<span class=\"screen-reader-text\">Nocturno hind\u00fa<br \/>\nAntonio Tabucchi<\/span><\/a><\/p>\n","protected":false},"featured_media":1591,"comment_status":"open","ping_status":"closed","template":"","meta":{"_coblocks_attr":"","_coblocks_dimensions":"","_coblocks_responsive_height":"","_coblocks_accordion_ie_support":"","neve_meta_sidebar":"","neve_meta_container":"","neve_meta_enable_content_width":"","neve_meta_content_width":0,"neve_meta_title_alignment":"","neve_meta_author_avatar":"","neve_post_elements_order":"","neve_meta_disable_header":"","neve_meta_disable_footer":"","neve_meta_disable_title":"","spay_email":"","jetpack_publicize_message":"","jetpack_is_tweetstorm":false,"jetpack_publicize_feature_enabled":true},"product_cat":[20],"product_tag":[],"class_list":{"0":"post-1592","1":"product","2":"type-product","3":"status-publish","4":"has-post-thumbnail","6":"product_cat-narrativa-internacional","8":"first","9":"outofstock","10":"sold-individually","11":"taxable","12":"shipping-taxable","13":"purchasable","14":"product-type-simple"},"jetpack_publicize_connections":[],"_links":{"self":[{"href":"https:\/\/www.libertocitybell.com\/index.php?rest_route=\/wp\/v2\/product\/1592","targetHints":{"allow":["GET"]}}],"collection":[{"href":"https:\/\/www.libertocitybell.com\/index.php?rest_route=\/wp\/v2\/product"}],"about":[{"href":"https:\/\/www.libertocitybell.com\/index.php?rest_route=\/wp\/v2\/types\/product"}],"replies":[{"embeddable":true,"href":"https:\/\/www.libertocitybell.com\/index.php?rest_route=%2Fwp%2Fv2%2Fcomments&post=1592"}],"wp:featuredmedia":[{"embeddable":true,"href":"https:\/\/www.libertocitybell.com\/index.php?rest_route=\/wp\/v2\/media\/1591"}],"wp:attachment":[{"href":"https:\/\/www.libertocitybell.com\/index.php?rest_route=%2Fwp%2Fv2%2Fmedia&parent=1592"}],"wp:term":[{"taxonomy":"product_cat","embeddable":true,"href":"https:\/\/www.libertocitybell.com\/index.php?rest_route=%2Fwp%2Fv2%2Fproduct_cat&post=1592"},{"taxonomy":"product_tag","embeddable":true,"href":"https:\/\/www.libertocitybell.com\/index.php?rest_route=%2Fwp%2Fv2%2Fproduct_tag&post=1592"}],"curies":[{"name":"wp","href":"https:\/\/api.w.org\/{rel}","templated":true}]}}