{"id":1584,"date":"2022-04-21T12:36:35","date_gmt":"2022-04-21T15:36:35","guid":{"rendered":"https:\/\/www.libertocitybell.com\/?product=lila-gonzalo-unamuno"},"modified":"2023-02-09T20:31:11","modified_gmt":"2023-02-09T23:31:11","slug":"lila-gonzalo-unamuno","status":"publish","type":"product","link":"https:\/\/www.libertocitybell.com\/?product=lila-gonzalo-unamuno","title":{"rendered":"Lila \nGonzalo Unamuno"},"content":{"rendered":"<p><span>Lila tiene 40 a\u00f1os cuando su pareja reciente, Germ\u00e1n Baraja, la asesina a golpes a poco de recibir la noticia de su embarazo.<\/span><br \/>\n<span>Psic\u00f3pata perverso, revulsivo y cobarde, Germ\u00e1n narra desde el desenlace fatal fragmentos de la relaci\u00f3n y desnuda su propia imposibilidad de adaptaci\u00f3n y empat\u00eda con el entorno. La trama se entrelaza con la historia de vida de Lila: su infancia como hija de un diplom\u00e1tico, su antigua fama como actriz de televisi\u00f3n, su delicada salud y las peripecias de un entorno familiar muy particular.<\/span><br \/>\n<span>Lejos de arrepentirse por el crimen, Germ\u00e1n encarna las reacciones m\u00e1s violentas y enfermizas de los resabios de un machismo que se resiste a desaparecer.<\/span><br \/>\n<span>Due\u00f1o de una prosa tan bella como contundente, Unamuno se confirma en este libro como una de las voces m\u00e1s singulares de la literatura argentina actual, al tiempo que revela las esquirlas de una sociedad enferma de patriarcado.<\/span><\/p>\n","protected":false},"excerpt":{"rendered":"<p>Lila tiene 40 a\u00f1os cuando su pareja reciente, Germ\u00e1n Baraja, la asesina a golpes a poco de recibir la noticia de su embarazo. Psic\u00f3pata perverso, revulsivo y cobarde, Germ\u00e1n narra desde el desenlace fatal fragmentos de la relaci\u00f3n y desnuda su propia imposibilidad de adaptaci\u00f3n y empat\u00eda con el entorno. La trama se entrelaza con&hellip;&nbsp;<a href=\"https:\/\/www.libertocitybell.com\/?product=lila-gonzalo-unamuno\" class=\"\" rel=\"bookmark\">Leer m\u00e1s &raquo;<span class=\"screen-reader-text\">Lila<br \/>\nGonzalo Unamuno<\/span><\/a><\/p>\n","protected":false},"featured_media":1583,"comment_status":"open","ping_status":"closed","template":"","meta":{"_coblocks_attr":"","_coblocks_dimensions":"","_coblocks_responsive_height":"","_coblocks_accordion_ie_support":"","neve_meta_sidebar":"","neve_meta_container":"","neve_meta_enable_content_width":"","neve_meta_content_width":0,"neve_meta_title_alignment":"","neve_meta_author_avatar":"","neve_post_elements_order":"","neve_meta_disable_header":"","neve_meta_disable_footer":"","neve_meta_disable_title":"","spay_email":"","jetpack_publicize_message":"","jetpack_is_tweetstorm":false,"jetpack_publicize_feature_enabled":true},"product_cat":[21],"product_tag":[],"class_list":{"0":"post-1584","1":"product","2":"type-product","3":"status-publish","4":"has-post-thumbnail","6":"product_cat-narrativa-argentina","8":"first","9":"outofstock","10":"taxable","11":"shipping-taxable","12":"purchasable","13":"product-type-simple"},"jetpack_publicize_connections":[],"_links":{"self":[{"href":"https:\/\/www.libertocitybell.com\/index.php?rest_route=\/wp\/v2\/product\/1584","targetHints":{"allow":["GET"]}}],"collection":[{"href":"https:\/\/www.libertocitybell.com\/index.php?rest_route=\/wp\/v2\/product"}],"about":[{"href":"https:\/\/www.libertocitybell.com\/index.php?rest_route=\/wp\/v2\/types\/product"}],"replies":[{"embeddable":true,"href":"https:\/\/www.libertocitybell.com\/index.php?rest_route=%2Fwp%2Fv2%2Fcomments&post=1584"}],"wp:featuredmedia":[{"embeddable":true,"href":"https:\/\/www.libertocitybell.com\/index.php?rest_route=\/wp\/v2\/media\/1583"}],"wp:attachment":[{"href":"https:\/\/www.libertocitybell.com\/index.php?rest_route=%2Fwp%2Fv2%2Fmedia&parent=1584"}],"wp:term":[{"taxonomy":"product_cat","embeddable":true,"href":"https:\/\/www.libertocitybell.com\/index.php?rest_route=%2Fwp%2Fv2%2Fproduct_cat&post=1584"},{"taxonomy":"product_tag","embeddable":true,"href":"https:\/\/www.libertocitybell.com\/index.php?rest_route=%2Fwp%2Fv2%2Fproduct_tag&post=1584"}],"curies":[{"name":"wp","href":"https:\/\/api.w.org\/{rel}","templated":true}]}}