{"id":1582,"date":"2022-04-21T12:21:06","date_gmt":"2022-04-21T15:21:06","guid":{"rendered":"https:\/\/www.libertocitybell.com\/?product=el-arte-de-dar-y-recibirseneca"},"modified":"2023-02-09T16:26:16","modified_gmt":"2023-02-09T19:26:16","slug":"el-arte-de-dar-y-recibirseneca","status":"publish","type":"product","link":"https:\/\/www.libertocitybell.com\/?product=el-arte-de-dar-y-recibirseneca","title":{"rendered":"El arte de dar y recibir\nS\u00e9neca"},"content":{"rendered":"<p><span style=\"font-family: Arial, Helvetica, sans-serif;font-size: 13px;font-style: normal;font-weight: 400;letter-spacing: normal;text-align: left;text-indent: 0px;text-transform: none;text-decoration: none;float: none\">\u00bfCu\u00e1ndo fue la \u00faltima vez que hiciste un regalo? Quiz\u00e1 en una de esas ocasiones en que son pr\u00e1cticamente obligatorios un cumplea\u00f1os, una boda o tal vez fue algo m\u00e1s espont\u00e1neo, como llevar una botella de vino a una cena. Seguramente no te paraste a considerar que la capacidad de dar, como sostiene el gran pensador estoico S\u00e9neca, es parte esencial de lo que nos hace humanos. S\u00e9neca afirma que el impulso de dar a los dem\u00e1s constituye el fundamento mismo de la sociedad. Sin la capacidad de ayudarnos unos a otros, de compartir recursos, somos criaturas indefensas con pocas posibilidades de sobrevivir. Pero no se trata de dar de cualquier manera. Cuando hay segundas intenciones, el dar se degrada y se convierte en otra cosa. La belleza del mundo nos recuerda que la creaci\u00f3n es el regalo supremo que la divinidad nos otorga sin esperar nada a cambio. Para S\u00e9neca, estamos llamados a dar a la manera de los dioses. El arte de dar y recibir presenta una magn\u00edfica selecci\u00f3n de pasajes del tratado m\u00e1s extenso y minucioso de S\u00e9neca, Sobre los beneficios. Presentada con una introducci\u00f3n esclarecedora, esta obra transmite la esencia del pensamiento del autor sobre un tema de inter\u00e9s perenne: el significado profundo de la generosidad y la gratitud.<\/span><\/p>\n","protected":false},"excerpt":{"rendered":"<p>\u00bfCu\u00e1ndo fue la \u00faltima vez que hiciste un regalo? Quiz\u00e1 en una de esas ocasiones en que son pr\u00e1cticamente obligatorios un cumplea\u00f1os, una boda o tal vez fue algo m\u00e1s espont\u00e1neo, como llevar una botella de vino a una cena. Seguramente no te paraste a considerar que la capacidad de dar, como sostiene el gran&hellip;&nbsp;<a href=\"https:\/\/www.libertocitybell.com\/?product=el-arte-de-dar-y-recibirseneca\" class=\"\" rel=\"bookmark\">Leer m\u00e1s &raquo;<span class=\"screen-reader-text\">El arte de dar y recibir<br \/>\nS\u00e9neca<\/span><\/a><\/p>\n","protected":false},"featured_media":1581,"comment_status":"open","ping_status":"closed","template":"","meta":{"_coblocks_attr":"","_coblocks_dimensions":"","_coblocks_responsive_height":"","_coblocks_accordion_ie_support":"","neve_meta_sidebar":"","neve_meta_container":"","neve_meta_enable_content_width":"","neve_meta_content_width":0,"neve_meta_title_alignment":"","neve_meta_author_avatar":"","neve_post_elements_order":"","neve_meta_disable_header":"","neve_meta_disable_footer":"","neve_meta_disable_title":"","spay_email":"","jetpack_publicize_message":"","jetpack_is_tweetstorm":false,"jetpack_publicize_feature_enabled":true},"product_cat":[39],"product_tag":[],"class_list":{"0":"post-1582","1":"product","2":"type-product","3":"status-publish","4":"has-post-thumbnail","6":"product_cat-agendas","8":"first","9":"outofstock","10":"taxable","11":"shipping-taxable","12":"purchasable","13":"product-type-simple"},"jetpack_publicize_connections":[],"_links":{"self":[{"href":"https:\/\/www.libertocitybell.com\/index.php?rest_route=\/wp\/v2\/product\/1582","targetHints":{"allow":["GET"]}}],"collection":[{"href":"https:\/\/www.libertocitybell.com\/index.php?rest_route=\/wp\/v2\/product"}],"about":[{"href":"https:\/\/www.libertocitybell.com\/index.php?rest_route=\/wp\/v2\/types\/product"}],"replies":[{"embeddable":true,"href":"https:\/\/www.libertocitybell.com\/index.php?rest_route=%2Fwp%2Fv2%2Fcomments&post=1582"}],"wp:featuredmedia":[{"embeddable":true,"href":"https:\/\/www.libertocitybell.com\/index.php?rest_route=\/wp\/v2\/media\/1581"}],"wp:attachment":[{"href":"https:\/\/www.libertocitybell.com\/index.php?rest_route=%2Fwp%2Fv2%2Fmedia&parent=1582"}],"wp:term":[{"taxonomy":"product_cat","embeddable":true,"href":"https:\/\/www.libertocitybell.com\/index.php?rest_route=%2Fwp%2Fv2%2Fproduct_cat&post=1582"},{"taxonomy":"product_tag","embeddable":true,"href":"https:\/\/www.libertocitybell.com\/index.php?rest_route=%2Fwp%2Fv2%2Fproduct_tag&post=1582"}],"curies":[{"name":"wp","href":"https:\/\/api.w.org\/{rel}","templated":true}]}}