{"id":1570,"date":"2022-04-21T11:54:32","date_gmt":"2022-04-21T14:54:32","guid":{"rendered":"https:\/\/www.libertocitybell.com\/?product=yogaemmanuel-carrere"},"modified":"2023-02-09T20:54:07","modified_gmt":"2023-02-09T23:54:07","slug":"yogaemmanuel-carrere","status":"publish","type":"product","link":"https:\/\/www.libertocitybell.com\/?product=yogaemmanuel-carrere","title":{"rendered":"Yoga\nEmmanuel Carr\u00e9re"},"content":{"rendered":"<p><strong style=\"font-weight: bold\">La narraci\u00f3n en primera persona de una crisis depresiva. Un libro deslumbrante que rompe moldes y cors\u00e9s de g\u00e9nero. Un nuevo hito de Carr\u00e8re.<span class=\"Apple-converted-space\">&nbsp;<\/span><\/strong><\/p>\n<p>Quede claro para posibles lectores despistados que este no es un manual pr\u00e1ctico sobre yoga, ni tampoco un bienintencionado libro de autoayuda. Es la narraci\u00f3n en primera persona y sin ning\u00fan tipo de tapujo de la profunda depresi\u00f3n con tendencias suicidas que llev\u00f3 al autor a ser hospitalizado, diagnosticado de trastorno bipolar y tratado durante cuatro meses. Es asimismo un libro sobre una crisis de pareja, sobre la ruptura afectiva y sus consecuencias. Y sobre el terrorismo islamista y el drama de los refugiados. Y s\u00ed, en cierto modo tambi\u00e9n sobre el yoga, que el escritor practica desde hace veinte a\u00f1os.<\/p>\n<p>El lector tiene en sus manos un texto de Emmanuel Carr\u00e8re sobre Emmanuel Carr\u00e8re escrito a la manera de Emmanuel Carr\u00e8re. Es decir, sin reglas, lanz\u00e1ndose al vac\u00edo sin red. Hace tiempo que el autor decidi\u00f3 dejar atr\u00e1s la ficci\u00f3n y el cors\u00e9 de los g\u00e9neros. Y en esta obra, deslumbrante y a la vez desgarradora, se entrecruzan la autobiograf\u00eda, el ensayo y la cr\u00f3nica period\u00edstica. Carr\u00e8re habla sobre s\u00ed mismo y da un paso m\u00e1s en su exploraci\u00f3n de los l\u00edmites de lo literario.<\/p>\n<p>El resultado es una descarnada expresi\u00f3n de las flaquezas y los tormentos humanos, una inmersi\u00f3n en los abismos personales a trav\u00e9s de la escritura. El libro, que ha generado pol\u00e9mica ya antes de su publicaci\u00f3n, no deja a nadie indiferente.<\/p>\n","protected":false},"excerpt":{"rendered":"<p>La narraci\u00f3n en primera persona de una crisis depresiva. Un libro deslumbrante que rompe moldes y cors\u00e9s de g\u00e9nero. Un nuevo hito de Carr\u00e8re.&nbsp; Quede claro para posibles lectores despistados que este no es un manual pr\u00e1ctico sobre yoga, ni tampoco un bienintencionado libro de autoayuda. Es la narraci\u00f3n en primera persona y sin ning\u00fan&hellip;&nbsp;<a href=\"https:\/\/www.libertocitybell.com\/?product=yogaemmanuel-carrere\" class=\"\" rel=\"bookmark\">Leer m\u00e1s &raquo;<span class=\"screen-reader-text\">Yoga<br \/>\nEmmanuel Carr\u00e9re<\/span><\/a><\/p>\n","protected":false},"featured_media":1569,"comment_status":"open","ping_status":"closed","template":"","meta":{"_coblocks_attr":"","_coblocks_dimensions":"","_coblocks_responsive_height":"","_coblocks_accordion_ie_support":"","neve_meta_sidebar":"","neve_meta_container":"","neve_meta_enable_content_width":"","neve_meta_content_width":0,"neve_meta_title_alignment":"","neve_meta_author_avatar":"","neve_post_elements_order":"","neve_meta_disable_header":"","neve_meta_disable_footer":"","neve_meta_disable_title":"","spay_email":"","jetpack_publicize_message":"","jetpack_is_tweetstorm":false,"jetpack_publicize_feature_enabled":true},"product_cat":[20],"product_tag":[],"class_list":{"0":"post-1570","1":"product","2":"type-product","3":"status-publish","4":"has-post-thumbnail","6":"product_cat-narrativa-internacional","8":"first","9":"outofstock","10":"taxable","11":"shipping-taxable","12":"purchasable","13":"product-type-simple"},"jetpack_publicize_connections":[],"_links":{"self":[{"href":"https:\/\/www.libertocitybell.com\/index.php?rest_route=\/wp\/v2\/product\/1570","targetHints":{"allow":["GET"]}}],"collection":[{"href":"https:\/\/www.libertocitybell.com\/index.php?rest_route=\/wp\/v2\/product"}],"about":[{"href":"https:\/\/www.libertocitybell.com\/index.php?rest_route=\/wp\/v2\/types\/product"}],"replies":[{"embeddable":true,"href":"https:\/\/www.libertocitybell.com\/index.php?rest_route=%2Fwp%2Fv2%2Fcomments&post=1570"}],"wp:featuredmedia":[{"embeddable":true,"href":"https:\/\/www.libertocitybell.com\/index.php?rest_route=\/wp\/v2\/media\/1569"}],"wp:attachment":[{"href":"https:\/\/www.libertocitybell.com\/index.php?rest_route=%2Fwp%2Fv2%2Fmedia&parent=1570"}],"wp:term":[{"taxonomy":"product_cat","embeddable":true,"href":"https:\/\/www.libertocitybell.com\/index.php?rest_route=%2Fwp%2Fv2%2Fproduct_cat&post=1570"},{"taxonomy":"product_tag","embeddable":true,"href":"https:\/\/www.libertocitybell.com\/index.php?rest_route=%2Fwp%2Fv2%2Fproduct_tag&post=1570"}],"curies":[{"name":"wp","href":"https:\/\/api.w.org\/{rel}","templated":true}]}}