{"id":157,"date":"2020-10-05T16:40:45","date_gmt":"2020-10-05T19:40:45","guid":{"rendered":"http:\/\/www.libertocitybell.com\/?post_type=product&#038;p=157"},"modified":"2023-02-09T20:31:22","modified_gmt":"2023-02-09T23:31:22","slug":"lingua-franca-william-thacker","status":"publish","type":"product","link":"https:\/\/www.libertocitybell.com\/?product=lingua-franca-william-thacker","title":{"rendered":"Lingua franca &#8211; William Thacker"},"content":{"rendered":"<div class=\"row product-info\">\n<div id=\"data-info-libro\" class=\"col-xs-12 col-md-9 padding-0 padding-sides-responsive\">\n<div class=\"info-libro\">\n<div class=\"datos  position-relative padding-sides-responsive\">\n<div class=\"descripcionBreve margin-top-20\">\n<p class=\"font-weight-light font-size-small color-text\">Hay un problema con los nombres de los pueblos y las ciudades, pero alguien ha pensado en la soluci\u00f3n. El problema es que suenan viejos: no atraen al turismo, no atraen inversiones, languidecen, como sus habitantes. La soluci\u00f3n es el cambio, renombrarlos, buscar un patrocinador corporativo. Liverpool podr\u00eda ser Liverpool Stella Artois; Nothingham\u00a0ser\u00eda, por ejemplo, Nothingham IBM.\u00a0 Y as\u00ed sucesivamente. La idea es de Miles Platting, profesor y experto en literatura que ya no valora ese saber. Su compromiso actual es con la renovaci\u00f3n de lo antiguo; en alianza con el avasallante poder del dinero. A Miles le lleva poco tiempo descubrir que muchos se oponen a su proyecto. Los considera nost\u00e1lgicos, reaccionarios, fracasados. Hay violentas discusiones, amenazas, atentados. Lo que est\u00e1 en juego es pr\u00e1cticamente vender la historia y el lenguaje a las empresas. Ante tama\u00f1a entrega, acaso sea mejor la resistencia o el silencio, renunciar al habla. La disyuntiva est\u00e1 servida. William Thacker escribi\u00f3 una novela sorprendente, elegante y concisa. Con lucidez e iron\u00eda,\u00a0Lingua Franca\u00a0desnuda una de las batallas del presente: el imperio de lo econ\u00f3mico y de la novedad que lo conquist\u00f3\u00a0todo, empezando por nuestras palabras.<\/p>\n<\/div>\n<\/div>\n<\/div>\n<\/div>\n<\/div>\n<div id=\"reviews-header\" class=\"row reviews-header\">\n<div class=\"tab-tab tab-opinionesLibro col col-xs-12 col-md-4 active\" data-tab=\"contenido-opinionesLibro\">\n<div class=\"\"><\/div>\n<\/div>\n<\/div>\n","protected":false},"excerpt":{"rendered":"<p>Hay un problema con los nombres de los pueblos y las ciudades, pero alguien ha pensado en la soluci\u00f3n. El problema es que suenan viejos: no atraen al turismo, no atraen inversiones, languidecen, como sus habitantes. La soluci\u00f3n es el cambio, renombrarlos, buscar un patrocinador corporativo. Liverpool podr\u00eda ser Liverpool Stella Artois; Nothingham\u00a0ser\u00eda, por ejemplo,&hellip;&nbsp;<a href=\"https:\/\/www.libertocitybell.com\/?product=lingua-franca-william-thacker\" class=\"\" rel=\"bookmark\">Leer m\u00e1s &raquo;<span class=\"screen-reader-text\">Lingua franca &#8211; William Thacker<\/span><\/a><\/p>\n","protected":false},"featured_media":158,"comment_status":"open","ping_status":"closed","template":"","meta":{"_coblocks_attr":"","_coblocks_dimensions":"","_coblocks_responsive_height":"","_coblocks_accordion_ie_support":"","neve_meta_sidebar":"","neve_meta_container":"","neve_meta_enable_content_width":"off","neve_meta_content_width":0,"neve_meta_title_alignment":"","neve_meta_author_avatar":"","neve_post_elements_order":"","neve_meta_disable_header":"","neve_meta_disable_footer":"","neve_meta_disable_title":"","spay_email":"","jetpack_publicize_message":"","jetpack_is_tweetstorm":false,"jetpack_publicize_feature_enabled":true},"product_cat":[20],"product_tag":[],"class_list":{"0":"post-157","1":"product","2":"type-product","3":"status-publish","4":"has-post-thumbnail","6":"product_cat-narrativa-internacional","8":"first","9":"outofstock","10":"taxable","11":"shipping-taxable","12":"purchasable","13":"product-type-simple"},"jetpack_publicize_connections":[],"_links":{"self":[{"href":"https:\/\/www.libertocitybell.com\/index.php?rest_route=\/wp\/v2\/product\/157","targetHints":{"allow":["GET"]}}],"collection":[{"href":"https:\/\/www.libertocitybell.com\/index.php?rest_route=\/wp\/v2\/product"}],"about":[{"href":"https:\/\/www.libertocitybell.com\/index.php?rest_route=\/wp\/v2\/types\/product"}],"replies":[{"embeddable":true,"href":"https:\/\/www.libertocitybell.com\/index.php?rest_route=%2Fwp%2Fv2%2Fcomments&post=157"}],"wp:featuredmedia":[{"embeddable":true,"href":"https:\/\/www.libertocitybell.com\/index.php?rest_route=\/wp\/v2\/media\/158"}],"wp:attachment":[{"href":"https:\/\/www.libertocitybell.com\/index.php?rest_route=%2Fwp%2Fv2%2Fmedia&parent=157"}],"wp:term":[{"taxonomy":"product_cat","embeddable":true,"href":"https:\/\/www.libertocitybell.com\/index.php?rest_route=%2Fwp%2Fv2%2Fproduct_cat&post=157"},{"taxonomy":"product_tag","embeddable":true,"href":"https:\/\/www.libertocitybell.com\/index.php?rest_route=%2Fwp%2Fv2%2Fproduct_tag&post=157"}],"curies":[{"name":"wp","href":"https:\/\/api.w.org\/{rel}","templated":true}]}}