{"id":1566,"date":"2022-04-21T11:38:47","date_gmt":"2022-04-21T14:38:47","guid":{"rendered":"https:\/\/www.libertocitybell.com\/?product=hozuki-la-libreria-de-mitsuko"},"modified":"2023-02-09T20:10:44","modified_gmt":"2023-02-09T23:10:44","slug":"hozuki-la-libreria-de-mitsuko","status":"publish","type":"product","link":"https:\/\/www.libertocitybell.com\/?product=hozuki-la-libreria-de-mitsuko","title":{"rendered":"Hozuki, la librer\u00eda de Mitsuko"},"content":{"rendered":"<div class=\"resena\">Mitsuko tiene una librer\u00eda de viejo especializada en obras filos\u00f3ficas. All\u00ed pasa los d\u00edas serenamente con su madre y Tar\u00f4, su hijo sordomudo. Cada viernes por la noche, sin embargo, se convierte en camarera en un bar de alterne de alta gama. Este trabajo le permite asegurarse su independencia econ\u00f3mica, y aprecia sus charlas con los intelectuales que frecuentan el establecimiento. Un d\u00eda, una mujer distinguida entra a la tienda acompa\u00f1ada por su hija peque\u00f1a y los ni\u00f1os de cada una se sienten inmediatamente atra\u00eddos entre ellos. Ante la insistencia de la se\u00f1ora y por complacer a Tar\u00f4, a pesar de que normalmente evita haceramistades, Mitsuko aceptar\u00e1 volver a verlos. Este encuentro, sin embargo, podr\u00eda poner en peligro el equilibrio de su familia.<span class=\"Apple-converted-space\">&nbsp;<\/span><\/div>\n","protected":false},"excerpt":{"rendered":"<p>Mitsuko tiene una librer\u00eda de viejo especializada en obras filos\u00f3ficas. All\u00ed pasa los d\u00edas serenamente con su madre y Tar\u00f4, su hijo sordomudo. Cada viernes por la noche, sin embargo, se convierte en camarera en un bar de alterne de alta gama. Este trabajo le permite asegurarse su independencia econ\u00f3mica, y aprecia sus charlas con&hellip;&nbsp;<a href=\"https:\/\/www.libertocitybell.com\/?product=hozuki-la-libreria-de-mitsuko\" class=\"\" rel=\"bookmark\">Leer m\u00e1s &raquo;<span class=\"screen-reader-text\">Hozuki, la librer\u00eda de Mitsuko<\/span><\/a><\/p>\n","protected":false},"featured_media":1565,"comment_status":"open","ping_status":"closed","template":"","meta":{"_coblocks_attr":"","_coblocks_dimensions":"","_coblocks_responsive_height":"","_coblocks_accordion_ie_support":"","neve_meta_sidebar":"","neve_meta_container":"","neve_meta_enable_content_width":"","neve_meta_content_width":0,"neve_meta_title_alignment":"","neve_meta_author_avatar":"","neve_post_elements_order":"","neve_meta_disable_header":"","neve_meta_disable_footer":"","neve_meta_disable_title":"","spay_email":"","jetpack_publicize_message":"","jetpack_is_tweetstorm":false,"jetpack_publicize_feature_enabled":true},"product_cat":[20],"product_tag":[],"class_list":{"0":"post-1566","1":"product","2":"type-product","3":"status-publish","4":"has-post-thumbnail","6":"product_cat-narrativa-internacional","8":"first","9":"outofstock","10":"taxable","11":"shipping-taxable","12":"purchasable","13":"product-type-simple"},"jetpack_publicize_connections":[],"_links":{"self":[{"href":"https:\/\/www.libertocitybell.com\/index.php?rest_route=\/wp\/v2\/product\/1566","targetHints":{"allow":["GET"]}}],"collection":[{"href":"https:\/\/www.libertocitybell.com\/index.php?rest_route=\/wp\/v2\/product"}],"about":[{"href":"https:\/\/www.libertocitybell.com\/index.php?rest_route=\/wp\/v2\/types\/product"}],"replies":[{"embeddable":true,"href":"https:\/\/www.libertocitybell.com\/index.php?rest_route=%2Fwp%2Fv2%2Fcomments&post=1566"}],"wp:featuredmedia":[{"embeddable":true,"href":"https:\/\/www.libertocitybell.com\/index.php?rest_route=\/wp\/v2\/media\/1565"}],"wp:attachment":[{"href":"https:\/\/www.libertocitybell.com\/index.php?rest_route=%2Fwp%2Fv2%2Fmedia&parent=1566"}],"wp:term":[{"taxonomy":"product_cat","embeddable":true,"href":"https:\/\/www.libertocitybell.com\/index.php?rest_route=%2Fwp%2Fv2%2Fproduct_cat&post=1566"},{"taxonomy":"product_tag","embeddable":true,"href":"https:\/\/www.libertocitybell.com\/index.php?rest_route=%2Fwp%2Fv2%2Fproduct_tag&post=1566"}],"curies":[{"name":"wp","href":"https:\/\/api.w.org\/{rel}","templated":true}]}}