{"id":1562,"date":"2022-04-21T11:01:09","date_gmt":"2022-04-21T14:01:09","guid":{"rendered":"https:\/\/www.libertocitybell.com\/?product=la-manadamaria-del-mar-ramon"},"modified":"2023-02-09T20:14:20","modified_gmt":"2023-02-09T23:14:20","slug":"la-manadamaria-del-mar-ramon","status":"publish","type":"product","link":"https:\/\/www.libertocitybell.com\/?product=la-manadamaria-del-mar-ramon","title":{"rendered":"La manada\nMar\u00eda Del Mar Ram\u00f3n"},"content":{"rendered":"<p>Hache lleva poco menos de un a\u00f1o en su nuevo colegio \u2014masculino, religioso\u2014 y se hace amigo de los chicos m\u00e1s rudos, fiesteros y altaneros del lugar. Como cualquier adolescente en busca de aceptaci\u00f3n, logra encajar sin saber qu\u00e9 quiere decir eso para su destino ni el de su familia. En su primera novela, Mar\u00eda del Mar Ram\u00f3n explora los vericuetos de los ataques en manada. Una ciudad y una sociedad que puede existir en cualquier lugar de Am\u00e9rica Latina aparecen en esta exploraci\u00f3n de la masculinidad; en una manera de examinar las motivaciones, los miedos y frustraciones de un pu\u00f1ado de muchachos que vivir\u00e1n el resto de sus d\u00edas sabi\u00e9ndose responsables de una vida que no es s\u00f3lo la suya. \u00bfSe puede escapar del peso de un cuerpo toda la vida?<\/p>\n","protected":false},"excerpt":{"rendered":"<p>Hache lleva poco menos de un a\u00f1o en su nuevo colegio \u2014masculino, religioso\u2014 y se hace amigo de los chicos m\u00e1s rudos, fiesteros y altaneros del lugar. Como cualquier adolescente en busca de aceptaci\u00f3n, logra encajar sin saber qu\u00e9 quiere decir eso para su destino ni el de su familia. En su primera novela, Mar\u00eda&hellip;&nbsp;<a href=\"https:\/\/www.libertocitybell.com\/?product=la-manadamaria-del-mar-ramon\" class=\"\" rel=\"bookmark\">Leer m\u00e1s &raquo;<span class=\"screen-reader-text\">La manada<br \/>\nMar\u00eda Del Mar Ram\u00f3n<\/span><\/a><\/p>\n","protected":false},"featured_media":1561,"comment_status":"open","ping_status":"closed","template":"","meta":{"_coblocks_attr":"","_coblocks_dimensions":"","_coblocks_responsive_height":"","_coblocks_accordion_ie_support":"","neve_meta_sidebar":"","neve_meta_container":"","neve_meta_enable_content_width":"","neve_meta_content_width":0,"neve_meta_title_alignment":"","neve_meta_author_avatar":"","neve_post_elements_order":"","neve_meta_disable_header":"","neve_meta_disable_footer":"","neve_meta_disable_title":"","spay_email":"","jetpack_publicize_message":"","jetpack_is_tweetstorm":false,"jetpack_publicize_feature_enabled":true},"product_cat":[20],"product_tag":[],"class_list":{"0":"post-1562","1":"product","2":"type-product","3":"status-publish","4":"has-post-thumbnail","6":"product_cat-narrativa-internacional","8":"first","9":"outofstock","10":"taxable","11":"shipping-taxable","12":"purchasable","13":"product-type-simple"},"jetpack_publicize_connections":[],"_links":{"self":[{"href":"https:\/\/www.libertocitybell.com\/index.php?rest_route=\/wp\/v2\/product\/1562","targetHints":{"allow":["GET"]}}],"collection":[{"href":"https:\/\/www.libertocitybell.com\/index.php?rest_route=\/wp\/v2\/product"}],"about":[{"href":"https:\/\/www.libertocitybell.com\/index.php?rest_route=\/wp\/v2\/types\/product"}],"replies":[{"embeddable":true,"href":"https:\/\/www.libertocitybell.com\/index.php?rest_route=%2Fwp%2Fv2%2Fcomments&post=1562"}],"wp:featuredmedia":[{"embeddable":true,"href":"https:\/\/www.libertocitybell.com\/index.php?rest_route=\/wp\/v2\/media\/1561"}],"wp:attachment":[{"href":"https:\/\/www.libertocitybell.com\/index.php?rest_route=%2Fwp%2Fv2%2Fmedia&parent=1562"}],"wp:term":[{"taxonomy":"product_cat","embeddable":true,"href":"https:\/\/www.libertocitybell.com\/index.php?rest_route=%2Fwp%2Fv2%2Fproduct_cat&post=1562"},{"taxonomy":"product_tag","embeddable":true,"href":"https:\/\/www.libertocitybell.com\/index.php?rest_route=%2Fwp%2Fv2%2Fproduct_tag&post=1562"}],"curies":[{"name":"wp","href":"https:\/\/api.w.org\/{rel}","templated":true}]}}