{"id":1560,"date":"2022-04-21T10:57:26","date_gmt":"2022-04-21T13:57:26","guid":{"rendered":"https:\/\/www.libertocitybell.com\/?product=antartida-claire-keegan"},"modified":"2023-02-09T16:16:09","modified_gmt":"2023-02-09T19:16:09","slug":"antartida-claire-keegan","status":"publish","type":"product","link":"https:\/\/www.libertocitybell.com\/?product=antartida-claire-keegan","title":{"rendered":"Ant\u00e1rtida \nClaire Keegan"},"content":{"rendered":"<p style=\"margin: 0px 0px 15px;font-family: Lato;font-size: 18px;font-style: normal;font-weight: 400;letter-spacing: normal;text-align: start;text-indent: 0px;text-transform: none;text-decoration: none\">Siguiendo la l\u00ednea que la emparenta con Anton Chejov y Flannery O&#8217;Connor, este volumen de cuentos viene a confirmar, luego de Recorre los campos azules (Eterna Cadencia, 2008), la notable pluma de esta escritora irlandesa.<\/p>\n<p style=\"margin: 15px 0px;font-family: Lato;font-size: 18px;font-style: normal;font-weight: 400;letter-spacing: normal;text-align: start;text-indent: 0px;text-transform: none;text-decoration: none\">Muchos de los relatos que aqu\u00ed se ofrecen proponen miradas de mujeres y ni\u00f1os respecto del mundo familiar y de las relaciones \u00edntimas. Estas miradas desplazadas del centro de la sociedad patriarcal aportan alternativamente escenas de sometimiento o de rebeli\u00f3n, a veces err\u00f3neas, otras veces sabias, siempre en estrecha relaci\u00f3n con el sentido de la vida y con el sufrimiento de los acontecimientos cotidianos.<\/p>\n<p style=\"margin: 15px 0px;font-family: Lato;font-size: 18px;font-style: normal;font-weight: 400;letter-spacing: normal;text-align: start;text-indent: 0px;text-transform: none;text-decoration: none\">En una inesperada conjunci\u00f3n de elementos propios de la superstici\u00f3n y la tradici\u00f3n, por un lado, y de la modernidad y de la rebeli\u00f3n, por el otro, los cuentos de Ant\u00e1rtida resultan un ojo atento que descubre lo que se mueve debajo de la aparente serenidad de las cosas de la vida cotidiana.<\/p>\n<p style=\"margin: 15px 0px;font-family: Lato;font-size: 18px;font-style: normal;font-weight: 400;letter-spacing: normal;text-align: start;text-indent: 0px;text-transform: none;text-decoration: none\">Elegido Libro del A\u00f1o por Los Angeles Times, Ant\u00e1rtida sorprendi\u00f3 a ambos lados del Atl\u00e1ntico. Sus relatos, situados en Irlanda y el sur de Estados Unidos, se sumergen en relaciones, obsesiones y traiciones. Desde una mujer que suspende su vida y se recluye durante diez a\u00f1os a la espera del prometido reencuentro con su amante la \u00faltima noche del siglo, hasta una madre que le prepara a su esposo una sopa con fotos de su hija desaparecida para recordarle una infinita culpa; los personajes de Keegan habitan un mundo donde los sue\u00f1os, la memoria y las oportunidades pueden tener consecuencias atroces. Un libro agudo y perturbador de uno de los talentos m\u00e1s destacados de la narrativa irlandesa.<\/p>\n","protected":false},"excerpt":{"rendered":"<p>Siguiendo la l\u00ednea que la emparenta con Anton Chejov y Flannery O&#8217;Connor, este volumen de cuentos viene a confirmar, luego de Recorre los campos azules (Eterna Cadencia, 2008), la notable pluma de esta escritora irlandesa. Muchos de los relatos que aqu\u00ed se ofrecen proponen miradas de mujeres y ni\u00f1os respecto del mundo familiar y de&hellip;&nbsp;<a href=\"https:\/\/www.libertocitybell.com\/?product=antartida-claire-keegan\" class=\"\" rel=\"bookmark\">Leer m\u00e1s &raquo;<span class=\"screen-reader-text\">Ant\u00e1rtida<br \/>\nClaire Keegan<\/span><\/a><\/p>\n","protected":false},"featured_media":1733,"comment_status":"open","ping_status":"closed","template":"","meta":{"_coblocks_attr":"","_coblocks_dimensions":"","_coblocks_responsive_height":"","_coblocks_accordion_ie_support":"","neve_meta_sidebar":"","neve_meta_container":"","neve_meta_enable_content_width":"","neve_meta_content_width":0,"neve_meta_title_alignment":"","neve_meta_author_avatar":"","neve_post_elements_order":"","neve_meta_disable_header":"","neve_meta_disable_footer":"","neve_meta_disable_title":"","spay_email":"","jetpack_publicize_message":"","jetpack_is_tweetstorm":false,"jetpack_publicize_feature_enabled":true},"product_cat":[20],"product_tag":[],"class_list":{"0":"post-1560","1":"product","2":"type-product","3":"status-publish","4":"has-post-thumbnail","6":"product_cat-narrativa-internacional","8":"first","9":"outofstock","10":"taxable","11":"shipping-taxable","12":"purchasable","13":"product-type-simple"},"jetpack_publicize_connections":[],"_links":{"self":[{"href":"https:\/\/www.libertocitybell.com\/index.php?rest_route=\/wp\/v2\/product\/1560","targetHints":{"allow":["GET"]}}],"collection":[{"href":"https:\/\/www.libertocitybell.com\/index.php?rest_route=\/wp\/v2\/product"}],"about":[{"href":"https:\/\/www.libertocitybell.com\/index.php?rest_route=\/wp\/v2\/types\/product"}],"replies":[{"embeddable":true,"href":"https:\/\/www.libertocitybell.com\/index.php?rest_route=%2Fwp%2Fv2%2Fcomments&post=1560"}],"wp:featuredmedia":[{"embeddable":true,"href":"https:\/\/www.libertocitybell.com\/index.php?rest_route=\/wp\/v2\/media\/1733"}],"wp:attachment":[{"href":"https:\/\/www.libertocitybell.com\/index.php?rest_route=%2Fwp%2Fv2%2Fmedia&parent=1560"}],"wp:term":[{"taxonomy":"product_cat","embeddable":true,"href":"https:\/\/www.libertocitybell.com\/index.php?rest_route=%2Fwp%2Fv2%2Fproduct_cat&post=1560"},{"taxonomy":"product_tag","embeddable":true,"href":"https:\/\/www.libertocitybell.com\/index.php?rest_route=%2Fwp%2Fv2%2Fproduct_tag&post=1560"}],"curies":[{"name":"wp","href":"https:\/\/api.w.org\/{rel}","templated":true}]}}