{"id":1558,"date":"2022-04-21T10:51:51","date_gmt":"2022-04-21T13:51:51","guid":{"rendered":"https:\/\/www.libertocitybell.com\/?product=mis-cuentos-africanosnelson-mandela"},"modified":"2023-02-09T20:35:18","modified_gmt":"2023-02-09T23:35:18","slug":"mis-cuentos-africanosnelson-mandela","status":"publish","type":"product","link":"https:\/\/www.libertocitybell.com\/?product=mis-cuentos-africanosnelson-mandela","title":{"rendered":"Mis cuentos africanos\nNelson Mandela"},"content":{"rendered":"<p><span style=\"font-family: Arial, Helvetica, sans-serif;font-size: 13px;font-style: normal;font-weight: 400;letter-spacing: normal;text-align: left;text-indent: 0px;text-transform: none;text-decoration: none;float: none\">Nelson Mandela recoge en esta magistral antolog\u00eda los cuentos m\u00e1s bellos y antiguos de \u00c1frica. Es una colecci\u00f3n que ofrece un ramillete de entra\u00f1ables relatos, peque\u00f1as muestras de la valerosa esencia de \u00c1frica, que en muchos casos son tambi\u00e9n universales por el retrato que hacen de la humanidad, de los animales y de los seres fant\u00e1sticos. &#8221;Est\u00e1 la liebre&#8221;, observa Mandela en el pr\u00f3logo, &#8221;una pilluela muy ingeniosa; la hiena, que es la perdedora de todas las historias; el le\u00f3n, el jefe de los animales y quien les da regalos; la serpiente, que inspira miedo y a la vez es el s\u00edmbolo del poder sanador; hay tambi\u00e9n hechizos que pueden acarrear la desgracia o conceder la libertad&#8230;&#8221;.<\/span><span style=\"font-family: Arial, Helvetica, sans-serif;font-size: 13px;font-style: normal;font-weight: 400;letter-spacing: normal;text-align: left;text-indent: 0px;text-transform: none;text-decoration: none;float: none\"><span class=\"Apple-converted-space\">&nbsp;<\/span><\/span><\/p>\n<p><span style=\"font-family: Arial, Helvetica, sans-serif;font-size: 13px;font-style: normal;font-weight: 400;letter-spacing: normal;text-align: left;text-indent: 0px;text-transform: none;text-decoration: none;float: none\">Todos los cuentos, adem\u00e1s, est\u00e1n maravillosamente ilustrados en color por 16 artistas africanos.<\/span><\/p>\n","protected":false},"excerpt":{"rendered":"<p>Nelson Mandela recoge en esta magistral antolog\u00eda los cuentos m\u00e1s bellos y antiguos de \u00c1frica. Es una colecci\u00f3n que ofrece un ramillete de entra\u00f1ables relatos, peque\u00f1as muestras de la valerosa esencia de \u00c1frica, que en muchos casos son tambi\u00e9n universales por el retrato que hacen de la humanidad, de los animales y de los seres&hellip;&nbsp;<a href=\"https:\/\/www.libertocitybell.com\/?product=mis-cuentos-africanosnelson-mandela\" class=\"\" rel=\"bookmark\">Leer m\u00e1s &raquo;<span class=\"screen-reader-text\">Mis cuentos africanos<br \/>\nNelson Mandela<\/span><\/a><\/p>\n","protected":false},"featured_media":1557,"comment_status":"open","ping_status":"closed","template":"","meta":{"_coblocks_attr":"","_coblocks_dimensions":"","_coblocks_responsive_height":"","_coblocks_accordion_ie_support":"","neve_meta_sidebar":"","neve_meta_container":"","neve_meta_enable_content_width":"","neve_meta_content_width":0,"neve_meta_title_alignment":"","neve_meta_author_avatar":"","neve_post_elements_order":"","neve_meta_disable_header":"","neve_meta_disable_footer":"","neve_meta_disable_title":"","spay_email":"","jetpack_publicize_message":"","jetpack_is_tweetstorm":false,"jetpack_publicize_feature_enabled":true},"product_cat":[33,20,30],"product_tag":[],"class_list":{"0":"post-1558","1":"product","2":"type-product","3":"status-publish","4":"has-post-thumbnail","6":"product_cat-libro-ilustrado","7":"product_cat-narrativa-internacional","8":"product_cat-ninos-jovenes","10":"first","11":"outofstock","12":"taxable","13":"shipping-taxable","14":"purchasable","15":"product-type-simple"},"jetpack_publicize_connections":[],"_links":{"self":[{"href":"https:\/\/www.libertocitybell.com\/index.php?rest_route=\/wp\/v2\/product\/1558","targetHints":{"allow":["GET"]}}],"collection":[{"href":"https:\/\/www.libertocitybell.com\/index.php?rest_route=\/wp\/v2\/product"}],"about":[{"href":"https:\/\/www.libertocitybell.com\/index.php?rest_route=\/wp\/v2\/types\/product"}],"replies":[{"embeddable":true,"href":"https:\/\/www.libertocitybell.com\/index.php?rest_route=%2Fwp%2Fv2%2Fcomments&post=1558"}],"wp:featuredmedia":[{"embeddable":true,"href":"https:\/\/www.libertocitybell.com\/index.php?rest_route=\/wp\/v2\/media\/1557"}],"wp:attachment":[{"href":"https:\/\/www.libertocitybell.com\/index.php?rest_route=%2Fwp%2Fv2%2Fmedia&parent=1558"}],"wp:term":[{"taxonomy":"product_cat","embeddable":true,"href":"https:\/\/www.libertocitybell.com\/index.php?rest_route=%2Fwp%2Fv2%2Fproduct_cat&post=1558"},{"taxonomy":"product_tag","embeddable":true,"href":"https:\/\/www.libertocitybell.com\/index.php?rest_route=%2Fwp%2Fv2%2Fproduct_tag&post=1558"}],"curies":[{"name":"wp","href":"https:\/\/api.w.org\/{rel}","templated":true}]}}