{"id":1556,"date":"2022-04-21T10:47:51","date_gmt":"2022-04-21T13:47:51","guid":{"rendered":"https:\/\/www.libertocitybell.com\/?product=el-instintoashley-audrian"},"modified":"2023-02-09T16:29:48","modified_gmt":"2023-02-09T19:29:48","slug":"el-instintoashley-audrian","status":"publish","type":"product","link":"https:\/\/www.libertocitybell.com\/?product=el-instintoashley-audrian","title":{"rendered":"El instinto\nAshley Audrian"},"content":{"rendered":"<p><span style=\"font-family: Arial, Helvetica, sans-serif;font-size: 13px;font-style: normal;font-weight: 400;letter-spacing: normal;text-align: left;text-indent: 0px;text-transform: none;text-decoration: none;float: none\">\u00abCre\u00edamos que nos conoc\u00edamos el uno al otro. Cre\u00edamos que nos conoc\u00edamos a nosotros mismos.\u00bb Blythe ya no sabe qu\u00e9 es verdad y qu\u00e9 es mentira: \u00bfest\u00e1 viviendo la vida feliz que siempre dese\u00f3, con un marido perfecto y una hija angelical? \u00bfO est\u00e1 repitiendo la s\u00f3rdida historia de su madre y su abuela, marcada por el desapego y el maltrato? \u00bfEs Fox, su marido, el compa\u00f1ero y padre ideal, o tiene una vida paralela que cada d\u00eda lo aleja m\u00e1s de su casa? Su hija Violet \u00bfes una ni\u00f1a brillante y complicada, que solo quiere que su madre le preste m\u00e1s atenci\u00f3n, o es malvada de nacimiento? Depende del momento y de c\u00f3mo se mire, todo y nada puede parecer verdad o parecer una trampa. El instinto es una novela que se queda grabada. Una historia de horror y redenci\u00f3n, una exploraci\u00f3n del origen de la maldad y del modo ominoso en que los traumas familiares se transmiten de madres a hijas. Esta es, en definitiva, una historia valiente que da pie a que cada lector se interrogue sobre cuestiones dolorosas, personales y, por ello, necesarias. Comentarios de los libreros: \u00abUn debut literario inolvidable: El instinto es una trepidante novela de suspense que explora la maternidad, las obsesiones y las consecuencias del amor incondicional.\u00bb Waterstones \u00abLe\u00ed El instinto en tan solo dos d\u00edas porque no era capaz de parar. \u00bfQu\u00e9 significa ser una buena madre? \u00bfQu\u00e9 pasa si no conectas a nivel emocional con tu hijo? \u00bfCu\u00e1ntos traumas transmiten las madres a sus hijas? El instinto disecciona cuatro generaciones de mujeres al tiempo que analiza el impacto de los hijos en el matrimonio. Me ha encantado.\u00bb Rachel Watkins, Avid Bookshop \u00abEl instinto te obliga a enfrentarte a tus peores miedos sobre la maternidad. Una lectura \u00e1gil y cautivadora. El final te va a estar rondando por la cabeza varios d\u00edas.\u00bb Jenny Siegel, Andersons Larchmont \u00ab\u00edEl instinto es el ejemplo perfecto de lectura adictiva!\u00bb Claire Benedict, Bear Pond Bookstore \u00abLe\u00ed El instinto lo m\u00e1s r\u00e1pido que pude y con la sensaci\u00f3n de tener un nud<\/span><\/p>\n","protected":false},"excerpt":{"rendered":"<p>\u00abCre\u00edamos que nos conoc\u00edamos el uno al otro. Cre\u00edamos que nos conoc\u00edamos a nosotros mismos.\u00bb Blythe ya no sabe qu\u00e9 es verdad y qu\u00e9 es mentira: \u00bfest\u00e1 viviendo la vida feliz que siempre dese\u00f3, con un marido perfecto y una hija angelical? \u00bfO est\u00e1 repitiendo la s\u00f3rdida historia de su madre y su abuela, marcada&hellip;&nbsp;<a href=\"https:\/\/www.libertocitybell.com\/?product=el-instintoashley-audrian\" class=\"\" rel=\"bookmark\">Leer m\u00e1s &raquo;<span class=\"screen-reader-text\">El instinto<br \/>\nAshley Audrian<\/span><\/a><\/p>\n","protected":false},"featured_media":1555,"comment_status":"open","ping_status":"closed","template":"","meta":{"_coblocks_attr":"","_coblocks_dimensions":"","_coblocks_responsive_height":"","_coblocks_accordion_ie_support":"","neve_meta_sidebar":"","neve_meta_container":"","neve_meta_enable_content_width":"","neve_meta_content_width":0,"neve_meta_title_alignment":"","neve_meta_author_avatar":"","neve_post_elements_order":"","neve_meta_disable_header":"","neve_meta_disable_footer":"","neve_meta_disable_title":"","spay_email":"","jetpack_publicize_message":"","jetpack_is_tweetstorm":false,"jetpack_publicize_feature_enabled":true},"product_cat":[20],"product_tag":[],"class_list":{"0":"post-1556","1":"product","2":"type-product","3":"status-publish","4":"has-post-thumbnail","6":"product_cat-narrativa-internacional","8":"first","9":"outofstock","10":"taxable","11":"shipping-taxable","12":"purchasable","13":"product-type-simple"},"jetpack_publicize_connections":[],"_links":{"self":[{"href":"https:\/\/www.libertocitybell.com\/index.php?rest_route=\/wp\/v2\/product\/1556","targetHints":{"allow":["GET"]}}],"collection":[{"href":"https:\/\/www.libertocitybell.com\/index.php?rest_route=\/wp\/v2\/product"}],"about":[{"href":"https:\/\/www.libertocitybell.com\/index.php?rest_route=\/wp\/v2\/types\/product"}],"replies":[{"embeddable":true,"href":"https:\/\/www.libertocitybell.com\/index.php?rest_route=%2Fwp%2Fv2%2Fcomments&post=1556"}],"wp:featuredmedia":[{"embeddable":true,"href":"https:\/\/www.libertocitybell.com\/index.php?rest_route=\/wp\/v2\/media\/1555"}],"wp:attachment":[{"href":"https:\/\/www.libertocitybell.com\/index.php?rest_route=%2Fwp%2Fv2%2Fmedia&parent=1556"}],"wp:term":[{"taxonomy":"product_cat","embeddable":true,"href":"https:\/\/www.libertocitybell.com\/index.php?rest_route=%2Fwp%2Fv2%2Fproduct_cat&post=1556"},{"taxonomy":"product_tag","embeddable":true,"href":"https:\/\/www.libertocitybell.com\/index.php?rest_route=%2Fwp%2Fv2%2Fproduct_tag&post=1556"}],"curies":[{"name":"wp","href":"https:\/\/api.w.org\/{rel}","templated":true}]}}