{"id":1554,"date":"2022-04-21T10:45:42","date_gmt":"2022-04-21T13:45:42","guid":{"rendered":"https:\/\/www.libertocitybell.com\/?product=catedralesclaudia-pineiro"},"modified":"2023-02-09T16:19:45","modified_gmt":"2023-02-09T19:19:45","slug":"catedralesclaudia-pineiro","status":"publish","type":"product","link":"https:\/\/www.libertocitybell.com\/?product=catedralesclaudia-pineiro","title":{"rendered":"Catedrales\nClaudia Pi\u00f1eiro"},"content":{"rendered":"<p><span style=\"font-family: Arial, Helvetica, sans-serif;font-size: 13px;font-style: normal;font-weight: 400;letter-spacing: normal;text-align: left;text-indent: 0px;text-transform: none;text-decoration: none;float: none\">Hace treinta a\u00f1os, en un terreno bald\u00edo de un barrio tranquilo, apareci\u00f3 descuartizado y quemado el cad\u00e1ver de una adolescente. La investigaci\u00f3n se cerr\u00f3 sin culpables y su familia -de clase media educada, formal y cat\u00f3lica- silenciosamente se fue resquebrajando Pero, pasado ese largo tiempo, la verdad oculta saldr\u00e1 a la luz gracias al persistente amor del padre de la v\u00edctima.<\/span><\/p>\n<p><span style=\"font-family: Arial, Helvetica, sans-serif;font-size: 13px;font-style: normal;font-weight: 400;letter-spacing: normal;text-align: left;text-indent: 0px;text-transform: none;text-decoration: none;float: none\">Esa verdad mostrar\u00e1 con crudeza lo que se esconde detr\u00e1s de las apariencias; la crueldad a la que pueden llevar la obediencia y el fanatismo religioso; la complicidad de los temerosos e indiferentes, y tambi\u00e9n, la soledad y el desvalimiento de quienes se animan a seguir su propio camino, ignorando mandatos heredados.<\/span><\/p>\n<p><span style=\"font-family: Arial, Helvetica, sans-serif;font-size: 13px;font-style: normal;font-weight: 400;letter-spacing: normal;text-align: left;text-indent: 0px;text-transform: none;text-decoration: none;float: none\">Como en Las viudas de los jueves, en Elena sabe y en Una suerte peque\u00f1a, Claudia Pi\u00f1eiro ahonda con maestr\u00eda en los lazos familiares, en los prejuicios sociales y en las ideolog\u00edas e instituciones que marcan los mundos privados, y nos entrega una novela conmovedora y valiente, certera como una flecha clavada en el coraz\u00f3n de este drama secreto.<\/span><\/p>\n","protected":false},"excerpt":{"rendered":"<p>Hace treinta a\u00f1os, en un terreno bald\u00edo de un barrio tranquilo, apareci\u00f3 descuartizado y quemado el cad\u00e1ver de una adolescente. La investigaci\u00f3n se cerr\u00f3 sin culpables y su familia -de clase media educada, formal y cat\u00f3lica- silenciosamente se fue resquebrajando Pero, pasado ese largo tiempo, la verdad oculta saldr\u00e1 a la luz gracias al persistente&hellip;&nbsp;<a href=\"https:\/\/www.libertocitybell.com\/?product=catedralesclaudia-pineiro\" class=\"\" rel=\"bookmark\">Leer m\u00e1s &raquo;<span class=\"screen-reader-text\">Catedrales<br \/>\nClaudia Pi\u00f1eiro<\/span><\/a><\/p>\n","protected":false},"featured_media":1553,"comment_status":"open","ping_status":"closed","template":"","meta":{"_coblocks_attr":"","_coblocks_dimensions":"","_coblocks_responsive_height":"","_coblocks_accordion_ie_support":"","neve_meta_sidebar":"","neve_meta_container":"","neve_meta_enable_content_width":"","neve_meta_content_width":0,"neve_meta_title_alignment":"","neve_meta_author_avatar":"","neve_post_elements_order":"","neve_meta_disable_header":"","neve_meta_disable_footer":"","neve_meta_disable_title":"","spay_email":"","jetpack_publicize_message":"","jetpack_is_tweetstorm":false,"jetpack_publicize_feature_enabled":true},"product_cat":[21],"product_tag":[],"class_list":{"0":"post-1554","1":"product","2":"type-product","3":"status-publish","4":"has-post-thumbnail","6":"product_cat-narrativa-argentina","8":"first","9":"outofstock","10":"taxable","11":"shipping-taxable","12":"purchasable","13":"product-type-simple"},"jetpack_publicize_connections":[],"_links":{"self":[{"href":"https:\/\/www.libertocitybell.com\/index.php?rest_route=\/wp\/v2\/product\/1554","targetHints":{"allow":["GET"]}}],"collection":[{"href":"https:\/\/www.libertocitybell.com\/index.php?rest_route=\/wp\/v2\/product"}],"about":[{"href":"https:\/\/www.libertocitybell.com\/index.php?rest_route=\/wp\/v2\/types\/product"}],"replies":[{"embeddable":true,"href":"https:\/\/www.libertocitybell.com\/index.php?rest_route=%2Fwp%2Fv2%2Fcomments&post=1554"}],"wp:featuredmedia":[{"embeddable":true,"href":"https:\/\/www.libertocitybell.com\/index.php?rest_route=\/wp\/v2\/media\/1553"}],"wp:attachment":[{"href":"https:\/\/www.libertocitybell.com\/index.php?rest_route=%2Fwp%2Fv2%2Fmedia&parent=1554"}],"wp:term":[{"taxonomy":"product_cat","embeddable":true,"href":"https:\/\/www.libertocitybell.com\/index.php?rest_route=%2Fwp%2Fv2%2Fproduct_cat&post=1554"},{"taxonomy":"product_tag","embeddable":true,"href":"https:\/\/www.libertocitybell.com\/index.php?rest_route=%2Fwp%2Fv2%2Fproduct_tag&post=1554"}],"curies":[{"name":"wp","href":"https:\/\/api.w.org\/{rel}","templated":true}]}}