{"id":1550,"date":"2022-04-21T10:41:24","date_gmt":"2022-04-21T13:41:24","guid":{"rendered":"https:\/\/www.libertocitybell.com\/?product=las-amigasaurora-venturini"},"modified":"2022-08-10T18:52:53","modified_gmt":"2022-08-10T21:52:53","slug":"las-amigasaurora-venturini","status":"publish","type":"product","link":"https:\/\/www.libertocitybell.com\/?product=las-amigasaurora-venturini","title":{"rendered":"Las amigas\nAurora Venturini"},"content":{"rendered":"<p>La joven pintora Yuna Riglos, protagonista de Las primas, regresa en una mujer de casi ochenta a\u00f1os que se regodea en las reminiscencias de un pasado exitoso y en una soledad interrumpida por desencuentros que califica como amistad. Son las &#8216;amigas&#8217;, que llaman a la puerta de su departamento en La Plata, y Yuna comparte con ellas lo que tiene y lo que le falta. Pero ser\u00e1 dif\u00edcil encontrar sentimientos de amistad en esta coreograf\u00eda de mujeres solitarias movilizadas por la b\u00fasqueda de un poco de cari\u00f1o. &#8216;Novela a contrapelo de las buenas intenciones: ni la vejez ni la sororidad son escenarios sencillos de habitar&#8217;, escribe Liliana Viola en el pr\u00f3logo a esta edici\u00f3n. Sin embargo, Aurora Venturini, fiel a su estilo, logra una vez m\u00e1s tensar las l\u00edneas entre la ficci\u00f3n y el delirio, y atesora la vejez de una Yuna extravagante, ego\u00edsta y fuera de toda convenci\u00f3n. Las amigas es la novela in\u00e9dita de Aurora Venturini, un mon\u00f3logo que comienza a escribir despu\u00e9s del \u00e9xito de Las primas y en el que sigui\u00f3 trabajando durante a\u00f1os. Tusquets Editores recupera la obra de una de las narradoras fundamentales de la literatura contempor\u00e1nea.<\/p>\n","protected":false},"excerpt":{"rendered":"<p>La joven pintora Yuna Riglos, protagonista de Las primas, regresa en una mujer de casi ochenta a\u00f1os que se regodea en las reminiscencias de un pasado exitoso y en una soledad interrumpida por desencuentros que califica como amistad. Son las &#8216;amigas&#8217;, que llaman a la puerta de su departamento en La Plata, y Yuna comparte&hellip;&nbsp;<a href=\"https:\/\/www.libertocitybell.com\/?product=las-amigasaurora-venturini\" class=\"\" rel=\"bookmark\">Leer m\u00e1s &raquo;<span class=\"screen-reader-text\">Las amigas<br \/>\nAurora Venturini<\/span><\/a><\/p>\n","protected":false},"featured_media":1549,"comment_status":"open","ping_status":"closed","template":"","meta":{"_coblocks_attr":"","_coblocks_dimensions":"","_coblocks_responsive_height":"","_coblocks_accordion_ie_support":"","neve_meta_sidebar":"","neve_meta_container":"","neve_meta_enable_content_width":"","neve_meta_content_width":0,"neve_meta_title_alignment":"","neve_meta_author_avatar":"","neve_post_elements_order":"","neve_meta_disable_header":"","neve_meta_disable_footer":"","neve_meta_disable_title":"","spay_email":"","jetpack_publicize_message":"","jetpack_is_tweetstorm":false,"jetpack_publicize_feature_enabled":true},"product_cat":[21],"product_tag":[],"class_list":{"0":"post-1550","1":"product","2":"type-product","3":"status-publish","4":"has-post-thumbnail","6":"product_cat-narrativa-argentina","8":"first","9":"outofstock","10":"taxable","11":"shipping-taxable","12":"purchasable","13":"product-type-simple"},"jetpack_publicize_connections":[],"_links":{"self":[{"href":"https:\/\/www.libertocitybell.com\/index.php?rest_route=\/wp\/v2\/product\/1550","targetHints":{"allow":["GET"]}}],"collection":[{"href":"https:\/\/www.libertocitybell.com\/index.php?rest_route=\/wp\/v2\/product"}],"about":[{"href":"https:\/\/www.libertocitybell.com\/index.php?rest_route=\/wp\/v2\/types\/product"}],"replies":[{"embeddable":true,"href":"https:\/\/www.libertocitybell.com\/index.php?rest_route=%2Fwp%2Fv2%2Fcomments&post=1550"}],"wp:featuredmedia":[{"embeddable":true,"href":"https:\/\/www.libertocitybell.com\/index.php?rest_route=\/wp\/v2\/media\/1549"}],"wp:attachment":[{"href":"https:\/\/www.libertocitybell.com\/index.php?rest_route=%2Fwp%2Fv2%2Fmedia&parent=1550"}],"wp:term":[{"taxonomy":"product_cat","embeddable":true,"href":"https:\/\/www.libertocitybell.com\/index.php?rest_route=%2Fwp%2Fv2%2Fproduct_cat&post=1550"},{"taxonomy":"product_tag","embeddable":true,"href":"https:\/\/www.libertocitybell.com\/index.php?rest_route=%2Fwp%2Fv2%2Fproduct_tag&post=1550"}],"curies":[{"name":"wp","href":"https:\/\/api.w.org\/{rel}","templated":true}]}}