{"id":1548,"date":"2022-04-21T10:18:13","date_gmt":"2022-04-21T13:18:13","guid":{"rendered":"https:\/\/www.libertocitybell.com\/?product=el-viento-que-arrasaselva-almada"},"modified":"2023-02-09T20:07:49","modified_gmt":"2023-02-09T23:07:49","slug":"el-viento-que-arrasaselva-almada","status":"publish","type":"product","link":"https:\/\/www.libertocitybell.com\/?product=el-viento-que-arrasaselva-almada","title":{"rendered":"El viento que arrasa\nSelva Almada"},"content":{"rendered":"<p><span style=\"font-family: Arial, Helvetica, sans-serif;font-size: 13px;font-style: normal;font-weight: 400;letter-spacing: normal;text-align: left;text-indent: 0px;text-transform: none;text-decoration: none;float: none\">&#8220;El viento que arrasa no es un ejercicio de estilo, al contrario: es una obra madura, con un manejo h\u00e1bil del registro oral y una sensorialidad descriptiva alejada de aquel minimalismo expresivo tan corriente en los \u00faltimos a\u00f1os. Escritura sin apenas lirismo, sobria, y precisamente por ello de gran fuerza po\u00e9tica.&#8221; Isaac Rosa, El Pa\u00eds El calor agobia en el monte chaque\u00f1o. \u00bfLlover\u00e1? Varados por una falla mec\u00e1nica, el reverendo Pearson y su hija Leni esperan pacientes que el Gringo Bauer y Tapioca, el chico que hace a\u00f1os han dejado a su cuidado, pueda repararla para seguir camino. En ese cementerio de autos desmantelados y chatarra agr\u00edcola, los adolescentes pasan el rato y los adultos conversan sobre sus propias vidas. El encuentro inesperado cambiar\u00e1 a todos. Padres de sus hijos, hijos a su vez, los adultos se ver\u00e1n confrontados a sus creencias y pasados, un modo de prepararse para lo que vendr\u00e1. Novela imprescindible, El viento que arrasa convirti\u00f3 inmediatamente a Selva Almada en una voz poderosa y nueva que proyect\u00f3 su singularidad a toda la literatura argentina.<\/span><\/p>\n","protected":false},"excerpt":{"rendered":"<p>&#8220;El viento que arrasa no es un ejercicio de estilo, al contrario: es una obra madura, con un manejo h\u00e1bil del registro oral y una sensorialidad descriptiva alejada de aquel minimalismo expresivo tan corriente en los \u00faltimos a\u00f1os. Escritura sin apenas lirismo, sobria, y precisamente por ello de gran fuerza po\u00e9tica.&#8221; Isaac Rosa, El Pa\u00eds&hellip;&nbsp;<a href=\"https:\/\/www.libertocitybell.com\/?product=el-viento-que-arrasaselva-almada\" class=\"\" rel=\"bookmark\">Leer m\u00e1s &raquo;<span class=\"screen-reader-text\">El viento que arrasa<br \/>\nSelva Almada<\/span><\/a><\/p>\n","protected":false},"featured_media":1547,"comment_status":"open","ping_status":"closed","template":"","meta":{"_coblocks_attr":"","_coblocks_dimensions":"","_coblocks_responsive_height":"","_coblocks_accordion_ie_support":"","neve_meta_sidebar":"","neve_meta_container":"","neve_meta_enable_content_width":"","neve_meta_content_width":0,"neve_meta_title_alignment":"","neve_meta_author_avatar":"","neve_post_elements_order":"","neve_meta_disable_header":"","neve_meta_disable_footer":"","neve_meta_disable_title":"","spay_email":"","jetpack_publicize_message":"","jetpack_is_tweetstorm":false,"jetpack_publicize_feature_enabled":true},"product_cat":[21],"product_tag":[],"class_list":{"0":"post-1548","1":"product","2":"type-product","3":"status-publish","4":"has-post-thumbnail","6":"product_cat-narrativa-argentina","8":"first","9":"outofstock","10":"taxable","11":"shipping-taxable","12":"purchasable","13":"product-type-simple"},"jetpack_publicize_connections":[],"_links":{"self":[{"href":"https:\/\/www.libertocitybell.com\/index.php?rest_route=\/wp\/v2\/product\/1548","targetHints":{"allow":["GET"]}}],"collection":[{"href":"https:\/\/www.libertocitybell.com\/index.php?rest_route=\/wp\/v2\/product"}],"about":[{"href":"https:\/\/www.libertocitybell.com\/index.php?rest_route=\/wp\/v2\/types\/product"}],"replies":[{"embeddable":true,"href":"https:\/\/www.libertocitybell.com\/index.php?rest_route=%2Fwp%2Fv2%2Fcomments&post=1548"}],"wp:featuredmedia":[{"embeddable":true,"href":"https:\/\/www.libertocitybell.com\/index.php?rest_route=\/wp\/v2\/media\/1547"}],"wp:attachment":[{"href":"https:\/\/www.libertocitybell.com\/index.php?rest_route=%2Fwp%2Fv2%2Fmedia&parent=1548"}],"wp:term":[{"taxonomy":"product_cat","embeddable":true,"href":"https:\/\/www.libertocitybell.com\/index.php?rest_route=%2Fwp%2Fv2%2Fproduct_cat&post=1548"},{"taxonomy":"product_tag","embeddable":true,"href":"https:\/\/www.libertocitybell.com\/index.php?rest_route=%2Fwp%2Fv2%2Fproduct_tag&post=1548"}],"curies":[{"name":"wp","href":"https:\/\/api.w.org\/{rel}","templated":true}]}}