{"id":1544,"date":"2022-04-21T09:53:02","date_gmt":"2022-04-21T12:53:02","guid":{"rendered":"https:\/\/www.libertocitybell.com\/?product=la-danza-de-la-aranalaura-alcoba"},"modified":"2023-02-09T20:12:21","modified_gmt":"2023-02-09T23:12:21","slug":"la-danza-de-la-aranalaura-alcoba","status":"publish","type":"product","link":"https:\/\/www.libertocitybell.com\/?product=la-danza-de-la-aranalaura-alcoba","title":{"rendered":"La danza de la ara\u00f1a\nLaura Alcoba"},"content":{"rendered":"<p><span style=\"font-family: Arial, Helvetica, sans-serif;font-size: 13px;font-style: normal;font-weight: 400;letter-spacing: normal;text-align: left;text-indent: 0px;text-transform: none;text-decoration: none;float: none\">En su primera novela, La casa de los conejos, Laura Alcoba narraba la historia de una ni\u00f1a, ella misma, en los comienzos de la dictadura argentina. Viviendo en una casa de La Plata donde se imprim\u00eda el peri\u00f3dico Evita Montonera, y con su padre en la c\u00e1rcel. Unos a\u00f1os despu\u00e9s public\u00f3 El azul de las abejas, donde esa misma ni\u00f1a reencuentra a su madre en Francia, y comienza una nueva vida, en una nueva lengua. La danza de la ara\u00f1a es el eslab\u00f3n final de la trilog\u00eda. La ni\u00f1a ya mira de cerca la adolescencia y quiz\u00e1s m\u00e1s que nunca est\u00e1 entre dos mundos: el que est\u00e1 construyendo junto a su madre en otro pa\u00eds, con las incertidumbres, los s\u00fabitos deseos y los temores de la edad; el de su primera infancia, presente en recuerdos cada vez m\u00e1s lejanos, en los relatos que circulan en su departamento en las afueras de Par\u00eds y en las cartas que cruza con su padre, todav\u00eda encarcelado en la Argentina. En el centro de la narraci\u00f3n hay una tar\u00e1ntula que baila en su jaula cuando el due\u00f1o de casa regresa. Y el due\u00f1o la deja salir, para que brevemente aproveche la libertad. La danza de la ara\u00f1a est\u00e1 pautada por esa m\u00fasica y ese contrapunto: la del encierro y la apertura, la de la c\u00e1rcel y las cartas, la de una Buenos Aires de muerte y Par\u00eds y el franc\u00e9s que prometen un extra\u00f1o renacimiento. Con una escritura primorosa, con emotividad arrebatada, Laura Alcoba teje la red de una memoria marcada por el dolor y la p\u00e9rdida que se espeja en un presente palpitante, el que anticipa el v\u00e9rtigo de la juventud y el definitivo fin de la infancia<\/span><\/p>\n","protected":false},"excerpt":{"rendered":"<p>En su primera novela, La casa de los conejos, Laura Alcoba narraba la historia de una ni\u00f1a, ella misma, en los comienzos de la dictadura argentina. Viviendo en una casa de La Plata donde se imprim\u00eda el peri\u00f3dico Evita Montonera, y con su padre en la c\u00e1rcel. Unos a\u00f1os despu\u00e9s public\u00f3 El azul de las&hellip;&nbsp;<a href=\"https:\/\/www.libertocitybell.com\/?product=la-danza-de-la-aranalaura-alcoba\" class=\"\" rel=\"bookmark\">Leer m\u00e1s &raquo;<span class=\"screen-reader-text\">La danza de la ara\u00f1a<br \/>\nLaura Alcoba<\/span><\/a><\/p>\n","protected":false},"featured_media":1543,"comment_status":"open","ping_status":"closed","template":"","meta":{"_coblocks_attr":"","_coblocks_dimensions":"","_coblocks_responsive_height":"","_coblocks_accordion_ie_support":"","neve_meta_sidebar":"","neve_meta_container":"","neve_meta_enable_content_width":"","neve_meta_content_width":0,"neve_meta_title_alignment":"","neve_meta_author_avatar":"","neve_post_elements_order":"","neve_meta_disable_header":"","neve_meta_disable_footer":"","neve_meta_disable_title":"","spay_email":"","jetpack_publicize_message":"","jetpack_is_tweetstorm":false,"jetpack_publicize_feature_enabled":true},"product_cat":[21],"product_tag":[],"class_list":{"0":"post-1544","1":"product","2":"type-product","3":"status-publish","4":"has-post-thumbnail","6":"product_cat-narrativa-argentina","8":"first","9":"outofstock","10":"taxable","11":"shipping-taxable","12":"purchasable","13":"product-type-simple"},"jetpack_publicize_connections":[],"_links":{"self":[{"href":"https:\/\/www.libertocitybell.com\/index.php?rest_route=\/wp\/v2\/product\/1544","targetHints":{"allow":["GET"]}}],"collection":[{"href":"https:\/\/www.libertocitybell.com\/index.php?rest_route=\/wp\/v2\/product"}],"about":[{"href":"https:\/\/www.libertocitybell.com\/index.php?rest_route=\/wp\/v2\/types\/product"}],"replies":[{"embeddable":true,"href":"https:\/\/www.libertocitybell.com\/index.php?rest_route=%2Fwp%2Fv2%2Fcomments&post=1544"}],"wp:featuredmedia":[{"embeddable":true,"href":"https:\/\/www.libertocitybell.com\/index.php?rest_route=\/wp\/v2\/media\/1543"}],"wp:attachment":[{"href":"https:\/\/www.libertocitybell.com\/index.php?rest_route=%2Fwp%2Fv2%2Fmedia&parent=1544"}],"wp:term":[{"taxonomy":"product_cat","embeddable":true,"href":"https:\/\/www.libertocitybell.com\/index.php?rest_route=%2Fwp%2Fv2%2Fproduct_cat&post=1544"},{"taxonomy":"product_tag","embeddable":true,"href":"https:\/\/www.libertocitybell.com\/index.php?rest_route=%2Fwp%2Fv2%2Fproduct_tag&post=1544"}],"curies":[{"name":"wp","href":"https:\/\/api.w.org\/{rel}","templated":true}]}}