{"id":1539,"date":"2022-04-07T10:47:33","date_gmt":"2022-04-07T13:47:33","guid":{"rendered":"https:\/\/www.libertocitybell.com\/?product=el-cocineroharry-kressing"},"modified":"2023-02-09T16:27:13","modified_gmt":"2023-02-09T19:27:13","slug":"el-cocineroharry-kressing","status":"publish","type":"product","link":"https:\/\/www.libertocitybell.com\/?product=el-cocineroharry-kressing","title":{"rendered":"El cocinero\nHarry Kressing"},"content":{"rendered":"<p><span style=\"font-family: Arial, Helvetica, sans-serif;font-size: 13px;font-style: normal;font-weight: normal;letter-spacing: normal;text-align: left;text-indent: 0px;text-transform: none;text-decoration: none;float: none\">En el pueblo de Cobb, un gran castillo llamado la Prominencia se eleva nebuloso y fantasmal sobre una de las colinas m\u00e1s altas.La tradici\u00f3n cuenta que dos familias, los Hill y los Vale, deben unirse en matrimonio para que sus puertas vuelvan a abrirse. Con dos metros de altura, vestido de negro y montado en una bicicleta, el cocinero llega al pueblo.Se llama Conrad, va a emplearse en la mansi\u00f3n de los Hill. Lleva su extraordinaria colecci\u00f3n de recetas, un cuchillo de trinchar y su talento persuasivo. La cocina es su centro de gravitaci\u00f3n : maneja a la perfecci\u00f3n los instrumentos de la gastronom\u00eda y,a partir de ellos, los sabores,que intervienen directamente en el gusto.<\/span><\/p>\n","protected":false},"excerpt":{"rendered":"<p>En el pueblo de Cobb, un gran castillo llamado la Prominencia se eleva nebuloso y fantasmal sobre una de las colinas m\u00e1s altas.La tradici\u00f3n cuenta que dos familias, los Hill y los Vale, deben unirse en matrimonio para que sus puertas vuelvan a abrirse. Con dos metros de altura, vestido de negro y montado en&hellip;&nbsp;<a href=\"https:\/\/www.libertocitybell.com\/?product=el-cocineroharry-kressing\" class=\"\" rel=\"bookmark\">Leer m\u00e1s &raquo;<span class=\"screen-reader-text\">El cocinero<br \/>\nHarry Kressing<\/span><\/a><\/p>\n","protected":false},"featured_media":1538,"comment_status":"open","ping_status":"closed","template":"","meta":{"_coblocks_attr":"","_coblocks_dimensions":"","_coblocks_responsive_height":"","_coblocks_accordion_ie_support":"","neve_meta_sidebar":"","neve_meta_container":"","neve_meta_enable_content_width":"","neve_meta_content_width":0,"neve_meta_title_alignment":"","neve_meta_author_avatar":"","neve_post_elements_order":"","neve_meta_disable_header":"","neve_meta_disable_footer":"","neve_meta_disable_title":"","spay_email":"","jetpack_publicize_message":"","jetpack_is_tweetstorm":false,"jetpack_publicize_feature_enabled":true},"product_cat":[20],"product_tag":[],"class_list":{"0":"post-1539","1":"product","2":"type-product","3":"status-publish","4":"has-post-thumbnail","6":"product_cat-narrativa-internacional","8":"first","9":"outofstock","10":"taxable","11":"shipping-taxable","12":"purchasable","13":"product-type-simple"},"jetpack_publicize_connections":[],"_links":{"self":[{"href":"https:\/\/www.libertocitybell.com\/index.php?rest_route=\/wp\/v2\/product\/1539","targetHints":{"allow":["GET"]}}],"collection":[{"href":"https:\/\/www.libertocitybell.com\/index.php?rest_route=\/wp\/v2\/product"}],"about":[{"href":"https:\/\/www.libertocitybell.com\/index.php?rest_route=\/wp\/v2\/types\/product"}],"replies":[{"embeddable":true,"href":"https:\/\/www.libertocitybell.com\/index.php?rest_route=%2Fwp%2Fv2%2Fcomments&post=1539"}],"wp:featuredmedia":[{"embeddable":true,"href":"https:\/\/www.libertocitybell.com\/index.php?rest_route=\/wp\/v2\/media\/1538"}],"wp:attachment":[{"href":"https:\/\/www.libertocitybell.com\/index.php?rest_route=%2Fwp%2Fv2%2Fmedia&parent=1539"}],"wp:term":[{"taxonomy":"product_cat","embeddable":true,"href":"https:\/\/www.libertocitybell.com\/index.php?rest_route=%2Fwp%2Fv2%2Fproduct_cat&post=1539"},{"taxonomy":"product_tag","embeddable":true,"href":"https:\/\/www.libertocitybell.com\/index.php?rest_route=%2Fwp%2Fv2%2Fproduct_tag&post=1539"}],"curies":[{"name":"wp","href":"https:\/\/api.w.org\/{rel}","templated":true}]}}