{"id":1533,"date":"2022-04-07T10:39:24","date_gmt":"2022-04-07T13:39:24","guid":{"rendered":"https:\/\/www.libertocitybell.com\/?product=afile-el-lapicerodaniel-cassany"},"modified":"2023-02-09T16:15:03","modified_gmt":"2023-02-09T19:15:03","slug":"afile-el-lapicerodaniel-cassany","status":"publish","type":"product","link":"https:\/\/www.libertocitybell.com\/?product=afile-el-lapicerodaniel-cassany","title":{"rendered":"Afilar el lapicero\nDaniel Cassany"},"content":{"rendered":"<p><span>\u00bfPendiente de concluir un escrito comprometido? \u00bfAngustiado ante la redacci\u00f3n del \u00abart\u00edculo definitivo\u00bb? \u00bfCon responsabilidades en la revisi\u00f3n de los textos? \u00bfInteresada en la calidad comunicativa?, \u00bfen la formaci\u00f3n de comunicadores? \u00a1\u00c9ste es tu libro! Redactar es mucho m\u00e1s que transmitir datos: escribiendo se \u00abelabora\u00bb el conocimiento, se construye la identidad del autor, se elige al lector, se ejerce el poder, se organiza el mundo&#8230; Dominar la escritura es esencial en esta sociedad letrada en que vivimos. \u00a1Qu\u00e9 contundente, delicado o resolutivo puede ser el discurso si se usa con perspicacia! Pero \u00a1qu\u00e9 zafio, confuso e irritante llega a ser en manos de la torpeza! Hace a\u00f1os, Cassany abri\u00f3 La cocina de la escritura a las miradas curiosas para mostrar el abec\u00e9 de esta herramienta. Ahora se dirige a los m\u00e1s iniciados para ense\u00f1arles c\u00f3mo pueden afilar todav\u00eda m\u00e1s el lapicero. Autores, editores, supervisores y lectores encontrar\u00e1n aqu\u00ed nuevos criterios para cumplir con sus tareas con mayor pertinencia. \u00abSi La cocina de la escritura era un curso, Afilar el lapicero es el m\u00e1ster: un paso adelante en el oficio de escribir, centrado en usos profesionales, \u00fatiles para todo tipo de documentos, desde los t\u00e9cnicos y administrativos hasta los puramente cient\u00edficos\u00bb (Mag\u00ed Camps, La Vanguardia). \u00abOfrece los recursos necesarios para construir un texto especializado de forma \u00f3ptima. Se trata de un curso de redacci\u00f3n avanzado\u00bb (M. Rosa Bay\u00e0, El Peri\u00f3dico). \u00ab\u00datil y ameno dec\u00e1logo con consignas sencillas, en estilo llano y fluido, para profesionales o todo lector preocupado en tratar de dominar el arte de la redacci\u00f3n\u00bb (Raquel Loiza, La Naci\u00f3n, Argentina).<\/span><\/p>\n","protected":false},"excerpt":{"rendered":"<p>\u00bfPendiente de concluir un escrito comprometido? \u00bfAngustiado ante la redacci\u00f3n del \u00abart\u00edculo definitivo\u00bb? \u00bfCon responsabilidades en la revisi\u00f3n de los textos? \u00bfInteresada en la calidad comunicativa?, \u00bfen la formaci\u00f3n de comunicadores? \u00a1\u00c9ste es tu libro! Redactar es mucho m\u00e1s que transmitir datos: escribiendo se \u00abelabora\u00bb el conocimiento, se construye la identidad del autor, se elige&hellip;&nbsp;<a href=\"https:\/\/www.libertocitybell.com\/?product=afile-el-lapicerodaniel-cassany\" class=\"\" rel=\"bookmark\">Leer m\u00e1s &raquo;<span class=\"screen-reader-text\">Afilar el lapicero<br \/>\nDaniel Cassany<\/span><\/a><\/p>\n","protected":false},"featured_media":1532,"comment_status":"open","ping_status":"closed","template":"","meta":{"_coblocks_attr":"","_coblocks_dimensions":"","_coblocks_responsive_height":"","_coblocks_accordion_ie_support":"","neve_meta_sidebar":"","neve_meta_container":"","neve_meta_enable_content_width":"","neve_meta_content_width":0,"neve_meta_title_alignment":"","neve_meta_author_avatar":"","neve_post_elements_order":"","neve_meta_disable_header":"","neve_meta_disable_footer":"","neve_meta_disable_title":"","spay_email":"","jetpack_publicize_message":"","jetpack_is_tweetstorm":false,"jetpack_publicize_feature_enabled":true},"product_cat":[51],"product_tag":[],"class_list":{"0":"post-1533","1":"product","2":"type-product","3":"status-publish","4":"has-post-thumbnail","6":"product_cat-ensayo","8":"first","9":"outofstock","10":"taxable","11":"shipping-taxable","12":"purchasable","13":"product-type-simple"},"jetpack_publicize_connections":[],"_links":{"self":[{"href":"https:\/\/www.libertocitybell.com\/index.php?rest_route=\/wp\/v2\/product\/1533","targetHints":{"allow":["GET"]}}],"collection":[{"href":"https:\/\/www.libertocitybell.com\/index.php?rest_route=\/wp\/v2\/product"}],"about":[{"href":"https:\/\/www.libertocitybell.com\/index.php?rest_route=\/wp\/v2\/types\/product"}],"replies":[{"embeddable":true,"href":"https:\/\/www.libertocitybell.com\/index.php?rest_route=%2Fwp%2Fv2%2Fcomments&post=1533"}],"wp:featuredmedia":[{"embeddable":true,"href":"https:\/\/www.libertocitybell.com\/index.php?rest_route=\/wp\/v2\/media\/1532"}],"wp:attachment":[{"href":"https:\/\/www.libertocitybell.com\/index.php?rest_route=%2Fwp%2Fv2%2Fmedia&parent=1533"}],"wp:term":[{"taxonomy":"product_cat","embeddable":true,"href":"https:\/\/www.libertocitybell.com\/index.php?rest_route=%2Fwp%2Fv2%2Fproduct_cat&post=1533"},{"taxonomy":"product_tag","embeddable":true,"href":"https:\/\/www.libertocitybell.com\/index.php?rest_route=%2Fwp%2Fv2%2Fproduct_tag&post=1533"}],"curies":[{"name":"wp","href":"https:\/\/api.w.org\/{rel}","templated":true}]}}