{"id":1529,"date":"2022-04-07T10:30:34","date_gmt":"2022-04-07T13:30:34","guid":{"rendered":"https:\/\/www.libertocitybell.com\/?product=el-asedio-animallondono-vanesa"},"modified":"2023-02-09T16:26:26","modified_gmt":"2023-02-09T19:26:26","slug":"el-asedio-animallondono-vanesa","status":"publish","type":"product","link":"https:\/\/www.libertocitybell.com\/?product=el-asedio-animallondono-vanesa","title":{"rendered":"El asedio animal\nLondo\u00f1o Vanesa"},"content":{"rendered":"<p><span style=\"font-family: Arial, Helvetica, sans-serif;font-size: 13px;font-style: normal;font-weight: normal;letter-spacing: normal;text-align: left;text-indent: 0px;text-transform: none;text-decoration: none;float: none\">En un peque\u00f1o pueblo colombiano; cerca del mar Caribe; los personajes de esta novela comparten un destino com\u00fan de p\u00e9rdidas \u00bfde tierras; de familiares; de cultivos\u00bf y mutilaciones \u00bfde piernas; de manos; de ojos; de lengua. La violencia acecha y ante el primer indicio de deseo o placer de estos cuerpos el castigo es tan brutal como implacable. Incluso la exuberancia de la naturaleza atenta contra la vida,&nbsp;dejando como \u00fanica posibilidad el m\u00e1s absoluto desamparo.<\/span><\/p>\n<p><span style=\"font-family: Arial, Helvetica, sans-serif;font-size: 13px;font-style: normal;font-weight: normal;letter-spacing: normal;text-align: left;text-indent: 0px;text-transform: none;text-decoration: none;float: none\">Sin embargo; tambi\u00e9n de las mutilaciones brota vida y la memoria por momentos retorna como un atisbo de resistencia.<\/span><\/p>\n<p><span style=\"font-family: Arial, Helvetica, sans-serif;font-size: 13px;font-style: normal;font-weight: normal;letter-spacing: normal;text-align: left;text-indent: 0px;text-transform: none;text-decoration: none;float: none\">Con una prosa tenaz; Vanessa Londo\u00f1o construye una novela inolvidable que retrata las consecuencias del horror en un territorio sin c\u00f3digos ni leyes; dedicado a repetirse perpetuamente hasta que no cicatricen las heridas.<\/span><\/p>\n","protected":false},"excerpt":{"rendered":"<p>En un peque\u00f1o pueblo colombiano; cerca del mar Caribe; los personajes de esta novela comparten un destino com\u00fan de p\u00e9rdidas \u00bfde tierras; de familiares; de cultivos\u00bf y mutilaciones \u00bfde piernas; de manos; de ojos; de lengua. La violencia acecha y ante el primer indicio de deseo o placer de estos cuerpos el castigo es tan&hellip;&nbsp;<a href=\"https:\/\/www.libertocitybell.com\/?product=el-asedio-animallondono-vanesa\" class=\"\" rel=\"bookmark\">Leer m\u00e1s &raquo;<span class=\"screen-reader-text\">El asedio animal<br \/>\nLondo\u00f1o Vanesa<\/span><\/a><\/p>\n","protected":false},"featured_media":1528,"comment_status":"open","ping_status":"closed","template":"","meta":{"_coblocks_attr":"","_coblocks_dimensions":"","_coblocks_responsive_height":"","_coblocks_accordion_ie_support":"","neve_meta_sidebar":"","neve_meta_container":"","neve_meta_enable_content_width":"","neve_meta_content_width":0,"neve_meta_title_alignment":"","neve_meta_author_avatar":"","neve_post_elements_order":"","neve_meta_disable_header":"","neve_meta_disable_footer":"","neve_meta_disable_title":"","spay_email":"","jetpack_publicize_message":"","jetpack_is_tweetstorm":false,"jetpack_publicize_feature_enabled":true},"product_cat":[22],"product_tag":[],"class_list":{"0":"post-1529","1":"product","2":"type-product","3":"status-publish","4":"has-post-thumbnail","6":"product_cat-narrativa-latinoamericana","8":"first","9":"outofstock","10":"taxable","11":"shipping-taxable","12":"purchasable","13":"product-type-simple"},"jetpack_publicize_connections":[],"_links":{"self":[{"href":"https:\/\/www.libertocitybell.com\/index.php?rest_route=\/wp\/v2\/product\/1529","targetHints":{"allow":["GET"]}}],"collection":[{"href":"https:\/\/www.libertocitybell.com\/index.php?rest_route=\/wp\/v2\/product"}],"about":[{"href":"https:\/\/www.libertocitybell.com\/index.php?rest_route=\/wp\/v2\/types\/product"}],"replies":[{"embeddable":true,"href":"https:\/\/www.libertocitybell.com\/index.php?rest_route=%2Fwp%2Fv2%2Fcomments&post=1529"}],"wp:featuredmedia":[{"embeddable":true,"href":"https:\/\/www.libertocitybell.com\/index.php?rest_route=\/wp\/v2\/media\/1528"}],"wp:attachment":[{"href":"https:\/\/www.libertocitybell.com\/index.php?rest_route=%2Fwp%2Fv2%2Fmedia&parent=1529"}],"wp:term":[{"taxonomy":"product_cat","embeddable":true,"href":"https:\/\/www.libertocitybell.com\/index.php?rest_route=%2Fwp%2Fv2%2Fproduct_cat&post=1529"},{"taxonomy":"product_tag","embeddable":true,"href":"https:\/\/www.libertocitybell.com\/index.php?rest_route=%2Fwp%2Fv2%2Fproduct_tag&post=1529"}],"curies":[{"name":"wp","href":"https:\/\/api.w.org\/{rel}","templated":true}]}}