{"id":1524,"date":"2022-04-07T10:20:50","date_gmt":"2022-04-07T13:20:50","guid":{"rendered":"https:\/\/www.libertocitybell.com\/?product=eramos-unos-ninospatti-smith"},"modified":"2023-02-09T20:08:34","modified_gmt":"2023-02-09T23:08:34","slug":"eramos-unos-ninospatti-smith","status":"publish","type":"product","link":"https:\/\/www.libertocitybell.com\/?product=eramos-unos-ninospatti-smith","title":{"rendered":"\u00c9ramos unos ni\u00f1os\nPatti Smith"},"content":{"rendered":"<p><span style=\"font-family: Arial, Helvetica, sans-serif;font-size: 13px;font-style: normal;font-weight: normal;letter-spacing: normal;text-align: left;text-indent: 0px;text-transform: none;text-decoration: none;float: none\">Sucedi\u00f3 en el mes de julio de 1967 y eran unos ni\u00f1os, pero a partir de entonces Patti Smith y Robert Mapplethorpe sellaron una amistad que solo acabar\u00eda con la muerte del gran fot\u00f3grafo, en 1989. De eso habla este espl\u00e9ndido libro de memorias, de la vida en com\u00fan de dos artistas, los dos entusiastas y apasionados, que cruzaron a grandes pasos la periferia de Nueva York para llegar hasta el centro neur\u00e1lgico del nuevo arte. Fue as\u00ed como acabaron instal\u00e1ndose en el hotel Chelsea y se convirtieron en los protagonistas de un mundo hoy ya perdido donde reinaban Allen Ginsberg, Andy Warhol y sus chicos, y se creaban las grandes bandas de m\u00fasica que marcaron los a\u00f1os finales del siglo XX, mientras el sida hac\u00eda estragos.<\/span><br \/>\n<span style=\"font-family: Arial, Helvetica, sans-serif;font-size: 13px;font-style: normal;font-weight: normal;letter-spacing: normal;text-align: left;text-indent: 0px;text-transform: none;text-decoration: none;float: none\">Lejos de ser un libro triste y nost\u00e1lgico, Eramos unos ni\u00f1os es un homenaje a la amistad sin trabas, y sus p\u00e1ginas cargadas de vitalidad y humor nos devuelven el sabor de esa gran ciudad donde hubo un tiempo en que casi todo era posible.<\/span><\/p>\n","protected":false},"excerpt":{"rendered":"<p>Sucedi\u00f3 en el mes de julio de 1967 y eran unos ni\u00f1os, pero a partir de entonces Patti Smith y Robert Mapplethorpe sellaron una amistad que solo acabar\u00eda con la muerte del gran fot\u00f3grafo, en 1989. De eso habla este espl\u00e9ndido libro de memorias, de la vida en com\u00fan de dos artistas, los dos entusiastas&hellip;&nbsp;<a href=\"https:\/\/www.libertocitybell.com\/?product=eramos-unos-ninospatti-smith\" class=\"\" rel=\"bookmark\">Leer m\u00e1s &raquo;<span class=\"screen-reader-text\">\u00c9ramos unos ni\u00f1os<br \/>\nPatti Smith<\/span><\/a><\/p>\n","protected":false},"featured_media":1523,"comment_status":"open","ping_status":"closed","template":"","meta":{"_coblocks_attr":"","_coblocks_dimensions":"","_coblocks_responsive_height":"","_coblocks_accordion_ie_support":"","neve_meta_sidebar":"","neve_meta_container":"","neve_meta_enable_content_width":"","neve_meta_content_width":0,"neve_meta_title_alignment":"","neve_meta_author_avatar":"","neve_post_elements_order":"","neve_meta_disable_header":"","neve_meta_disable_footer":"","neve_meta_disable_title":"","spay_email":"","jetpack_publicize_message":"","jetpack_is_tweetstorm":false,"jetpack_publicize_feature_enabled":true},"product_cat":[51],"product_tag":[],"class_list":{"0":"post-1524","1":"product","2":"type-product","3":"status-publish","4":"has-post-thumbnail","6":"product_cat-ensayo","8":"first","9":"outofstock","10":"taxable","11":"shipping-taxable","12":"purchasable","13":"product-type-simple"},"jetpack_publicize_connections":[],"_links":{"self":[{"href":"https:\/\/www.libertocitybell.com\/index.php?rest_route=\/wp\/v2\/product\/1524","targetHints":{"allow":["GET"]}}],"collection":[{"href":"https:\/\/www.libertocitybell.com\/index.php?rest_route=\/wp\/v2\/product"}],"about":[{"href":"https:\/\/www.libertocitybell.com\/index.php?rest_route=\/wp\/v2\/types\/product"}],"replies":[{"embeddable":true,"href":"https:\/\/www.libertocitybell.com\/index.php?rest_route=%2Fwp%2Fv2%2Fcomments&post=1524"}],"wp:featuredmedia":[{"embeddable":true,"href":"https:\/\/www.libertocitybell.com\/index.php?rest_route=\/wp\/v2\/media\/1523"}],"wp:attachment":[{"href":"https:\/\/www.libertocitybell.com\/index.php?rest_route=%2Fwp%2Fv2%2Fmedia&parent=1524"}],"wp:term":[{"taxonomy":"product_cat","embeddable":true,"href":"https:\/\/www.libertocitybell.com\/index.php?rest_route=%2Fwp%2Fv2%2Fproduct_cat&post=1524"},{"taxonomy":"product_tag","embeddable":true,"href":"https:\/\/www.libertocitybell.com\/index.php?rest_route=%2Fwp%2Fv2%2Fproduct_tag&post=1524"}],"curies":[{"name":"wp","href":"https:\/\/api.w.org\/{rel}","templated":true}]}}