{"id":1500,"date":"2022-04-06T11:22:36","date_gmt":"2022-04-06T14:22:36","guid":{"rendered":"https:\/\/www.libertocitybell.com\/?product=canto-yo-y-la-montana-bailairene-sola"},"modified":"2023-02-09T16:19:25","modified_gmt":"2023-02-09T19:19:25","slug":"canto-yo-y-la-montana-bailairene-sola","status":"publish","type":"product","link":"https:\/\/www.libertocitybell.com\/?product=canto-yo-y-la-montana-bailairene-sola","title":{"rendered":"Canto yo y la monta\u00f1a baila\nIrene Sol\u00e1"},"content":{"rendered":"<p><em>Canto yo y la monta\u00f1a baila<\/em><span><span class=\"Apple-converted-space\">&nbsp;<\/span><\/span><span>es una novela en la que toman la palabra mujeres y hombres, fantasmas y mujeres de agua, nubes y setas, perros y corzos que habitan entre Camprodon y Prats de Moll\u00f3, en los Pirineos. Una zona de alta monta\u00f1a y de frontera que, m\u00e1s all\u00e1 de la leyenda, conserva la memoria de siglos de lucha por la supervivencia, de persecuciones guiadas por la ignorancia y el fanatismo, de guerras fratricidas, pero que encarna tambi\u00e9n una belleza a la que no le hacen falta muchos adjetivos. Un terreno f\u00e9rtil para liberar la imaginaci\u00f3n y el pensamiento, las ganas de hablar y de contar historias. Un lugar, quiz\u00e1s, para empezar de nuevo y encontrar cierta redenci\u00f3n.<\/span><\/p>\n","protected":false},"excerpt":{"rendered":"<p>Canto yo y la monta\u00f1a baila&nbsp;es una novela en la que toman la palabra mujeres y hombres, fantasmas y mujeres de agua, nubes y setas, perros y corzos que habitan entre Camprodon y Prats de Moll\u00f3, en los Pirineos. Una zona de alta monta\u00f1a y de frontera que, m\u00e1s all\u00e1 de la leyenda, conserva la&hellip;&nbsp;<a href=\"https:\/\/www.libertocitybell.com\/?product=canto-yo-y-la-montana-bailairene-sola\" class=\"\" rel=\"bookmark\">Leer m\u00e1s &raquo;<span class=\"screen-reader-text\">Canto yo y la monta\u00f1a baila<br \/>\nIrene Sol\u00e1<\/span><\/a><\/p>\n","protected":false},"featured_media":1499,"comment_status":"open","ping_status":"closed","template":"","meta":{"_coblocks_attr":"","_coblocks_dimensions":"","_coblocks_responsive_height":"","_coblocks_accordion_ie_support":"","neve_meta_sidebar":"","neve_meta_container":"","neve_meta_enable_content_width":"","neve_meta_content_width":0,"neve_meta_title_alignment":"","neve_meta_author_avatar":"","neve_post_elements_order":"","neve_meta_disable_header":"","neve_meta_disable_footer":"","neve_meta_disable_title":"","spay_email":"","jetpack_publicize_message":"","jetpack_is_tweetstorm":false,"jetpack_publicize_feature_enabled":true},"product_cat":[20],"product_tag":[],"class_list":{"0":"post-1500","1":"product","2":"type-product","3":"status-publish","4":"has-post-thumbnail","6":"product_cat-narrativa-internacional","8":"first","9":"outofstock","10":"taxable","11":"shipping-taxable","12":"purchasable","13":"product-type-simple"},"jetpack_publicize_connections":[],"_links":{"self":[{"href":"https:\/\/www.libertocitybell.com\/index.php?rest_route=\/wp\/v2\/product\/1500","targetHints":{"allow":["GET"]}}],"collection":[{"href":"https:\/\/www.libertocitybell.com\/index.php?rest_route=\/wp\/v2\/product"}],"about":[{"href":"https:\/\/www.libertocitybell.com\/index.php?rest_route=\/wp\/v2\/types\/product"}],"replies":[{"embeddable":true,"href":"https:\/\/www.libertocitybell.com\/index.php?rest_route=%2Fwp%2Fv2%2Fcomments&post=1500"}],"wp:featuredmedia":[{"embeddable":true,"href":"https:\/\/www.libertocitybell.com\/index.php?rest_route=\/wp\/v2\/media\/1499"}],"wp:attachment":[{"href":"https:\/\/www.libertocitybell.com\/index.php?rest_route=%2Fwp%2Fv2%2Fmedia&parent=1500"}],"wp:term":[{"taxonomy":"product_cat","embeddable":true,"href":"https:\/\/www.libertocitybell.com\/index.php?rest_route=%2Fwp%2Fv2%2Fproduct_cat&post=1500"},{"taxonomy":"product_tag","embeddable":true,"href":"https:\/\/www.libertocitybell.com\/index.php?rest_route=%2Fwp%2Fv2%2Fproduct_tag&post=1500"}],"curies":[{"name":"wp","href":"https:\/\/api.w.org\/{rel}","templated":true}]}}