{"id":1498,"date":"2022-04-06T11:11:25","date_gmt":"2022-04-06T14:11:25","guid":{"rendered":"https:\/\/www.libertocitybell.com\/?product=vivo-mas-feliz-en-la-tormenta-rosa-luxemburgo"},"modified":"2023-02-09T20:53:43","modified_gmt":"2023-02-09T23:53:43","slug":"vivo-mas-feliz-en-la-tormenta-rosa-luxemburgo","status":"publish","type":"product","link":"https:\/\/www.libertocitybell.com\/?product=vivo-mas-feliz-en-la-tormenta-rosa-luxemburgo","title":{"rendered":"Vivo m\u00e1s feliz en la tormenta \nRosa Luxemburgo"},"content":{"rendered":"<p><span style=\"font-family: Raleway, sans-serif;font-size: 14px;font-style: normal;font-weight: normal;letter-spacing: normal;text-align: start;text-indent: 0px;text-transform: none;text-decoration: none;float: none\">Estas cartas, en las que se entretejen el amor y la complicidad, lejos de reducirse al apoyo frente a la adversidad que acompa\u00f1a los d\u00edas de Rosa, constituyen un espacio de construcci\u00f3n pol\u00edtica. El colonialismo, el imperialismo, las desigualdades entre varones y mujeres son algunas de las preocupaciones que se entrelazan en las cartas con aspectos menos conocidos de Luxemburgo: su placer por la lectura, sus habilidades con el dibujo, su amor por lxs vivientes no humanxs, en especial por las flores, los p\u00e1jaros y por su adorada gata Mimi. Escritas con el pulso propio de las huidas, los arrestos y el frenes\u00ed de la militancia cotidiana, en estos textos se lee una \u00e9tica del cuidado que abre una dimensi\u00f3n afectiva de la vida pol\u00edtica.<\/span><\/p>\n","protected":false},"excerpt":{"rendered":"<p>Estas cartas, en las que se entretejen el amor y la complicidad, lejos de reducirse al apoyo frente a la adversidad que acompa\u00f1a los d\u00edas de Rosa, constituyen un espacio de construcci\u00f3n pol\u00edtica. El colonialismo, el imperialismo, las desigualdades entre varones y mujeres son algunas de las preocupaciones que se entrelazan en las cartas con&hellip;&nbsp;<a href=\"https:\/\/www.libertocitybell.com\/?product=vivo-mas-feliz-en-la-tormenta-rosa-luxemburgo\" class=\"\" rel=\"bookmark\">Leer m\u00e1s &raquo;<span class=\"screen-reader-text\">Vivo m\u00e1s feliz en la tormenta<br \/>\nRosa Luxemburgo<\/span><\/a><\/p>\n","protected":false},"featured_media":1497,"comment_status":"open","ping_status":"closed","template":"","meta":{"_coblocks_attr":"","_coblocks_dimensions":"","_coblocks_responsive_height":"","_coblocks_accordion_ie_support":"","neve_meta_sidebar":"","neve_meta_container":"","neve_meta_enable_content_width":"","neve_meta_content_width":0,"neve_meta_title_alignment":"","neve_meta_author_avatar":"","neve_post_elements_order":"","neve_meta_disable_header":"","neve_meta_disable_footer":"","neve_meta_disable_title":"","spay_email":"","jetpack_publicize_message":"","jetpack_is_tweetstorm":false,"jetpack_publicize_feature_enabled":true},"product_cat":[20],"product_tag":[],"class_list":{"0":"post-1498","1":"product","2":"type-product","3":"status-publish","4":"has-post-thumbnail","6":"product_cat-narrativa-internacional","8":"first","9":"outofstock","10":"taxable","11":"shipping-taxable","12":"purchasable","13":"product-type-simple"},"jetpack_publicize_connections":[],"_links":{"self":[{"href":"https:\/\/www.libertocitybell.com\/index.php?rest_route=\/wp\/v2\/product\/1498","targetHints":{"allow":["GET"]}}],"collection":[{"href":"https:\/\/www.libertocitybell.com\/index.php?rest_route=\/wp\/v2\/product"}],"about":[{"href":"https:\/\/www.libertocitybell.com\/index.php?rest_route=\/wp\/v2\/types\/product"}],"replies":[{"embeddable":true,"href":"https:\/\/www.libertocitybell.com\/index.php?rest_route=%2Fwp%2Fv2%2Fcomments&post=1498"}],"wp:featuredmedia":[{"embeddable":true,"href":"https:\/\/www.libertocitybell.com\/index.php?rest_route=\/wp\/v2\/media\/1497"}],"wp:attachment":[{"href":"https:\/\/www.libertocitybell.com\/index.php?rest_route=%2Fwp%2Fv2%2Fmedia&parent=1498"}],"wp:term":[{"taxonomy":"product_cat","embeddable":true,"href":"https:\/\/www.libertocitybell.com\/index.php?rest_route=%2Fwp%2Fv2%2Fproduct_cat&post=1498"},{"taxonomy":"product_tag","embeddable":true,"href":"https:\/\/www.libertocitybell.com\/index.php?rest_route=%2Fwp%2Fv2%2Fproduct_tag&post=1498"}],"curies":[{"name":"wp","href":"https:\/\/api.w.org\/{rel}","templated":true}]}}