{"id":1496,"date":"2022-04-06T11:05:13","date_gmt":"2022-04-06T14:05:13","guid":{"rendered":"https:\/\/www.libertocitybell.com\/?product=las-senoritas-laura-ramos"},"modified":"2023-02-09T20:29:57","modified_gmt":"2023-02-09T23:29:57","slug":"las-senoritas-laura-ramos","status":"publish","type":"product","link":"https:\/\/www.libertocitybell.com\/?product=las-senoritas-laura-ramos","title":{"rendered":"Las se\u00f1oritas \nLaura Ramos"},"content":{"rendered":"<p><span style=\"font-family: Arial, Helvetica, sans-serif;font-size: 13px;font-style: normal;font-weight: normal;letter-spacing: normal;text-align: left;text-indent: 0px;text-transform: none;text-decoration: none;float: none\">En la concreci\u00f3n de su febril sue\u00f1o civilizador, Sarmiento no escatim\u00f3 recursos pero tampoco tropel\u00edas. Su cruzada en favor de universalizar la lectoescritura en la Argentina se materializ\u00f3 en una sucesi\u00f3n de iniciativas signadas por un fuerte sentido de lo \u00e9pico y una inocultable admiraci\u00f3n por los Estados Unidos de Am\u00e9rica. Entre ellas, ninguna resulta tan cautivante como la &#8220;importaci\u00f3n&#8221; de sesenta y una j\u00f3venes maestras de ese pa\u00eds al nuestro. Si en la batalla de la educaci\u00f3n se jugaba la guerra por la construcci\u00f3n de una naci\u00f3n, las se\u00f1oritas llegadas entre 1869 y 1898 configuraron un cap\u00edtulo fundamental de esa lucha que contempor\u00e1neamente era f\u00e1cil dar por perdida de antemano. En este libro \u00fanico por su rigor historiogr\u00e1fico y su delicadeza narrativa, Laura Ramos urde los hilos de sus biograf\u00edas y borda la filigrana \u00edntima y dom\u00e9stica de su historia hecha de amores, tragedias, relaciones prohibidas, batallas pedag\u00f3gicas y aventuras, recortada sobre el fondo de los antagonismos pol\u00edticos que asolaban la rep\u00fablica que dejaba atr\u00e1s su pasado colonial.<\/span><\/p>\n","protected":false},"excerpt":{"rendered":"<p>En la concreci\u00f3n de su febril sue\u00f1o civilizador, Sarmiento no escatim\u00f3 recursos pero tampoco tropel\u00edas. Su cruzada en favor de universalizar la lectoescritura en la Argentina se materializ\u00f3 en una sucesi\u00f3n de iniciativas signadas por un fuerte sentido de lo \u00e9pico y una inocultable admiraci\u00f3n por los Estados Unidos de Am\u00e9rica. Entre ellas, ninguna resulta&hellip;&nbsp;<a href=\"https:\/\/www.libertocitybell.com\/?product=las-senoritas-laura-ramos\" class=\"\" rel=\"bookmark\">Leer m\u00e1s &raquo;<span class=\"screen-reader-text\">Las se\u00f1oritas<br \/>\nLaura Ramos<\/span><\/a><\/p>\n","protected":false},"featured_media":1495,"comment_status":"open","ping_status":"closed","template":"","meta":{"_coblocks_attr":"","_coblocks_dimensions":"","_coblocks_responsive_height":"","_coblocks_accordion_ie_support":"","neve_meta_sidebar":"","neve_meta_container":"","neve_meta_enable_content_width":"","neve_meta_content_width":0,"neve_meta_title_alignment":"","neve_meta_author_avatar":"","neve_post_elements_order":"","neve_meta_disable_header":"","neve_meta_disable_footer":"","neve_meta_disable_title":"","spay_email":"","jetpack_publicize_message":"","jetpack_is_tweetstorm":false,"jetpack_publicize_feature_enabled":true},"product_cat":[21],"product_tag":[],"class_list":{"0":"post-1496","1":"product","2":"type-product","3":"status-publish","4":"has-post-thumbnail","6":"product_cat-narrativa-argentina","8":"first","9":"outofstock","10":"taxable","11":"shipping-taxable","12":"purchasable","13":"product-type-simple"},"jetpack_publicize_connections":[],"_links":{"self":[{"href":"https:\/\/www.libertocitybell.com\/index.php?rest_route=\/wp\/v2\/product\/1496","targetHints":{"allow":["GET"]}}],"collection":[{"href":"https:\/\/www.libertocitybell.com\/index.php?rest_route=\/wp\/v2\/product"}],"about":[{"href":"https:\/\/www.libertocitybell.com\/index.php?rest_route=\/wp\/v2\/types\/product"}],"replies":[{"embeddable":true,"href":"https:\/\/www.libertocitybell.com\/index.php?rest_route=%2Fwp%2Fv2%2Fcomments&post=1496"}],"wp:featuredmedia":[{"embeddable":true,"href":"https:\/\/www.libertocitybell.com\/index.php?rest_route=\/wp\/v2\/media\/1495"}],"wp:attachment":[{"href":"https:\/\/www.libertocitybell.com\/index.php?rest_route=%2Fwp%2Fv2%2Fmedia&parent=1496"}],"wp:term":[{"taxonomy":"product_cat","embeddable":true,"href":"https:\/\/www.libertocitybell.com\/index.php?rest_route=%2Fwp%2Fv2%2Fproduct_cat&post=1496"},{"taxonomy":"product_tag","embeddable":true,"href":"https:\/\/www.libertocitybell.com\/index.php?rest_route=%2Fwp%2Fv2%2Fproduct_tag&post=1496"}],"curies":[{"name":"wp","href":"https:\/\/api.w.org\/{rel}","templated":true}]}}