{"id":1486,"date":"2022-03-10T16:56:20","date_gmt":"2022-03-10T19:56:20","guid":{"rendered":"https:\/\/www.libertocitybell.com\/?product=un-verdor-terrible-venjamin-labatut"},"modified":"2023-02-09T20:52:37","modified_gmt":"2023-02-09T23:52:37","slug":"un-verdor-terrible-venjamin-labatut","status":"publish","type":"product","link":"https:\/\/www.libertocitybell.com\/?product=un-verdor-terrible-venjamin-labatut","title":{"rendered":"Un verdor terrible &#8211; Venjam\u00edn Labatut"},"content":{"rendered":"<p>Las narraciones incluidas en este libro singular y fascinante tienen un hilo conductor que las entrelaza: la ciencia, con sus b\u00fasquedas, tentativas, experimentos e hip\u00f3tesis, y los cambios que \u2013para bien y para mal\u2013 introduce en el mundo y en nuestra visi\u00f3n de \u00e9l.<\/p>\n<p>Por estas p\u00e1ginas des\ufb01lan descubrimientos reales que forman una larga cadena perturbadora: el primer pigmento sint\u00e9tico moderno, el azul de Prusia, creado en el siglo XVIII gracias a un alquimista que buscaba el Elixir de la Vida mediante crueles experimentos con animales vivos, se convierte en el origen del cianuro de hidr\u00f3geno, gas mortal que el qu\u00edmico jud\u00edo alem\u00e1n Fritz Haber, padre de la guerra qu\u00edmica, emple\u00f3 para elaborar el pesticida Zyklon, sin saber que los nazis acabar\u00edan utiliz\u00e1ndolo en los campos de exterminio para asesinar a miembros de su propia familia. Tambi\u00e9n asistimos a las exploraciones matem\u00e1ticas de Alexander Grothendieck, que le llevaron al delirio m\u00edstico, el aislamiento social y la locura; a la carta enviada a Einstein por un amigo moribundo desde las trincheras de la Primera Guerra Mundial, con la soluci\u00f3n de las ecuaciones de la relatividad y el primer augurio de los agujeros negros; y a la lucha entre los dos fundadores de la mec\u00e1nica cu\u00e1ntica \u2013Erwin Schr\u00f6dinger y Werner Heisenberg\u2013 que gener\u00f3 el principio de incertidumbre y la famosa respuesta que Einstein le grit\u00f3 a Niels Bohr: \u00ab\u00a1Dios no juega a los dados con el universo!\u00bb<\/p>\n","protected":false},"excerpt":{"rendered":"<p>Las narraciones incluidas en este libro singular y fascinante tienen un hilo conductor que las entrelaza: la ciencia, con sus b\u00fasquedas, tentativas, experimentos e hip\u00f3tesis, y los cambios que \u2013para bien y para mal\u2013 introduce en el mundo y en nuestra visi\u00f3n de \u00e9l. Por estas p\u00e1ginas des\ufb01lan descubrimientos reales que forman una larga cadena&hellip;&nbsp;<a href=\"https:\/\/www.libertocitybell.com\/?product=un-verdor-terrible-venjamin-labatut\" class=\"\" rel=\"bookmark\">Leer m\u00e1s &raquo;<span class=\"screen-reader-text\">Un verdor terrible &#8211; Venjam\u00edn Labatut<\/span><\/a><\/p>\n","protected":false},"featured_media":1485,"comment_status":"open","ping_status":"closed","template":"","meta":{"_coblocks_attr":"","_coblocks_dimensions":"","_coblocks_responsive_height":"","_coblocks_accordion_ie_support":"","neve_meta_sidebar":"","neve_meta_container":"","neve_meta_enable_content_width":"","neve_meta_content_width":0,"neve_meta_title_alignment":"","neve_meta_author_avatar":"","neve_post_elements_order":"","neve_meta_disable_header":"","neve_meta_disable_footer":"","neve_meta_disable_title":"","spay_email":"","jetpack_publicize_message":"","jetpack_is_tweetstorm":false,"jetpack_publicize_feature_enabled":true},"product_cat":[20],"product_tag":[],"class_list":{"0":"post-1486","1":"product","2":"type-product","3":"status-publish","4":"has-post-thumbnail","6":"product_cat-narrativa-internacional","8":"first","9":"outofstock","10":"taxable","11":"shipping-taxable","12":"purchasable","13":"product-type-simple"},"jetpack_publicize_connections":[],"_links":{"self":[{"href":"https:\/\/www.libertocitybell.com\/index.php?rest_route=\/wp\/v2\/product\/1486","targetHints":{"allow":["GET"]}}],"collection":[{"href":"https:\/\/www.libertocitybell.com\/index.php?rest_route=\/wp\/v2\/product"}],"about":[{"href":"https:\/\/www.libertocitybell.com\/index.php?rest_route=\/wp\/v2\/types\/product"}],"replies":[{"embeddable":true,"href":"https:\/\/www.libertocitybell.com\/index.php?rest_route=%2Fwp%2Fv2%2Fcomments&post=1486"}],"wp:featuredmedia":[{"embeddable":true,"href":"https:\/\/www.libertocitybell.com\/index.php?rest_route=\/wp\/v2\/media\/1485"}],"wp:attachment":[{"href":"https:\/\/www.libertocitybell.com\/index.php?rest_route=%2Fwp%2Fv2%2Fmedia&parent=1486"}],"wp:term":[{"taxonomy":"product_cat","embeddable":true,"href":"https:\/\/www.libertocitybell.com\/index.php?rest_route=%2Fwp%2Fv2%2Fproduct_cat&post=1486"},{"taxonomy":"product_tag","embeddable":true,"href":"https:\/\/www.libertocitybell.com\/index.php?rest_route=%2Fwp%2Fv2%2Fproduct_tag&post=1486"}],"curies":[{"name":"wp","href":"https:\/\/api.w.org\/{rel}","templated":true}]}}