{"id":1484,"date":"2022-03-10T16:13:05","date_gmt":"2022-03-10T19:13:05","guid":{"rendered":"https:\/\/www.libertocitybell.com\/?product=en-la-tierra-somos-fugazmente-grandiososoceano-vuong"},"modified":"2023-01-06T15:43:51","modified_gmt":"2023-01-06T18:43:51","slug":"en-la-tierra-somos-fugazmente-grandiososoceano-vuong","status":"publish","type":"product","link":"https:\/\/www.libertocitybell.com\/?product=en-la-tierra-somos-fugazmente-grandiososoceano-vuong","title":{"rendered":"En la tierra somos fugazmente grandiosos\nOc\u00e9ano Vuong"},"content":{"rendered":"<p><strong style=\"font-weight: bold\">Un joven que se descubre a s\u00ed mismo&nbsp;en su doble condici\u00f3n de inmigrante y homosexual. Un libro valiente y conmovedor.&nbsp;<\/strong><\/p>\n<p>Un hijo le escribe una larga carta a su madre, que no sabe leer. La carta es en realidad un examen de conciencia, un repaso a los elementos clave que han ido conformando su identidad: como hijo de una familia de vietnamitas que huyeron de su pa\u00eds rumbo a Estados Unidos y como joven que descubre y asume su homosexualidad.<\/p>\n<p>El entorno familiar del chico se compone de la abuela \u2013ahora anciana y moribunda\u2013, que tuvo que marcharse de Vietnam con sus hijas despu\u00e9s de pasar por experiencias muy duras para sobrevivir acabada la guerra: se hab\u00eda casado con un militar estadounidense y a\u00f1os despu\u00e9s del triunfo del Vietcong la familia fue evacuada a Filipinas, donde pas\u00f3 un tiempo en un campo de refugiados, y desde all\u00ed emigr\u00f3 a Am\u00e9rica. Hay tambi\u00e9n un padre maltratador y ausente, que fue arrestado por agredir a su esposa. Y est\u00e1 la madre maltratada, que trabaja en un sal\u00f3n de manicura y mantiene una compleja relaci\u00f3n con su hijo. Y, por \u00faltimo, el joven protagonista de esta historia, que creci\u00f3 en Hartford, Connecticut, sufri\u00f3 acoso escolar por su doble marginalidad \u2013como inmigrante y como homosexual\u2013 y descubri\u00f3 siendo un adolescente el amor y la sexualidad con Trevor&#8230;<\/p>\n","protected":false},"excerpt":{"rendered":"<p>Un joven que se descubre a s\u00ed mismo&nbsp;en su doble condici\u00f3n de inmigrante y homosexual. Un libro valiente y conmovedor.&nbsp; Un hijo le escribe una larga carta a su madre, que no sabe leer. La carta es en realidad un examen de conciencia, un repaso a los elementos clave que han ido conformando su identidad:&hellip;&nbsp;<a href=\"https:\/\/www.libertocitybell.com\/?product=en-la-tierra-somos-fugazmente-grandiososoceano-vuong\" class=\"\" rel=\"bookmark\">Leer m\u00e1s &raquo;<span class=\"screen-reader-text\">En la tierra somos fugazmente grandiosos<br \/>\nOc\u00e9ano Vuong<\/span><\/a><\/p>\n","protected":false},"featured_media":1483,"comment_status":"open","ping_status":"closed","template":"","meta":{"_coblocks_attr":"","_coblocks_dimensions":"","_coblocks_responsive_height":"","_coblocks_accordion_ie_support":"","neve_meta_sidebar":"","neve_meta_container":"","neve_meta_enable_content_width":"","neve_meta_content_width":0,"neve_meta_title_alignment":"","neve_meta_author_avatar":"","neve_post_elements_order":"","neve_meta_disable_header":"","neve_meta_disable_footer":"","neve_meta_disable_title":"","spay_email":"","jetpack_publicize_message":"","jetpack_is_tweetstorm":false,"jetpack_publicize_feature_enabled":true},"product_cat":[20],"product_tag":[],"class_list":{"0":"post-1484","1":"product","2":"type-product","3":"status-publish","4":"has-post-thumbnail","6":"product_cat-narrativa-internacional","8":"first","9":"outofstock","10":"taxable","11":"shipping-taxable","12":"purchasable","13":"product-type-simple"},"jetpack_publicize_connections":[],"_links":{"self":[{"href":"https:\/\/www.libertocitybell.com\/index.php?rest_route=\/wp\/v2\/product\/1484","targetHints":{"allow":["GET"]}}],"collection":[{"href":"https:\/\/www.libertocitybell.com\/index.php?rest_route=\/wp\/v2\/product"}],"about":[{"href":"https:\/\/www.libertocitybell.com\/index.php?rest_route=\/wp\/v2\/types\/product"}],"replies":[{"embeddable":true,"href":"https:\/\/www.libertocitybell.com\/index.php?rest_route=%2Fwp%2Fv2%2Fcomments&post=1484"}],"wp:featuredmedia":[{"embeddable":true,"href":"https:\/\/www.libertocitybell.com\/index.php?rest_route=\/wp\/v2\/media\/1483"}],"wp:attachment":[{"href":"https:\/\/www.libertocitybell.com\/index.php?rest_route=%2Fwp%2Fv2%2Fmedia&parent=1484"}],"wp:term":[{"taxonomy":"product_cat","embeddable":true,"href":"https:\/\/www.libertocitybell.com\/index.php?rest_route=%2Fwp%2Fv2%2Fproduct_cat&post=1484"},{"taxonomy":"product_tag","embeddable":true,"href":"https:\/\/www.libertocitybell.com\/index.php?rest_route=%2Fwp%2Fv2%2Fproduct_tag&post=1484"}],"curies":[{"name":"wp","href":"https:\/\/api.w.org\/{rel}","templated":true}]}}