{"id":1482,"date":"2022-03-10T16:08:24","date_gmt":"2022-03-10T19:08:24","guid":{"rendered":"https:\/\/www.libertocitybell.com\/?product=paraiso-abdulrazak-gurnah"},"modified":"2023-02-09T20:43:28","modified_gmt":"2023-02-09T23:43:28","slug":"paraiso-abdulrazak-gurnah","status":"publish","type":"product","link":"https:\/\/www.libertocitybell.com\/?product=paraiso-abdulrazak-gurnah","title":{"rendered":"Para\u00edso Abdulrazak Gurnah"},"content":{"rendered":"<p><span style=\"font-family: Raleway, sans-serif;font-size: 14px;font-style: normal;font-weight: normal;letter-spacing: normal;text-align: start;text-indent: 0px;text-transform: none;text-decoration: none;float: none\">Una de las novelas m\u00e1s emblem\u00e1ticas de Abdulrazak Gurnah -reciente ganador del Premio Nobel de Literatura 2021- y nominada para los premios Booker y Whitbread, Para\u00edso es una apasionante historia de amor y amistad, lealtades y deslealtades, que nos introduce con gran riqueza de matices en la complejidad de una sociedad africana en plena mutaci\u00f3n causada por la presencia de una cultura europea sobrevenida.<\/span><br \/>\n<span style=\"font-family: Raleway, sans-serif;font-size: 14px;font-style: normal;font-weight: normal;letter-spacing: normal;text-align: start;text-indent: 0px;text-transform: none;text-decoration: none;float: none\">Cuando los padres de Yusuf, de doce a\u00f1os, le comunican que vivir\u00e1 con su t\u00edo Aziz durante una temporada, el chico se muestra tan sorprendido como ilusionado: tomar el tren y conocer otros lugares es un sue\u00f1o para alguien que nunca ha salido de su<\/span><br \/>\n<span style=\"font-family: Raleway, sans-serif;font-size: 14px;font-style: normal;font-weight: normal;letter-spacing: normal;text-align: start;text-indent: 0px;text-transform: none;text-decoration: none;float: none\">peque\u00f1a ciudad. Pero lo que Yusuf ignora es que su padre lo ha empe\u00f1ado para saldar una deuda imposible de pagar, como tampoco sabe que Aziz no es pariente suyo, sino un rico y renombrado comerciante con el que recorrer\u00e1 el coraz\u00f3n del continente africano en v\u00edsperas de la primeraguerra mundial. As\u00ed, a trav\u00e9s de los ojos del joven,<\/span><br \/>\n<span style=\"font-family: Raleway, sans-serif;font-size: 14px;font-style: normal;font-weight: normal;letter-spacing: normal;text-align: start;text-indent: 0px;text-transform: none;text-decoration: none;float: none\">descubriremos una naturaleza exuberante y hostil, poblada de tribus salvajes e invasores desalmados, donde una vida vale tanto como unas cuantas gotas<\/span><br \/>\n<span style=\"font-family: Raleway, sans-serif;font-size: 14px;font-style: normal;font-weight: normal;letter-spacing: normal;text-align: start;text-indent: 0px;text-transform: none;text-decoration: none;float: none\">de agua.<\/span><br \/>\n<span style=\"font-family: Raleway, sans-serif;font-size: 14px;font-style: normal;font-weight: normal;letter-spacing: normal;text-align: start;text-indent: 0px;text-transform: none;text-decoration: none;float: none\">En esta poderosa y vibrante mezcla de relato de iniciaci\u00f3n y epopeya hist\u00f3rica, Abdulrazak Gurnah evoca, con la prosa sutil y exquisita de los grandes narradores, el desgarro producido por la inapelable metamorfosis de un mundo en extinci\u00f3n.<\/span><\/p>\n","protected":false},"excerpt":{"rendered":"<p>Una de las novelas m\u00e1s emblem\u00e1ticas de Abdulrazak Gurnah -reciente ganador del Premio Nobel de Literatura 2021- y nominada para los premios Booker y Whitbread, Para\u00edso es una apasionante historia de amor y amistad, lealtades y deslealtades, que nos introduce con gran riqueza de matices en la complejidad de una sociedad africana en plena mutaci\u00f3n&hellip;&nbsp;<a href=\"https:\/\/www.libertocitybell.com\/?product=paraiso-abdulrazak-gurnah\" class=\"\" rel=\"bookmark\">Leer m\u00e1s &raquo;<span class=\"screen-reader-text\">Para\u00edso Abdulrazak Gurnah<\/span><\/a><\/p>\n","protected":false},"featured_media":1481,"comment_status":"open","ping_status":"closed","template":"","meta":{"_coblocks_attr":"","_coblocks_dimensions":"","_coblocks_responsive_height":"","_coblocks_accordion_ie_support":"","neve_meta_sidebar":"","neve_meta_container":"","neve_meta_enable_content_width":"","neve_meta_content_width":0,"neve_meta_title_alignment":"","neve_meta_author_avatar":"","neve_post_elements_order":"","neve_meta_disable_header":"","neve_meta_disable_footer":"","neve_meta_disable_title":"","spay_email":"","jetpack_publicize_message":"","jetpack_is_tweetstorm":false,"jetpack_publicize_feature_enabled":true},"product_cat":[20],"product_tag":[],"class_list":{"0":"post-1482","1":"product","2":"type-product","3":"status-publish","4":"has-post-thumbnail","6":"product_cat-narrativa-internacional","8":"first","9":"outofstock","10":"taxable","11":"shipping-taxable","12":"purchasable","13":"product-type-simple"},"jetpack_publicize_connections":[],"_links":{"self":[{"href":"https:\/\/www.libertocitybell.com\/index.php?rest_route=\/wp\/v2\/product\/1482","targetHints":{"allow":["GET"]}}],"collection":[{"href":"https:\/\/www.libertocitybell.com\/index.php?rest_route=\/wp\/v2\/product"}],"about":[{"href":"https:\/\/www.libertocitybell.com\/index.php?rest_route=\/wp\/v2\/types\/product"}],"replies":[{"embeddable":true,"href":"https:\/\/www.libertocitybell.com\/index.php?rest_route=%2Fwp%2Fv2%2Fcomments&post=1482"}],"wp:featuredmedia":[{"embeddable":true,"href":"https:\/\/www.libertocitybell.com\/index.php?rest_route=\/wp\/v2\/media\/1481"}],"wp:attachment":[{"href":"https:\/\/www.libertocitybell.com\/index.php?rest_route=%2Fwp%2Fv2%2Fmedia&parent=1482"}],"wp:term":[{"taxonomy":"product_cat","embeddable":true,"href":"https:\/\/www.libertocitybell.com\/index.php?rest_route=%2Fwp%2Fv2%2Fproduct_cat&post=1482"},{"taxonomy":"product_tag","embeddable":true,"href":"https:\/\/www.libertocitybell.com\/index.php?rest_route=%2Fwp%2Fv2%2Fproduct_tag&post=1482"}],"curies":[{"name":"wp","href":"https:\/\/api.w.org\/{rel}","templated":true}]}}