{"id":1459,"date":"2021-12-13T12:05:48","date_gmt":"2021-12-13T15:05:48","guid":{"rendered":"https:\/\/www.libertocitybell.com\/?product=cuentos-completosflannery-oconnor"},"modified":"2023-02-09T16:22:14","modified_gmt":"2023-02-09T19:22:14","slug":"cuentos-completosflannery-oconnor","status":"publish","type":"product","link":"https:\/\/www.libertocitybell.com\/?product=cuentos-completosflannery-oconnor","title":{"rendered":"Cuentos completos\nFlannery O\u2019Connor"},"content":{"rendered":"<p align=\"JUSTIFY\" style=\"margin-top: 0px;margin-bottom: 0.8rem;font-family: Fort;font-size: 16.100000381469727px;font-style: normal;font-weight: normal;letter-spacing: normal;text-align: justify;text-indent: 0px;text-transform: none;text-decoration: none\">El genio l\u00facido, doloroso y atormentado de Flannery O&#8217;Connor alcanza sus m\u00e1s altas cimas en el cuento, g\u00e9nero que cultiv\u00f3 ininterrumpidamente desde sus a\u00f1os de estudiante hasta su prematura y tr\u00e1gica muerte.<\/p>\n<p align=\"JUSTIFY\" style=\"margin-top: 0px;margin-bottom: 0.8rem;font-family: Fort;font-size: 16.100000381469727px;font-style: normal;font-weight: normal;letter-spacing: normal;text-align: justify;text-indent: 0px;text-transform: none;text-decoration: none\">Las historias de este libro hiriente y sobrecogedor tienen como escenario los pueblos y las tierras del sur de Estados Unidos, especialmente su Georgia natal, un mundo decr\u00e9pito y en ruinas cuyos secular abandono y pobreza ancestral aparecen marcados por la violencia y el odio. Pero, m\u00e1s all\u00e1 de la sordidez, los conflictos raciales, el asfixiante peso de la religi\u00f3n y la frustrada lucha por la libertad, hay siempre en los cuentos de Flannery O&#8217;Connor una extra\u00f1a belleza, una \u00edntima exposici\u00f3n moral de la condici\u00f3n humana que trasciende la an\u00e9cdota.<\/p>\n","protected":false},"excerpt":{"rendered":"<p>El genio l\u00facido, doloroso y atormentado de Flannery O&#8217;Connor alcanza sus m\u00e1s altas cimas en el cuento, g\u00e9nero que cultiv\u00f3 ininterrumpidamente desde sus a\u00f1os de estudiante hasta su prematura y tr\u00e1gica muerte. Las historias de este libro hiriente y sobrecogedor tienen como escenario los pueblos y las tierras del sur de Estados Unidos, especialmente su&hellip;&nbsp;<a href=\"https:\/\/www.libertocitybell.com\/?product=cuentos-completosflannery-oconnor\" class=\"\" rel=\"bookmark\">Leer m\u00e1s &raquo;<span class=\"screen-reader-text\">Cuentos completos<br \/>\nFlannery O\u2019Connor<\/span><\/a><\/p>\n","protected":false},"featured_media":1458,"comment_status":"open","ping_status":"closed","template":"","meta":{"_coblocks_attr":"","_coblocks_dimensions":"","_coblocks_responsive_height":"","_coblocks_accordion_ie_support":"","neve_meta_sidebar":"","neve_meta_container":"","neve_meta_enable_content_width":"","neve_meta_content_width":0,"neve_meta_title_alignment":"","neve_meta_author_avatar":"","neve_post_elements_order":"","neve_meta_disable_header":"","neve_meta_disable_footer":"","neve_meta_disable_title":"","spay_email":"","jetpack_publicize_message":"","jetpack_is_tweetstorm":false,"jetpack_publicize_feature_enabled":true},"product_cat":[20],"product_tag":[],"class_list":{"0":"post-1459","1":"product","2":"type-product","3":"status-publish","4":"has-post-thumbnail","6":"product_cat-narrativa-internacional","8":"first","9":"outofstock","10":"taxable","11":"shipping-taxable","12":"purchasable","13":"product-type-simple"},"jetpack_publicize_connections":[],"_links":{"self":[{"href":"https:\/\/www.libertocitybell.com\/index.php?rest_route=\/wp\/v2\/product\/1459","targetHints":{"allow":["GET"]}}],"collection":[{"href":"https:\/\/www.libertocitybell.com\/index.php?rest_route=\/wp\/v2\/product"}],"about":[{"href":"https:\/\/www.libertocitybell.com\/index.php?rest_route=\/wp\/v2\/types\/product"}],"replies":[{"embeddable":true,"href":"https:\/\/www.libertocitybell.com\/index.php?rest_route=%2Fwp%2Fv2%2Fcomments&post=1459"}],"wp:featuredmedia":[{"embeddable":true,"href":"https:\/\/www.libertocitybell.com\/index.php?rest_route=\/wp\/v2\/media\/1458"}],"wp:attachment":[{"href":"https:\/\/www.libertocitybell.com\/index.php?rest_route=%2Fwp%2Fv2%2Fmedia&parent=1459"}],"wp:term":[{"taxonomy":"product_cat","embeddable":true,"href":"https:\/\/www.libertocitybell.com\/index.php?rest_route=%2Fwp%2Fv2%2Fproduct_cat&post=1459"},{"taxonomy":"product_tag","embeddable":true,"href":"https:\/\/www.libertocitybell.com\/index.php?rest_route=%2Fwp%2Fv2%2Fproduct_tag&post=1459"}],"curies":[{"name":"wp","href":"https:\/\/api.w.org\/{rel}","templated":true}]}}