{"id":1451,"date":"2021-11-27T16:07:19","date_gmt":"2021-11-27T19:07:19","guid":{"rendered":"https:\/\/www.libertocitybell.com\/?product=odiseahomero"},"modified":"2023-02-09T20:42:15","modified_gmt":"2023-02-09T23:42:15","slug":"odiseahomero","status":"publish","type":"product","link":"https:\/\/www.libertocitybell.com\/?product=odiseahomero","title":{"rendered":"Odisea\nHomero"},"content":{"rendered":"<p><span style=\"font-family: Arial, Helvetica, sans-serif;font-size: 13px;font-style: normal;font-weight: normal;letter-spacing: normal;text-align: left;text-indent: 0px;text-transform: none;text-decoration: none;float: none\">Todos conocemos la historia de la \u00abOdisea\u00bb, aunque no la hayamos le\u00eddo. Est\u00e1 en canciones, en novelas, en poemas, en cuadros, en chistes. Blackie Books arranca su colecci\u00f3n \u00abCl\u00e1sicos Liberados\u00bb con la historia de todas las historias occidentales, dando voz tanto a Nick Cave como a Mary Beard u Ovidio. Tomando la adaptaci\u00f3n favorita de Borges para incluir, adem\u00e1s, una versi\u00f3n de la historia de Margaret Atwood en una edici\u00f3n cuidad\u00edsima, pero no cara, ilustrada a todo color por el gran Calpurnio. Liberar a los cl\u00e1sicos es acercarnos a ellos de nuevas formas.<\/span><\/p>\n","protected":false},"excerpt":{"rendered":"<p>Todos conocemos la historia de la \u00abOdisea\u00bb, aunque no la hayamos le\u00eddo. Est\u00e1 en canciones, en novelas, en poemas, en cuadros, en chistes. Blackie Books arranca su colecci\u00f3n \u00abCl\u00e1sicos Liberados\u00bb con la historia de todas las historias occidentales, dando voz tanto a Nick Cave como a Mary Beard u Ovidio. Tomando la adaptaci\u00f3n favorita de&hellip;&nbsp;<a href=\"https:\/\/www.libertocitybell.com\/?product=odiseahomero\" class=\"\" rel=\"bookmark\">Leer m\u00e1s &raquo;<span class=\"screen-reader-text\">Odisea<br \/>\nHomero<\/span><\/a><\/p>\n","protected":false},"featured_media":1450,"comment_status":"open","ping_status":"closed","template":"","meta":{"_coblocks_attr":"","_coblocks_dimensions":"","_coblocks_responsive_height":"","_coblocks_accordion_ie_support":"","neve_meta_sidebar":"","neve_meta_container":"","neve_meta_enable_content_width":"","neve_meta_content_width":0,"neve_meta_title_alignment":"","neve_meta_author_avatar":"","neve_post_elements_order":"","neve_meta_disable_header":"","neve_meta_disable_footer":"","neve_meta_disable_title":"","spay_email":"","jetpack_publicize_message":"","jetpack_is_tweetstorm":false,"jetpack_publicize_feature_enabled":true},"product_cat":[39],"product_tag":[],"class_list":{"0":"post-1451","1":"product","2":"type-product","3":"status-publish","4":"has-post-thumbnail","6":"product_cat-agendas","8":"first","9":"outofstock","10":"taxable","11":"shipping-taxable","12":"purchasable","13":"product-type-simple"},"jetpack_publicize_connections":[],"_links":{"self":[{"href":"https:\/\/www.libertocitybell.com\/index.php?rest_route=\/wp\/v2\/product\/1451","targetHints":{"allow":["GET"]}}],"collection":[{"href":"https:\/\/www.libertocitybell.com\/index.php?rest_route=\/wp\/v2\/product"}],"about":[{"href":"https:\/\/www.libertocitybell.com\/index.php?rest_route=\/wp\/v2\/types\/product"}],"replies":[{"embeddable":true,"href":"https:\/\/www.libertocitybell.com\/index.php?rest_route=%2Fwp%2Fv2%2Fcomments&post=1451"}],"wp:featuredmedia":[{"embeddable":true,"href":"https:\/\/www.libertocitybell.com\/index.php?rest_route=\/wp\/v2\/media\/1450"}],"wp:attachment":[{"href":"https:\/\/www.libertocitybell.com\/index.php?rest_route=%2Fwp%2Fv2%2Fmedia&parent=1451"}],"wp:term":[{"taxonomy":"product_cat","embeddable":true,"href":"https:\/\/www.libertocitybell.com\/index.php?rest_route=%2Fwp%2Fv2%2Fproduct_cat&post=1451"},{"taxonomy":"product_tag","embeddable":true,"href":"https:\/\/www.libertocitybell.com\/index.php?rest_route=%2Fwp%2Fv2%2Fproduct_tag&post=1451"}],"curies":[{"name":"wp","href":"https:\/\/api.w.org\/{rel}","templated":true}]}}