{"id":1449,"date":"2021-11-27T16:05:26","date_gmt":"2021-11-27T19:05:26","guid":{"rendered":"https:\/\/www.libertocitybell.com\/?product=primaveraali-smith"},"modified":"2023-02-09T20:44:36","modified_gmt":"2023-02-09T23:44:36","slug":"primaveraali-smith","status":"publish","type":"product","link":"https:\/\/www.libertocitybell.com\/?product=primaveraali-smith","title":{"rendered":"Primavera\nAli Smith"},"content":{"rendered":"<p><span style=\"font-family: Arial, Helvetica, sans-serif;font-size: 13px;font-style: normal;font-weight: normal;letter-spacing: normal;text-align: left;text-indent: 0px;text-transform: none;text-decoration: none;float: none\">\u00b4Ahora no queremos Informaci\u00f3n. Lo que queremos es desconcierto. Lo que queremos es repetici\u00f3n. Lo que queremos es repetici\u00f3n. [?] Queremos que aquellos a quienes llamamos extranjeros se sientan extranjeros necesitamos que les quede claro que no pueden tener derechos a menos que nosotros lo digamos\u00b4. \u00bfQu\u00e9 une a Katherine Mansfield, Charlie Chaplin, Shakespeare, Rilke, Beethoven, el Brexit, el presente, el pasado, un hombre de luto por los tiempos perdidos, una mujer atrapada en los tiempos modernos? La respuesta est\u00e1 en Primavera, una novela luminosa, generosa y llena de esperanza, en la que, al igual que en Oto\u00f1o e Invierno, la autora escocesa est\u00e1 haciendo algo m\u00e1s que analizar las injusticias de nuestra \u00e9poca: nos ilumina el camino para salir de la pesadilla. En esta tercera entrega de su Cuarteto estacional, Ali Smith nos muestra de nuevo por qu\u00e9 es una de las mejores escritoras del momento.<\/span><\/p>\n","protected":false},"excerpt":{"rendered":"<p>\u00b4Ahora no queremos Informaci\u00f3n. Lo que queremos es desconcierto. Lo que queremos es repetici\u00f3n. Lo que queremos es repetici\u00f3n. [?] Queremos que aquellos a quienes llamamos extranjeros se sientan extranjeros necesitamos que les quede claro que no pueden tener derechos a menos que nosotros lo digamos\u00b4. \u00bfQu\u00e9 une a Katherine Mansfield, Charlie Chaplin, Shakespeare, Rilke,&hellip;&nbsp;<a href=\"https:\/\/www.libertocitybell.com\/?product=primaveraali-smith\" class=\"\" rel=\"bookmark\">Leer m\u00e1s &raquo;<span class=\"screen-reader-text\">Primavera<br \/>\nAli Smith<\/span><\/a><\/p>\n","protected":false},"featured_media":1448,"comment_status":"open","ping_status":"closed","template":"","meta":{"_coblocks_attr":"","_coblocks_dimensions":"","_coblocks_responsive_height":"","_coblocks_accordion_ie_support":"","neve_meta_sidebar":"","neve_meta_container":"","neve_meta_enable_content_width":"","neve_meta_content_width":0,"neve_meta_title_alignment":"","neve_meta_author_avatar":"","neve_post_elements_order":"","neve_meta_disable_header":"","neve_meta_disable_footer":"","neve_meta_disable_title":"","spay_email":"","jetpack_publicize_message":"","jetpack_is_tweetstorm":false,"jetpack_publicize_feature_enabled":true},"product_cat":[20],"product_tag":[],"class_list":{"0":"post-1449","1":"product","2":"type-product","3":"status-publish","4":"has-post-thumbnail","6":"product_cat-narrativa-internacional","8":"first","9":"outofstock","10":"taxable","11":"shipping-taxable","12":"purchasable","13":"product-type-simple"},"jetpack_publicize_connections":[],"_links":{"self":[{"href":"https:\/\/www.libertocitybell.com\/index.php?rest_route=\/wp\/v2\/product\/1449","targetHints":{"allow":["GET"]}}],"collection":[{"href":"https:\/\/www.libertocitybell.com\/index.php?rest_route=\/wp\/v2\/product"}],"about":[{"href":"https:\/\/www.libertocitybell.com\/index.php?rest_route=\/wp\/v2\/types\/product"}],"replies":[{"embeddable":true,"href":"https:\/\/www.libertocitybell.com\/index.php?rest_route=%2Fwp%2Fv2%2Fcomments&post=1449"}],"wp:featuredmedia":[{"embeddable":true,"href":"https:\/\/www.libertocitybell.com\/index.php?rest_route=\/wp\/v2\/media\/1448"}],"wp:attachment":[{"href":"https:\/\/www.libertocitybell.com\/index.php?rest_route=%2Fwp%2Fv2%2Fmedia&parent=1449"}],"wp:term":[{"taxonomy":"product_cat","embeddable":true,"href":"https:\/\/www.libertocitybell.com\/index.php?rest_route=%2Fwp%2Fv2%2Fproduct_cat&post=1449"},{"taxonomy":"product_tag","embeddable":true,"href":"https:\/\/www.libertocitybell.com\/index.php?rest_route=%2Fwp%2Fv2%2Fproduct_tag&post=1449"}],"curies":[{"name":"wp","href":"https:\/\/api.w.org\/{rel}","templated":true}]}}