{"id":1409,"date":"2021-11-18T11:37:21","date_gmt":"2021-11-18T14:37:21","guid":{"rendered":"https:\/\/www.libertocitybell.com\/?product=arteyazmina-reza"},"modified":"2023-02-09T16:16:18","modified_gmt":"2023-02-09T19:16:18","slug":"arteyazmina-reza","status":"publish","type":"product","link":"https:\/\/www.libertocitybell.com\/?product=arteyazmina-reza","title":{"rendered":"Arte\nYazmina Reza"},"content":{"rendered":"<p><span>Sergio ha comprado un cuadro moderno por una gran suma de dinero. Marcos lo odia y no puede creer que a un amigo suyo le guste una obra semejante. Iv\u00e1n intenta, sin \u00e9xito, apaciguar a las dos partes. Si tu amistad est\u00e1 basada en un mutuo acuerdo t\u00e1cito, \u00bfqu\u00e9 pasa cuando una persona hace algo completamente diferente e inesperado? La pregunta es: \u00bferes quien crees que eres o eres quien tus amigos creen que eres? Esta deslumbrante comedia de Yasmina Reza se estren\u00f3 en Par\u00eds en la Com\u00e9die des Champs-Elys\u00e9es en octubre de 1994, donde permaneci\u00f3 en cartel 18 meses; en Berl\u00edn, en el Teatro de la Schaub\u00fchne en octubre de 1995; en Londres, en el Wyndham\u2019s Theatre en octubre de 1996; en Nueva York, en el Royal Theatre en marzo de 1998, y en Madrid, en el Teatro Marquina en septiembre de 1998, en una versi\u00f3n dirigida por Josep Maria Flotats que se alz\u00f3 con cuatro premios Max y algunos de los m\u00e1s prestigiosos galardones de nuestro pa\u00eds.<\/span><\/p>\n","protected":false},"excerpt":{"rendered":"<p>Sergio ha comprado un cuadro moderno por una gran suma de dinero. Marcos lo odia y no puede creer que a un amigo suyo le guste una obra semejante. Iv\u00e1n intenta, sin \u00e9xito, apaciguar a las dos partes. Si tu amistad est\u00e1 basada en un mutuo acuerdo t\u00e1cito, \u00bfqu\u00e9 pasa cuando una persona hace algo&hellip;&nbsp;<a href=\"https:\/\/www.libertocitybell.com\/?product=arteyazmina-reza\" class=\"\" rel=\"bookmark\">Leer m\u00e1s &raquo;<span class=\"screen-reader-text\">Arte<br \/>\nYazmina Reza<\/span><\/a><\/p>\n","protected":false},"featured_media":1408,"comment_status":"open","ping_status":"closed","template":"","meta":{"_coblocks_attr":"","_coblocks_dimensions":"","_coblocks_responsive_height":"","_coblocks_accordion_ie_support":"","neve_meta_sidebar":"","neve_meta_container":"","neve_meta_enable_content_width":"","neve_meta_content_width":0,"neve_meta_title_alignment":"","neve_meta_author_avatar":"","neve_post_elements_order":"","neve_meta_disable_header":"","neve_meta_disable_footer":"","neve_meta_disable_title":"","spay_email":"","jetpack_publicize_message":"","jetpack_is_tweetstorm":false,"jetpack_publicize_feature_enabled":true},"product_cat":[20],"product_tag":[],"class_list":{"0":"post-1409","1":"product","2":"type-product","3":"status-publish","4":"has-post-thumbnail","6":"product_cat-narrativa-internacional","8":"first","9":"outofstock","10":"taxable","11":"shipping-taxable","12":"purchasable","13":"product-type-simple"},"jetpack_publicize_connections":[],"_links":{"self":[{"href":"https:\/\/www.libertocitybell.com\/index.php?rest_route=\/wp\/v2\/product\/1409","targetHints":{"allow":["GET"]}}],"collection":[{"href":"https:\/\/www.libertocitybell.com\/index.php?rest_route=\/wp\/v2\/product"}],"about":[{"href":"https:\/\/www.libertocitybell.com\/index.php?rest_route=\/wp\/v2\/types\/product"}],"replies":[{"embeddable":true,"href":"https:\/\/www.libertocitybell.com\/index.php?rest_route=%2Fwp%2Fv2%2Fcomments&post=1409"}],"wp:featuredmedia":[{"embeddable":true,"href":"https:\/\/www.libertocitybell.com\/index.php?rest_route=\/wp\/v2\/media\/1408"}],"wp:attachment":[{"href":"https:\/\/www.libertocitybell.com\/index.php?rest_route=%2Fwp%2Fv2%2Fmedia&parent=1409"}],"wp:term":[{"taxonomy":"product_cat","embeddable":true,"href":"https:\/\/www.libertocitybell.com\/index.php?rest_route=%2Fwp%2Fv2%2Fproduct_cat&post=1409"},{"taxonomy":"product_tag","embeddable":true,"href":"https:\/\/www.libertocitybell.com\/index.php?rest_route=%2Fwp%2Fv2%2Fproduct_tag&post=1409"}],"curies":[{"name":"wp","href":"https:\/\/api.w.org\/{rel}","templated":true}]}}