{"id":1407,"date":"2021-11-18T11:30:38","date_gmt":"2021-11-18T14:30:38","guid":{"rendered":"https:\/\/www.libertocitybell.com\/?product=desde-el-jardinjerzy-kosinski"},"modified":"2023-02-09T16:24:28","modified_gmt":"2023-02-09T19:24:28","slug":"desde-el-jardinjerzy-kosinski","status":"publish","type":"product","link":"https:\/\/www.libertocitybell.com\/?product=desde-el-jardinjerzy-kosinski","title":{"rendered":"Desde el jard\u00edn\nJerzy Kosinski"},"content":{"rendered":"<p><span>Chance es un gran enigma: el h\u00e9roe de los \u00abmedia\u00bb americanos. La televisi\u00f3n le ama, los peri\u00f3dicos y revistas van tras \u00e9l. Gardiner es un rostro familiar en los hogares de Am\u00e9rica. Todos hablan de \u00e9l, aunque nadie sabe de qu\u00e9 habla \u00e9l. Nadie sabe de d\u00f3nde viene, pero todos est\u00e1n enterados de que es un im\u00e1n para el dinero, el poder y el sexo. \u00bfLo ha conseguido gracias a la encantadora y muy bien relacionada esposa de un magnate de Wall Street moribundo? \u00bfO se ha situado por s\u00ed mismo en la cresta de la ola porque, tal como las im\u00e1genes televisivas, ha llegado al mundo empujado por una fuerza que \u00e9l nunca ha visto y a la que no puede dar nombre? \u00bfSabe Chance algo que nosotros ignoramos? \u00bfFracasar\u00e1? \u00bfSer\u00e1 alg\u00fan d\u00eda desdichado? El lector es quien debe decidir.<\/span><\/p>\n","protected":false},"excerpt":{"rendered":"<p>Chance es un gran enigma: el h\u00e9roe de los \u00abmedia\u00bb americanos. La televisi\u00f3n le ama, los peri\u00f3dicos y revistas van tras \u00e9l. Gardiner es un rostro familiar en los hogares de Am\u00e9rica. Todos hablan de \u00e9l, aunque nadie sabe de qu\u00e9 habla \u00e9l. Nadie sabe de d\u00f3nde viene, pero todos est\u00e1n enterados de que es&hellip;&nbsp;<a href=\"https:\/\/www.libertocitybell.com\/?product=desde-el-jardinjerzy-kosinski\" class=\"\" rel=\"bookmark\">Leer m\u00e1s &raquo;<span class=\"screen-reader-text\">Desde el jard\u00edn<br \/>\nJerzy Kosinski<\/span><\/a><\/p>\n","protected":false},"featured_media":1406,"comment_status":"open","ping_status":"closed","template":"","meta":{"_coblocks_attr":"","_coblocks_dimensions":"","_coblocks_responsive_height":"","_coblocks_accordion_ie_support":"","neve_meta_sidebar":"","neve_meta_container":"","neve_meta_enable_content_width":"","neve_meta_content_width":0,"neve_meta_title_alignment":"","neve_meta_author_avatar":"","neve_post_elements_order":"","neve_meta_disable_header":"","neve_meta_disable_footer":"","neve_meta_disable_title":"","spay_email":"","jetpack_publicize_message":"","jetpack_is_tweetstorm":false,"jetpack_publicize_feature_enabled":true},"product_cat":[20],"product_tag":[],"class_list":{"0":"post-1407","1":"product","2":"type-product","3":"status-publish","4":"has-post-thumbnail","6":"product_cat-narrativa-internacional","8":"first","9":"outofstock","10":"taxable","11":"shipping-taxable","12":"purchasable","13":"product-type-simple"},"jetpack_publicize_connections":[],"_links":{"self":[{"href":"https:\/\/www.libertocitybell.com\/index.php?rest_route=\/wp\/v2\/product\/1407","targetHints":{"allow":["GET"]}}],"collection":[{"href":"https:\/\/www.libertocitybell.com\/index.php?rest_route=\/wp\/v2\/product"}],"about":[{"href":"https:\/\/www.libertocitybell.com\/index.php?rest_route=\/wp\/v2\/types\/product"}],"replies":[{"embeddable":true,"href":"https:\/\/www.libertocitybell.com\/index.php?rest_route=%2Fwp%2Fv2%2Fcomments&post=1407"}],"wp:featuredmedia":[{"embeddable":true,"href":"https:\/\/www.libertocitybell.com\/index.php?rest_route=\/wp\/v2\/media\/1406"}],"wp:attachment":[{"href":"https:\/\/www.libertocitybell.com\/index.php?rest_route=%2Fwp%2Fv2%2Fmedia&parent=1407"}],"wp:term":[{"taxonomy":"product_cat","embeddable":true,"href":"https:\/\/www.libertocitybell.com\/index.php?rest_route=%2Fwp%2Fv2%2Fproduct_cat&post=1407"},{"taxonomy":"product_tag","embeddable":true,"href":"https:\/\/www.libertocitybell.com\/index.php?rest_route=%2Fwp%2Fv2%2Fproduct_tag&post=1407"}],"curies":[{"name":"wp","href":"https:\/\/api.w.org\/{rel}","templated":true}]}}