{"id":1405,"date":"2021-11-18T11:26:02","date_gmt":"2021-11-18T14:26:02","guid":{"rendered":"https:\/\/www.libertocitybell.com\/?product=bonsai-y-la-vida-privada-de-los-arboles-alejandro-zambra"},"modified":"2023-02-09T16:17:12","modified_gmt":"2023-02-09T19:17:12","slug":"bonsai-y-la-vida-privada-de-los-arboles-alejandro-zambra","status":"publish","type":"product","link":"https:\/\/www.libertocitybell.com\/?product=bonsai-y-la-vida-privada-de-los-arboles-alejandro-zambra","title":{"rendered":"Bons\u00e1i y la vida privada de los \u00e1rboles \nAlejandro Zambra"},"content":{"rendered":"<p>Condenado a la seriedad y a la impostura, Julio, el silencioso protagonista de<span class=\"Apple-converted-space\">&nbsp;<\/span><em>Bons\u00e1i<\/em><span class=\"Apple-converted-space\">&nbsp;<\/span>\u2013 la novela que supuso el brillante debut narrativo de Alejandro Zambra\u2013 acaba convenci\u00e9ndose de que es mejor encerrarse en su cuarto a observar el crecimiento de un bons\u00e1i que vagar por los inc\u00f3modos caminos de la literatura. En<span class=\"Apple-converted-space\">&nbsp;<\/span><em>La vida privada de los \u00e1rboles,<\/em>segunda novela del autor, Ver\u00f3nica se demora inexplicablemente y el libro sigue hasta que ella regrese o hasta que Juli\u00e1n est\u00e9 seguro de que ya no volver\u00e1.<\/p>\n<p>\u00bfPor qu\u00e9 leer y escribir libros en un mundo a punto de quebrarse? Esta pregunta ronda las dos obras de Alejandro Zambra que reunimos en este volumen, puerta de entrada a uno de los escritores m\u00e1s interesantes de las \u00faltimas generaciones.<\/p>\n","protected":false},"excerpt":{"rendered":"<p>Condenado a la seriedad y a la impostura, Julio, el silencioso protagonista de&nbsp;Bons\u00e1i&nbsp;\u2013 la novela que supuso el brillante debut narrativo de Alejandro Zambra\u2013 acaba convenci\u00e9ndose de que es mejor encerrarse en su cuarto a observar el crecimiento de un bons\u00e1i que vagar por los inc\u00f3modos caminos de la literatura. En&nbsp;La vida privada de los&hellip;&nbsp;<a href=\"https:\/\/www.libertocitybell.com\/?product=bonsai-y-la-vida-privada-de-los-arboles-alejandro-zambra\" class=\"\" rel=\"bookmark\">Leer m\u00e1s &raquo;<span class=\"screen-reader-text\">Bons\u00e1i y la vida privada de los \u00e1rboles<br \/>\nAlejandro Zambra<\/span><\/a><\/p>\n","protected":false},"featured_media":1404,"comment_status":"open","ping_status":"closed","template":"","meta":{"_coblocks_attr":"","_coblocks_dimensions":"","_coblocks_responsive_height":"","_coblocks_accordion_ie_support":"","neve_meta_sidebar":"","neve_meta_container":"","neve_meta_enable_content_width":"","neve_meta_content_width":0,"neve_meta_title_alignment":"","neve_meta_author_avatar":"","neve_post_elements_order":"","neve_meta_disable_header":"","neve_meta_disable_footer":"","neve_meta_disable_title":"","spay_email":"","jetpack_publicize_message":"","jetpack_is_tweetstorm":false,"jetpack_publicize_feature_enabled":true},"product_cat":[20],"product_tag":[],"class_list":{"0":"post-1405","1":"product","2":"type-product","3":"status-publish","4":"has-post-thumbnail","6":"product_cat-narrativa-internacional","8":"first","9":"outofstock","10":"taxable","11":"shipping-taxable","12":"purchasable","13":"product-type-simple"},"jetpack_publicize_connections":[],"_links":{"self":[{"href":"https:\/\/www.libertocitybell.com\/index.php?rest_route=\/wp\/v2\/product\/1405","targetHints":{"allow":["GET"]}}],"collection":[{"href":"https:\/\/www.libertocitybell.com\/index.php?rest_route=\/wp\/v2\/product"}],"about":[{"href":"https:\/\/www.libertocitybell.com\/index.php?rest_route=\/wp\/v2\/types\/product"}],"replies":[{"embeddable":true,"href":"https:\/\/www.libertocitybell.com\/index.php?rest_route=%2Fwp%2Fv2%2Fcomments&post=1405"}],"wp:featuredmedia":[{"embeddable":true,"href":"https:\/\/www.libertocitybell.com\/index.php?rest_route=\/wp\/v2\/media\/1404"}],"wp:attachment":[{"href":"https:\/\/www.libertocitybell.com\/index.php?rest_route=%2Fwp%2Fv2%2Fmedia&parent=1405"}],"wp:term":[{"taxonomy":"product_cat","embeddable":true,"href":"https:\/\/www.libertocitybell.com\/index.php?rest_route=%2Fwp%2Fv2%2Fproduct_cat&post=1405"},{"taxonomy":"product_tag","embeddable":true,"href":"https:\/\/www.libertocitybell.com\/index.php?rest_route=%2Fwp%2Fv2%2Fproduct_tag&post=1405"}],"curies":[{"name":"wp","href":"https:\/\/api.w.org\/{rel}","templated":true}]}}