{"id":1403,"date":"2021-11-17T19:07:02","date_gmt":"2021-11-17T22:07:02","guid":{"rendered":"https:\/\/www.libertocitybell.com\/?product=un-actor-a-la-deriva-oida-yoshi"},"modified":"2023-02-09T20:48:04","modified_gmt":"2023-02-09T23:48:04","slug":"un-actor-a-la-deriva-oida-yoshi","status":"publish","type":"product","link":"https:\/\/www.libertocitybell.com\/?product=un-actor-a-la-deriva-oida-yoshi","title":{"rendered":"Un actor a la deriva \nO\u00edda Yoshi"},"content":{"rendered":"<p>Formado en las artes tradicionales japonesas, Yoshi Oida decide dar un salto audaz entre mundos en busca de una nueva visi\u00f3n del teatro: sin hablar ni ingl\u00e9s ni franc\u00e9s, deja de ser un colaborador de Yukio Mishima para comenzar a participar en el teatro experimental de Peter Brook.<\/p>\n<p><em style=\"margin: 0px;padding: 0px;border: 0px;font-family: inherit;font-size: inherit;font-style: italic;font-weight: inherit;line-height: inherit;vertical-align: baseline\">Un actor a la deriva<\/em><span class=\"Apple-converted-space\">&nbsp;<\/span>da cuenta de estos viajes por \u00c1frica, Ir\u00e1n y Estados Unidos, por las secretas t\u00e9cnicas del teatro, por su pasado en un monasterio de Jap\u00f3n y por su fascinante historia personal y profesional que conjuga Oriente y Occidente.&nbsp;<\/p>\n<p>De suma belleza y sabidur\u00eda, esta obra clave del teatro puede ser disfrutada por amantes de la sensibilidad japonesa, de la filosof\u00eda zen y de la enriquecedora experiencia que brinda el contraste de culturas al viajar.<\/p>\n","protected":false},"excerpt":{"rendered":"<p>Formado en las artes tradicionales japonesas, Yoshi Oida decide dar un salto audaz entre mundos en busca de una nueva visi\u00f3n del teatro: sin hablar ni ingl\u00e9s ni franc\u00e9s, deja de ser un colaborador de Yukio Mishima para comenzar a participar en el teatro experimental de Peter Brook. Un actor a la deriva&nbsp;da cuenta de&hellip;&nbsp;<a href=\"https:\/\/www.libertocitybell.com\/?product=un-actor-a-la-deriva-oida-yoshi\" class=\"\" rel=\"bookmark\">Leer m\u00e1s &raquo;<span class=\"screen-reader-text\">Un actor a la deriva<br \/>\nO\u00edda Yoshi<\/span><\/a><\/p>\n","protected":false},"featured_media":1402,"comment_status":"open","ping_status":"closed","template":"","meta":{"_coblocks_attr":"","_coblocks_dimensions":"","_coblocks_responsive_height":"","_coblocks_accordion_ie_support":"","neve_meta_sidebar":"","neve_meta_container":"","neve_meta_enable_content_width":"","neve_meta_content_width":0,"neve_meta_title_alignment":"","neve_meta_author_avatar":"","neve_post_elements_order":"","neve_meta_disable_header":"","neve_meta_disable_footer":"","neve_meta_disable_title":"","spay_email":"","jetpack_publicize_message":"","jetpack_is_tweetstorm":false,"jetpack_publicize_feature_enabled":true},"product_cat":[18],"product_tag":[],"class_list":{"0":"post-1403","1":"product","2":"type-product","3":"status-publish","4":"has-post-thumbnail","6":"product_cat-sin-categorizar","8":"first","9":"outofstock","10":"taxable","11":"shipping-taxable","12":"purchasable","13":"product-type-simple"},"jetpack_publicize_connections":[],"_links":{"self":[{"href":"https:\/\/www.libertocitybell.com\/index.php?rest_route=\/wp\/v2\/product\/1403","targetHints":{"allow":["GET"]}}],"collection":[{"href":"https:\/\/www.libertocitybell.com\/index.php?rest_route=\/wp\/v2\/product"}],"about":[{"href":"https:\/\/www.libertocitybell.com\/index.php?rest_route=\/wp\/v2\/types\/product"}],"replies":[{"embeddable":true,"href":"https:\/\/www.libertocitybell.com\/index.php?rest_route=%2Fwp%2Fv2%2Fcomments&post=1403"}],"wp:featuredmedia":[{"embeddable":true,"href":"https:\/\/www.libertocitybell.com\/index.php?rest_route=\/wp\/v2\/media\/1402"}],"wp:attachment":[{"href":"https:\/\/www.libertocitybell.com\/index.php?rest_route=%2Fwp%2Fv2%2Fmedia&parent=1403"}],"wp:term":[{"taxonomy":"product_cat","embeddable":true,"href":"https:\/\/www.libertocitybell.com\/index.php?rest_route=%2Fwp%2Fv2%2Fproduct_cat&post=1403"},{"taxonomy":"product_tag","embeddable":true,"href":"https:\/\/www.libertocitybell.com\/index.php?rest_route=%2Fwp%2Fv2%2Fproduct_tag&post=1403"}],"curies":[{"name":"wp","href":"https:\/\/api.w.org\/{rel}","templated":true}]}}