{"id":1396,"date":"2021-11-09T16:42:57","date_gmt":"2021-11-09T19:42:57","guid":{"rendered":"https:\/\/www.libertocitybell.com\/?product=oro-y-espadasdaniel-balmaceda"},"modified":"2023-02-09T20:43:03","modified_gmt":"2023-02-09T23:43:03","slug":"oro-y-espadasdaniel-balmaceda","status":"publish","type":"product","link":"https:\/\/www.libertocitybell.com\/?product=oro-y-espadasdaniel-balmaceda","title":{"rendered":"Oro y espadas\nDaniel Balmaceda"},"content":{"rendered":"<p><span>Con una prosa llena de erudici\u00f3n y gracia, el periodista y&nbsp;escritor Daniel Balmaceda transporta a sus lectores a la Buenos Aires mugrienta, maloliente y precaria de los siglos XVI, XVII y XVIII. Una aldea que crece sin plan y que est\u00e1 poblada por vecinos que rara vez se ba\u00f1an, sacerdotes chiflados y gobernantes extravagantes y codiciosos, m\u00e1s amigos del contrabando que de su Rey.<\/span><\/p>\n<p><span>La parte m\u00e1s desconocida y sorprendente de la historia de nuestro pa\u00eds, cuando no era m\u00e1s que una aldea con pretensiones de grandeza. Un verdadero mantantial de hechos tr\u00e1gicos, desopilantes y rom\u00e1nticos.<\/span><\/p>\n","protected":false},"excerpt":{"rendered":"<p>Con una prosa llena de erudici\u00f3n y gracia, el periodista y&nbsp;escritor Daniel Balmaceda transporta a sus lectores a la Buenos Aires mugrienta, maloliente y precaria de los siglos XVI, XVII y XVIII. Una aldea que crece sin plan y que est\u00e1 poblada por vecinos que rara vez se ba\u00f1an, sacerdotes chiflados y gobernantes extravagantes y&hellip;&nbsp;<a href=\"https:\/\/www.libertocitybell.com\/?product=oro-y-espadasdaniel-balmaceda\" class=\"\" rel=\"bookmark\">Leer m\u00e1s &raquo;<span class=\"screen-reader-text\">Oro y espadas<br \/>\nDaniel Balmaceda<\/span><\/a><\/p>\n","protected":false},"featured_media":1395,"comment_status":"open","ping_status":"closed","template":"","meta":{"_coblocks_attr":"","_coblocks_dimensions":"","_coblocks_responsive_height":"","_coblocks_accordion_ie_support":"","neve_meta_sidebar":"","neve_meta_container":"","neve_meta_enable_content_width":"","neve_meta_content_width":0,"neve_meta_title_alignment":"","neve_meta_author_avatar":"","neve_post_elements_order":"","neve_meta_disable_header":"","neve_meta_disable_footer":"","neve_meta_disable_title":"","spay_email":"","jetpack_publicize_message":"","jetpack_is_tweetstorm":false,"jetpack_publicize_feature_enabled":true},"product_cat":[18],"product_tag":[],"class_list":{"0":"post-1396","1":"product","2":"type-product","3":"status-publish","4":"has-post-thumbnail","6":"product_cat-sin-categorizar","8":"first","9":"outofstock","10":"taxable","11":"shipping-taxable","12":"purchasable","13":"product-type-simple"},"jetpack_publicize_connections":[],"_links":{"self":[{"href":"https:\/\/www.libertocitybell.com\/index.php?rest_route=\/wp\/v2\/product\/1396","targetHints":{"allow":["GET"]}}],"collection":[{"href":"https:\/\/www.libertocitybell.com\/index.php?rest_route=\/wp\/v2\/product"}],"about":[{"href":"https:\/\/www.libertocitybell.com\/index.php?rest_route=\/wp\/v2\/types\/product"}],"replies":[{"embeddable":true,"href":"https:\/\/www.libertocitybell.com\/index.php?rest_route=%2Fwp%2Fv2%2Fcomments&post=1396"}],"wp:featuredmedia":[{"embeddable":true,"href":"https:\/\/www.libertocitybell.com\/index.php?rest_route=\/wp\/v2\/media\/1395"}],"wp:attachment":[{"href":"https:\/\/www.libertocitybell.com\/index.php?rest_route=%2Fwp%2Fv2%2Fmedia&parent=1396"}],"wp:term":[{"taxonomy":"product_cat","embeddable":true,"href":"https:\/\/www.libertocitybell.com\/index.php?rest_route=%2Fwp%2Fv2%2Fproduct_cat&post=1396"},{"taxonomy":"product_tag","embeddable":true,"href":"https:\/\/www.libertocitybell.com\/index.php?rest_route=%2Fwp%2Fv2%2Fproduct_tag&post=1396"}],"curies":[{"name":"wp","href":"https:\/\/api.w.org\/{rel}","templated":true}]}}