{"id":1394,"date":"2021-11-09T11:20:19","date_gmt":"2021-11-09T14:20:19","guid":{"rendered":"https:\/\/www.libertocitybell.com\/?product=el-huesped-isaac-bashevis-singer"},"modified":"2023-02-09T16:29:25","modified_gmt":"2023-02-09T19:29:25","slug":"el-huesped-isaac-bashevis-singer","status":"publish","type":"product","link":"https:\/\/www.libertocitybell.com\/?product=el-huesped-isaac-bashevis-singer","title":{"rendered":"El hu\u00e9sped \nIsaac Bashevis Singer"},"content":{"rendered":"<p><strong style=\"font-weight: bold\"><em>El hu\u00e9sped<\/em><\/strong><span><span class=\"Apple-converted-space\">&nbsp;<\/span><\/span><span>es un un relato in\u00e9dito del Nobel Isaac Bashevis Singer sobre los supervivientes del Holocausto que emigraron y crearon el conocido barrio neoyorquino de Williamsburg. Descubierto en 2018 por<\/span><span><span class=\"Apple-converted-space\">&nbsp;<\/span><\/span><em>The New Yorker<\/em><span>, este relato maravilloso describe sin complejos el destino, los traumas y las actitudes de los supervivientes del Holocausto. Reb Berish experiment\u00f3 las dificultades de un inmigrante con una carretilla en el Lower East Side. Sobrevivi\u00f3 e incluso se retir\u00f3 con una peque\u00f1a pensi\u00f3n, pero no \u00abtriunf\u00f3\u00bb en Estados Unidos como otros jud\u00edos de su generaci\u00f3n. Morris Melnik, por otro lado, vivi\u00f3 una trayectoria hist\u00f3rica completamente diferente.<\/span><\/p>\n","protected":false},"excerpt":{"rendered":"<p>El hu\u00e9sped&nbsp;es un un relato in\u00e9dito del Nobel Isaac Bashevis Singer sobre los supervivientes del Holocausto que emigraron y crearon el conocido barrio neoyorquino de Williamsburg. Descubierto en 2018 por&nbsp;The New Yorker, este relato maravilloso describe sin complejos el destino, los traumas y las actitudes de los supervivientes del Holocausto. Reb Berish experiment\u00f3 las dificultades&hellip;&nbsp;<a href=\"https:\/\/www.libertocitybell.com\/?product=el-huesped-isaac-bashevis-singer\" class=\"\" rel=\"bookmark\">Leer m\u00e1s &raquo;<span class=\"screen-reader-text\">El hu\u00e9sped<br \/>\nIsaac Bashevis Singer<\/span><\/a><\/p>\n","protected":false},"featured_media":1393,"comment_status":"open","ping_status":"closed","template":"","meta":{"_coblocks_attr":"","_coblocks_dimensions":"","_coblocks_responsive_height":"","_coblocks_accordion_ie_support":"","neve_meta_sidebar":"","neve_meta_container":"","neve_meta_enable_content_width":"","neve_meta_content_width":0,"neve_meta_title_alignment":"","neve_meta_author_avatar":"","neve_post_elements_order":"","neve_meta_disable_header":"","neve_meta_disable_footer":"","neve_meta_disable_title":"","spay_email":"","jetpack_publicize_message":"","jetpack_is_tweetstorm":false,"jetpack_publicize_feature_enabled":true},"product_cat":[18],"product_tag":[],"class_list":{"0":"post-1394","1":"product","2":"type-product","3":"status-publish","4":"has-post-thumbnail","6":"product_cat-sin-categorizar","8":"first","9":"outofstock","10":"taxable","11":"shipping-taxable","12":"purchasable","13":"product-type-simple"},"jetpack_publicize_connections":[],"_links":{"self":[{"href":"https:\/\/www.libertocitybell.com\/index.php?rest_route=\/wp\/v2\/product\/1394","targetHints":{"allow":["GET"]}}],"collection":[{"href":"https:\/\/www.libertocitybell.com\/index.php?rest_route=\/wp\/v2\/product"}],"about":[{"href":"https:\/\/www.libertocitybell.com\/index.php?rest_route=\/wp\/v2\/types\/product"}],"replies":[{"embeddable":true,"href":"https:\/\/www.libertocitybell.com\/index.php?rest_route=%2Fwp%2Fv2%2Fcomments&post=1394"}],"wp:featuredmedia":[{"embeddable":true,"href":"https:\/\/www.libertocitybell.com\/index.php?rest_route=\/wp\/v2\/media\/1393"}],"wp:attachment":[{"href":"https:\/\/www.libertocitybell.com\/index.php?rest_route=%2Fwp%2Fv2%2Fmedia&parent=1394"}],"wp:term":[{"taxonomy":"product_cat","embeddable":true,"href":"https:\/\/www.libertocitybell.com\/index.php?rest_route=%2Fwp%2Fv2%2Fproduct_cat&post=1394"},{"taxonomy":"product_tag","embeddable":true,"href":"https:\/\/www.libertocitybell.com\/index.php?rest_route=%2Fwp%2Fv2%2Fproduct_tag&post=1394"}],"curies":[{"name":"wp","href":"https:\/\/api.w.org\/{rel}","templated":true}]}}