{"id":1392,"date":"2021-11-09T11:16:46","date_gmt":"2021-11-09T14:16:46","guid":{"rendered":"https:\/\/www.libertocitybell.com\/?product=como-ordenas-una-bibliotecaroberto-caladso"},"modified":"2023-02-09T16:20:30","modified_gmt":"2023-02-09T19:20:30","slug":"como-ordenas-una-bibliotecaroberto-caladso","status":"publish","type":"product","link":"https:\/\/www.libertocitybell.com\/?product=como-ordenas-una-bibliotecaroberto-caladso","title":{"rendered":"C\u00f3mo ordenas una biblioteca\nRoberto Calasso"},"content":{"rendered":"<p><strong style=\"font-weight: bold\">Una l\u00facida y erudita reflexi\u00f3n sobre la relaci\u00f3n que establecemos con los libros desde todos los puntos de vista imaginables.<span class=\"Apple-converted-space\">&nbsp;<\/span><\/strong><\/p>\n<p>\u00bfQu\u00e9 criterio presupone el ordenamiento y la disposici\u00f3n de los libros? Seg\u00fan Calasso, quien intenta ordenar su biblioteca debe reconocer y transformar el mapa mental de sus preferencias y pasiones, enfrent\u00e1ndose a sorpresas y sin esperar soluciones claras.<\/p>\n<p>Lejos de decretar un m\u00e9todo de clasificaci\u00f3n bibliogr\u00e1fica, el autor ofrece una visi\u00f3n \u00edntima y personal de la bibliofilia. Erudito y fascinante,<span class=\"Apple-converted-space\">&nbsp;<\/span><em>C\u00f3mo ordenar una biblioteca<\/em><span class=\"Apple-converted-space\">&nbsp;<\/span>es una lecci\u00f3n no solo sobre c\u00f3mo ordenar, sino sobre c\u00f3mo editar, escribir, comprar, vender y, sobre todo, leer los libros.<\/p>\n","protected":false},"excerpt":{"rendered":"<p>Una l\u00facida y erudita reflexi\u00f3n sobre la relaci\u00f3n que establecemos con los libros desde todos los puntos de vista imaginables.&nbsp; \u00bfQu\u00e9 criterio presupone el ordenamiento y la disposici\u00f3n de los libros? Seg\u00fan Calasso, quien intenta ordenar su biblioteca debe reconocer y transformar el mapa mental de sus preferencias y pasiones, enfrent\u00e1ndose a sorpresas y sin&hellip;&nbsp;<a href=\"https:\/\/www.libertocitybell.com\/?product=como-ordenas-una-bibliotecaroberto-caladso\" class=\"\" rel=\"bookmark\">Leer m\u00e1s &raquo;<span class=\"screen-reader-text\">C\u00f3mo ordenas una biblioteca<br \/>\nRoberto Calasso<\/span><\/a><\/p>\n","protected":false},"featured_media":1391,"comment_status":"open","ping_status":"closed","template":"","meta":{"_coblocks_attr":"","_coblocks_dimensions":"","_coblocks_responsive_height":"","_coblocks_accordion_ie_support":"","neve_meta_sidebar":"","neve_meta_container":"","neve_meta_enable_content_width":"","neve_meta_content_width":0,"neve_meta_title_alignment":"","neve_meta_author_avatar":"","neve_post_elements_order":"","neve_meta_disable_header":"","neve_meta_disable_footer":"","neve_meta_disable_title":"","spay_email":"","jetpack_publicize_message":"","jetpack_is_tweetstorm":false,"jetpack_publicize_feature_enabled":true},"product_cat":[18],"product_tag":[],"class_list":{"0":"post-1392","1":"product","2":"type-product","3":"status-publish","4":"has-post-thumbnail","6":"product_cat-sin-categorizar","8":"first","9":"outofstock","10":"taxable","11":"shipping-taxable","12":"purchasable","13":"product-type-simple"},"jetpack_publicize_connections":[],"_links":{"self":[{"href":"https:\/\/www.libertocitybell.com\/index.php?rest_route=\/wp\/v2\/product\/1392","targetHints":{"allow":["GET"]}}],"collection":[{"href":"https:\/\/www.libertocitybell.com\/index.php?rest_route=\/wp\/v2\/product"}],"about":[{"href":"https:\/\/www.libertocitybell.com\/index.php?rest_route=\/wp\/v2\/types\/product"}],"replies":[{"embeddable":true,"href":"https:\/\/www.libertocitybell.com\/index.php?rest_route=%2Fwp%2Fv2%2Fcomments&post=1392"}],"wp:featuredmedia":[{"embeddable":true,"href":"https:\/\/www.libertocitybell.com\/index.php?rest_route=\/wp\/v2\/media\/1391"}],"wp:attachment":[{"href":"https:\/\/www.libertocitybell.com\/index.php?rest_route=%2Fwp%2Fv2%2Fmedia&parent=1392"}],"wp:term":[{"taxonomy":"product_cat","embeddable":true,"href":"https:\/\/www.libertocitybell.com\/index.php?rest_route=%2Fwp%2Fv2%2Fproduct_cat&post=1392"},{"taxonomy":"product_tag","embeddable":true,"href":"https:\/\/www.libertocitybell.com\/index.php?rest_route=%2Fwp%2Fv2%2Fproduct_tag&post=1392"}],"curies":[{"name":"wp","href":"https:\/\/api.w.org\/{rel}","templated":true}]}}