{"id":1386,"date":"2021-11-09T09:41:22","date_gmt":"2021-11-09T12:41:22","guid":{"rendered":"https:\/\/www.libertocitybell.com\/?product=la-noche-de-tlatelolcoelena-poniatowska"},"modified":"2023-02-09T20:27:23","modified_gmt":"2023-02-09T23:27:23","slug":"la-noche-de-tlatelolcoelena-poniatowska","status":"publish","type":"product","link":"https:\/\/www.libertocitybell.com\/?product=la-noche-de-tlatelolcoelena-poniatowska","title":{"rendered":"La noche de Tlatelolco\nElena Poniatowska"},"content":{"rendered":"<p><span>El cl\u00e1sico de la cr\u00f3nica latinoamericana por primera vez en las librer\u00edas argentinas. Elena Poniatowska, la c\u00e9lebre escritora mexicana distinguida con el Premio Cervantes, da una clase magistral de periodismo y de humanidad en este libro que retrata en forma coral la vitalidad del movimiento estudiantil mexicano del a\u00f1o 1968 y el drama de la represi\u00f3n que busc\u00f3 aniquilarlo.<\/span><br \/>\n<span>De incre\u00edble actualidad, cuando el mundo entero sigue reclamando por los 43 estudiantes desaparecidos en Ayotzinapa, este libro muestra c\u00f3mo el periodismo, la literatura, la historia y la cr\u00f3nica de \u00e9poca pueden ir de la mano.<\/span><\/p>\n","protected":false},"excerpt":{"rendered":"<p>El cl\u00e1sico de la cr\u00f3nica latinoamericana por primera vez en las librer\u00edas argentinas. Elena Poniatowska, la c\u00e9lebre escritora mexicana distinguida con el Premio Cervantes, da una clase magistral de periodismo y de humanidad en este libro que retrata en forma coral la vitalidad del movimiento estudiantil mexicano del a\u00f1o 1968 y el drama de la&hellip;&nbsp;<a href=\"https:\/\/www.libertocitybell.com\/?product=la-noche-de-tlatelolcoelena-poniatowska\" class=\"\" rel=\"bookmark\">Leer m\u00e1s &raquo;<span class=\"screen-reader-text\">La noche de Tlatelolco<br \/>\nElena Poniatowska<\/span><\/a><\/p>\n","protected":false},"featured_media":1385,"comment_status":"open","ping_status":"closed","template":"","meta":{"_coblocks_attr":"","_coblocks_dimensions":"","_coblocks_responsive_height":"","_coblocks_accordion_ie_support":"","neve_meta_sidebar":"","neve_meta_container":"","neve_meta_enable_content_width":"","neve_meta_content_width":0,"neve_meta_title_alignment":"","neve_meta_author_avatar":"","neve_post_elements_order":"","neve_meta_disable_header":"","neve_meta_disable_footer":"","neve_meta_disable_title":"","spay_email":"","jetpack_publicize_message":"","jetpack_is_tweetstorm":false,"jetpack_publicize_feature_enabled":true},"product_cat":[18],"product_tag":[],"class_list":{"0":"post-1386","1":"product","2":"type-product","3":"status-publish","4":"has-post-thumbnail","6":"product_cat-sin-categorizar","8":"first","9":"outofstock","10":"taxable","11":"shipping-taxable","12":"purchasable","13":"product-type-simple"},"jetpack_publicize_connections":[],"_links":{"self":[{"href":"https:\/\/www.libertocitybell.com\/index.php?rest_route=\/wp\/v2\/product\/1386","targetHints":{"allow":["GET"]}}],"collection":[{"href":"https:\/\/www.libertocitybell.com\/index.php?rest_route=\/wp\/v2\/product"}],"about":[{"href":"https:\/\/www.libertocitybell.com\/index.php?rest_route=\/wp\/v2\/types\/product"}],"replies":[{"embeddable":true,"href":"https:\/\/www.libertocitybell.com\/index.php?rest_route=%2Fwp%2Fv2%2Fcomments&post=1386"}],"wp:featuredmedia":[{"embeddable":true,"href":"https:\/\/www.libertocitybell.com\/index.php?rest_route=\/wp\/v2\/media\/1385"}],"wp:attachment":[{"href":"https:\/\/www.libertocitybell.com\/index.php?rest_route=%2Fwp%2Fv2%2Fmedia&parent=1386"}],"wp:term":[{"taxonomy":"product_cat","embeddable":true,"href":"https:\/\/www.libertocitybell.com\/index.php?rest_route=%2Fwp%2Fv2%2Fproduct_cat&post=1386"},{"taxonomy":"product_tag","embeddable":true,"href":"https:\/\/www.libertocitybell.com\/index.php?rest_route=%2Fwp%2Fv2%2Fproduct_tag&post=1386"}],"curies":[{"name":"wp","href":"https:\/\/api.w.org\/{rel}","templated":true}]}}