{"id":1382,"date":"2021-11-08T15:20:30","date_gmt":"2021-11-08T18:20:30","guid":{"rendered":"https:\/\/www.libertocitybell.com\/?product=el-palabritaborges-visto-y-oido-esteban-peicovich"},"modified":"2023-02-09T20:06:50","modified_gmt":"2023-02-09T23:06:50","slug":"el-palabritaborges-visto-y-oido-esteban-peicovich","status":"publish","type":"product","link":"https:\/\/www.libertocitybell.com\/?product=el-palabritaborges-visto-y-oido-esteban-peicovich","title":{"rendered":"El palabrista\nBorges visto y o\u00eddo \nEsteban Peicovich"},"content":{"rendered":"<p><span>Un homenaje al m\u00e1s grande escritor argentino: el periodista Esteban Peicovich recoge en El palabrista el Borges que conoci\u00f3 en numerosas entrevistas y a trav\u00e9s de los medios.<\/span><\/p>\n<p><span>\u201c\u00bfNo es este el libro que Borges dej\u00f3 colgado en el aire para que alguien lo robara? El ladr\u00f3n he sido yo\u201d. Esteban Peicovich acepta el juego de ir a buscar ese libro suspendido del azar, despertarlo y darlo a leer. El resultado es el rescate de este Borges oral que nos iban robando el tiempo y el olvido. El Borges prism\u00e1tico y bab\u00e9lico que lo cotidiano fue disolviendo en peri\u00f3dicos, revistas, charlas, reportajes.<\/span><br \/>\n<span>Lo borgeano que el periodismo recogi\u00f3 entre el apuro y la costumbre. Lo permanente impreso en lo ef\u00edmero y que, trat\u00e1ndose de Borges, no merec\u00eda hibernar en la melancol\u00eda de las hemerotecas.<\/span><br \/>\n<span>Las reflexiones sobre temas eternos como la muerte, la literatura, el amor o el tiempo se alternan, como en la vida, con afirmaciones temerarias contra sus enemigos pol\u00edticos y con observaciones cotidianas. Este es el Borges personal que Peicovich \u2013periodista y poeta de extensa y prestigiosa trayectoria\u2013 dibuja con trazos gruesos y finos, precisos y sueltos, exquisitos y a veces brutales. Pero siempre \u00fanicos y a salvo del olvido.<\/span><\/p>\n","protected":false},"excerpt":{"rendered":"<p>Un homenaje al m\u00e1s grande escritor argentino: el periodista Esteban Peicovich recoge en El palabrista el Borges que conoci\u00f3 en numerosas entrevistas y a trav\u00e9s de los medios. \u201c\u00bfNo es este el libro que Borges dej\u00f3 colgado en el aire para que alguien lo robara? El ladr\u00f3n he sido yo\u201d. Esteban Peicovich acepta el juego&hellip;&nbsp;<a href=\"https:\/\/www.libertocitybell.com\/?product=el-palabritaborges-visto-y-oido-esteban-peicovich\" class=\"\" rel=\"bookmark\">Leer m\u00e1s &raquo;<span class=\"screen-reader-text\">El palabrista<br \/>\nBorges visto y o\u00eddo<br \/>\nEsteban Peicovich<\/span><\/a><\/p>\n","protected":false},"featured_media":1381,"comment_status":"open","ping_status":"closed","template":"","meta":{"_coblocks_attr":"","_coblocks_dimensions":"","_coblocks_responsive_height":"","_coblocks_accordion_ie_support":"","neve_meta_sidebar":"","neve_meta_container":"","neve_meta_enable_content_width":"","neve_meta_content_width":0,"neve_meta_title_alignment":"","neve_meta_author_avatar":"","neve_post_elements_order":"","neve_meta_disable_header":"","neve_meta_disable_footer":"","neve_meta_disable_title":"","spay_email":"","jetpack_publicize_message":"","jetpack_is_tweetstorm":false,"jetpack_publicize_feature_enabled":true},"product_cat":[18],"product_tag":[],"class_list":{"0":"post-1382","1":"product","2":"type-product","3":"status-publish","4":"has-post-thumbnail","6":"product_cat-sin-categorizar","8":"first","9":"outofstock","10":"taxable","11":"shipping-taxable","12":"purchasable","13":"product-type-simple"},"jetpack_publicize_connections":[],"_links":{"self":[{"href":"https:\/\/www.libertocitybell.com\/index.php?rest_route=\/wp\/v2\/product\/1382","targetHints":{"allow":["GET"]}}],"collection":[{"href":"https:\/\/www.libertocitybell.com\/index.php?rest_route=\/wp\/v2\/product"}],"about":[{"href":"https:\/\/www.libertocitybell.com\/index.php?rest_route=\/wp\/v2\/types\/product"}],"replies":[{"embeddable":true,"href":"https:\/\/www.libertocitybell.com\/index.php?rest_route=%2Fwp%2Fv2%2Fcomments&post=1382"}],"wp:featuredmedia":[{"embeddable":true,"href":"https:\/\/www.libertocitybell.com\/index.php?rest_route=\/wp\/v2\/media\/1381"}],"wp:attachment":[{"href":"https:\/\/www.libertocitybell.com\/index.php?rest_route=%2Fwp%2Fv2%2Fmedia&parent=1382"}],"wp:term":[{"taxonomy":"product_cat","embeddable":true,"href":"https:\/\/www.libertocitybell.com\/index.php?rest_route=%2Fwp%2Fv2%2Fproduct_cat&post=1382"},{"taxonomy":"product_tag","embeddable":true,"href":"https:\/\/www.libertocitybell.com\/index.php?rest_route=%2Fwp%2Fv2%2Fproduct_tag&post=1382"}],"curies":[{"name":"wp","href":"https:\/\/api.w.org\/{rel}","templated":true}]}}