{"id":137,"date":"2020-10-05T15:37:17","date_gmt":"2020-10-05T18:37:17","guid":{"rendered":"http:\/\/www.libertocitybell.com\/?post_type=product&#038;p=137"},"modified":"2023-02-09T16:27:53","modified_gmt":"2023-02-09T19:27:53","slug":"el-hechicero-vladimir-nabokov","status":"publish","type":"product","link":"https:\/\/www.libertocitybell.com\/?product=el-hechicero-vladimir-nabokov","title":{"rendered":"El hechicero &#8211; Vladimir Nabokov"},"content":{"rendered":"<p><em>El hechicero<\/em>, que fue calificada por Nabokov como \u00abla primera palpitaci\u00f3n de\u00a0<em>Lolita<\/em>\u00bb, cuenta tambi\u00e9n, en efecto, una historia de paidofilia, pero con un enfoque, un desarrollo y una intensidad peculiares, y tan extraordinarios como los de la novela que hizo mundialmente famoso a su autor. El protagonista es aqu\u00ed un caballero de posici\u00f3n acomodada, atormentado por los interrogantes que le plantean sus inclinaciones er\u00f3ticas, se enamora un d\u00eda de una ni\u00f1a de doce a\u00f1os a la que conoce por casualidad en los jardines de una gran ciudad europea. Incapaz de contener sus impulsos, el caballero decide acercarse a la ni\u00f1a cas\u00e1ndose con su madre, una viuda cuyo estado de salud ofrece serias dudas.<\/p>\n<p>Tan metaf\u00f3rico como siempre, pero m\u00e1s expl\u00edcito que nunca en las escenas er\u00f3ticas, este nuevo Nabokov nos muestra al gran escritor en plena posesi\u00f3n \u2014en pleno disfrute, habr\u00eda que decir\u2014 de su talento creador, calibrando matices, midiendo efectos, mezclando astutamente lo tr\u00e1gico y lo c\u00f3mico, el horror del pecado y el picante de la farsa, construyendo una trama perfecta, arrastrando al lector y cautiv\u00e1ndole con el hechizo y la magia de las palabras.<\/p>\n","protected":false},"excerpt":{"rendered":"<p>El hechicero, que fue calificada por Nabokov como \u00abla primera palpitaci\u00f3n de\u00a0Lolita\u00bb, cuenta tambi\u00e9n, en efecto, una historia de paidofilia, pero con un enfoque, un desarrollo y una intensidad peculiares, y tan extraordinarios como los de la novela que hizo mundialmente famoso a su autor. El protagonista es aqu\u00ed un caballero de posici\u00f3n acomodada, atormentado&hellip;&nbsp;<a href=\"https:\/\/www.libertocitybell.com\/?product=el-hechicero-vladimir-nabokov\" class=\"\" rel=\"bookmark\">Leer m\u00e1s &raquo;<span class=\"screen-reader-text\">El hechicero &#8211; Vladimir Nabokov<\/span><\/a><\/p>\n","protected":false},"featured_media":139,"comment_status":"open","ping_status":"closed","template":"","meta":{"_coblocks_attr":"","_coblocks_dimensions":"","_coblocks_responsive_height":"","_coblocks_accordion_ie_support":"","neve_meta_sidebar":"","neve_meta_container":"","neve_meta_enable_content_width":"off","neve_meta_content_width":0,"neve_meta_title_alignment":"","neve_meta_author_avatar":"","neve_post_elements_order":"","neve_meta_disable_header":"","neve_meta_disable_footer":"","neve_meta_disable_title":"","spay_email":"","jetpack_publicize_message":"","jetpack_is_tweetstorm":false,"jetpack_publicize_feature_enabled":true},"product_cat":[20],"product_tag":[],"class_list":{"0":"post-137","1":"product","2":"type-product","3":"status-publish","4":"has-post-thumbnail","6":"product_cat-narrativa-internacional","8":"first","9":"outofstock","10":"taxable","11":"shipping-taxable","12":"purchasable","13":"product-type-simple"},"jetpack_publicize_connections":[],"_links":{"self":[{"href":"https:\/\/www.libertocitybell.com\/index.php?rest_route=\/wp\/v2\/product\/137","targetHints":{"allow":["GET"]}}],"collection":[{"href":"https:\/\/www.libertocitybell.com\/index.php?rest_route=\/wp\/v2\/product"}],"about":[{"href":"https:\/\/www.libertocitybell.com\/index.php?rest_route=\/wp\/v2\/types\/product"}],"replies":[{"embeddable":true,"href":"https:\/\/www.libertocitybell.com\/index.php?rest_route=%2Fwp%2Fv2%2Fcomments&post=137"}],"wp:featuredmedia":[{"embeddable":true,"href":"https:\/\/www.libertocitybell.com\/index.php?rest_route=\/wp\/v2\/media\/139"}],"wp:attachment":[{"href":"https:\/\/www.libertocitybell.com\/index.php?rest_route=%2Fwp%2Fv2%2Fmedia&parent=137"}],"wp:term":[{"taxonomy":"product_cat","embeddable":true,"href":"https:\/\/www.libertocitybell.com\/index.php?rest_route=%2Fwp%2Fv2%2Fproduct_cat&post=137"},{"taxonomy":"product_tag","embeddable":true,"href":"https:\/\/www.libertocitybell.com\/index.php?rest_route=%2Fwp%2Fv2%2Fproduct_tag&post=137"}],"curies":[{"name":"wp","href":"https:\/\/api.w.org\/{rel}","templated":true}]}}