{"id":1363,"date":"2021-10-22T16:49:08","date_gmt":"2021-10-22T19:49:08","guid":{"rendered":"https:\/\/www.libertocitybell.com\/?product=la-agonia-del-eros-byung-chul-han"},"modified":"2023-02-09T20:11:38","modified_gmt":"2023-02-09T23:11:38","slug":"la-agonia-del-eros-byung-chul-han","status":"publish","type":"product","link":"https:\/\/www.libertocitybell.com\/?product=la-agonia-del-eros-byung-chul-han","title":{"rendered":"La agon\u00eda del Eros \nByung- Chul Han"},"content":{"rendered":"<p><span>La proclamaci\u00f3n neoliberal de la libertad se manifiesta en realidad como un imperativo parad\u00f3jico: s\u00e9 libre. Domina una econom\u00eda de la supervivencia en la que cada uno es su propio empresario. El neoliberalismo, con sus desinhibidos impulsos narcisistas del yo y del rendimiento, es el infierno de lo igual, una sociedad de la depresi\u00f3n y el cansancio compuesta por sujetos aislados.&nbsp;<\/span><br \/>\n<span>Los muros y las fronteras ya no excitan la fantas\u00eda, pues no engendran al otro. Dado que el Eros se dirige a ese otro, el capitalismo elimina la alteridad para someterlo todo al consumo: la exposici\u00f3n como mercanc\u00eda intensifica lo pornogr\u00e1fico, pues no conoce ning\u00fan otro uso de la sexualidad. Desaparece as\u00ed la experiencia er\u00f3tica. La crisis actual del arte, y tambi\u00e9n de la literatura, puede atribuirse a esta desaparici\u00f3n del otro, a la agon\u00eda del Eros.<\/span><\/p>\n","protected":false},"excerpt":{"rendered":"<p>La proclamaci\u00f3n neoliberal de la libertad se manifiesta en realidad como un imperativo parad\u00f3jico: s\u00e9 libre. Domina una econom\u00eda de la supervivencia en la que cada uno es su propio empresario. El neoliberalismo, con sus desinhibidos impulsos narcisistas del yo y del rendimiento, es el infierno de lo igual, una sociedad de la depresi\u00f3n y&hellip;&nbsp;<a href=\"https:\/\/www.libertocitybell.com\/?product=la-agonia-del-eros-byung-chul-han\" class=\"\" rel=\"bookmark\">Leer m\u00e1s &raquo;<span class=\"screen-reader-text\">La agon\u00eda del Eros<br \/>\nByung- Chul Han<\/span><\/a><\/p>\n","protected":false},"featured_media":1362,"comment_status":"open","ping_status":"closed","template":"","meta":{"_coblocks_attr":"","_coblocks_dimensions":"","_coblocks_responsive_height":"","_coblocks_accordion_ie_support":"","neve_meta_sidebar":"","neve_meta_container":"","neve_meta_enable_content_width":"","neve_meta_content_width":0,"neve_meta_title_alignment":"","neve_meta_author_avatar":"","neve_post_elements_order":"","neve_meta_disable_header":"","neve_meta_disable_footer":"","neve_meta_disable_title":"","spay_email":"","jetpack_publicize_message":"","jetpack_is_tweetstorm":false,"jetpack_publicize_feature_enabled":true},"product_cat":[49],"product_tag":[],"class_list":{"0":"post-1363","1":"product","2":"type-product","3":"status-publish","4":"has-post-thumbnail","6":"product_cat-filosofia","8":"first","9":"outofstock","10":"taxable","11":"shipping-taxable","12":"purchasable","13":"product-type-simple"},"jetpack_publicize_connections":[],"_links":{"self":[{"href":"https:\/\/www.libertocitybell.com\/index.php?rest_route=\/wp\/v2\/product\/1363","targetHints":{"allow":["GET"]}}],"collection":[{"href":"https:\/\/www.libertocitybell.com\/index.php?rest_route=\/wp\/v2\/product"}],"about":[{"href":"https:\/\/www.libertocitybell.com\/index.php?rest_route=\/wp\/v2\/types\/product"}],"replies":[{"embeddable":true,"href":"https:\/\/www.libertocitybell.com\/index.php?rest_route=%2Fwp%2Fv2%2Fcomments&post=1363"}],"wp:featuredmedia":[{"embeddable":true,"href":"https:\/\/www.libertocitybell.com\/index.php?rest_route=\/wp\/v2\/media\/1362"}],"wp:attachment":[{"href":"https:\/\/www.libertocitybell.com\/index.php?rest_route=%2Fwp%2Fv2%2Fmedia&parent=1363"}],"wp:term":[{"taxonomy":"product_cat","embeddable":true,"href":"https:\/\/www.libertocitybell.com\/index.php?rest_route=%2Fwp%2Fv2%2Fproduct_cat&post=1363"},{"taxonomy":"product_tag","embeddable":true,"href":"https:\/\/www.libertocitybell.com\/index.php?rest_route=%2Fwp%2Fv2%2Fproduct_tag&post=1363"}],"curies":[{"name":"wp","href":"https:\/\/api.w.org\/{rel}","templated":true}]}}